{"id":8236,"date":"2026-02-04T19:32:41","date_gmt":"2026-02-04T18:32:41","guid":{"rendered":"https:\/\/dvorak.beautedelamer.cz\/cesky-krumlov\/"},"modified":"2026-02-24T17:48:48","modified_gmt":"2026-02-24T16:48:48","slug":"cesky-krumlov","status":"publish","type":"page","link":"https:\/\/hoteldvorak.com\/de\/cesky-krumlov\/","title":{"rendered":"\u010cesk\u00fd Krumlov"},"content":{"rendered":"\t\t<div data-elementor-type=\"wp-page\" data-elementor-id=\"8236\" class=\"elementor elementor-8236\" data-elementor-post-type=\"page\">\n\t\t\t\t<div class=\"elementor-element elementor-element-3adfd25 e-flex e-con-boxed e-con e-parent\" data-id=\"3adfd25\" data-element_type=\"container\" data-e-type=\"container\">\n\t\t\t\t\t<div class=\"e-con-inner\">\n\t\t\t\t<div class=\"elementor-element elementor-element-cd8b9d7 elementor-widget elementor-widget-heading\" data-id=\"cd8b9d7\" data-element_type=\"widget\" data-e-type=\"widget\" data-widget_type=\"heading.default\">\n\t\t\t\t\t<h2 class=\"elementor-heading-title elementor-size-default\">\u010cesk\u00fd Krumlov \u2013 eine historische Stadt voller Sehensw\u00fcrdigkeiten, Erlebnisse und einzigartiger Atmosph\u00e4re<\/h2>\t\t\t\t<\/div>\n\t\t\t\t\t<\/div>\n\t\t\t\t<\/div>\n\t\t<div class=\"elementor-element elementor-element-131e921 e-flex e-con-boxed e-con e-parent\" data-id=\"131e921\" data-element_type=\"container\" data-e-type=\"container\">\n\t\t\t\t\t<div class=\"e-con-inner\">\n\t\t<div class=\"elementor-element elementor-element-24083fa e-con-full e-flex e-con e-child\" data-id=\"24083fa\" data-element_type=\"container\" data-e-type=\"container\">\n\t\t\t\t<div class=\"elementor-element elementor-element-0805075 elementor-widget elementor-widget-text-editor\" data-id=\"0805075\" data-element_type=\"widget\" data-e-type=\"widget\" data-widget_type=\"text-editor.default\">\n\t\t\t\t\t\t\t\t\t<p>\u010cesk\u00fd Krumlov z\u00e4hlt zu den meistbesuchten historischen St\u00e4dten Tschechiens und steht zu Recht auf der UNESCO\u2011Welterbeliste. Die malerische Stadt in S\u00fcdb\u00f6hmen begeistert Besucher aus aller Welt mit ihrer hervorragend erhaltenen Architektur, ihrer reichen Geschichte und ihrer unverwechselbaren Atmosph\u00e4re.<\/p>\t\t\t\t\t\t\t\t<\/div>\n\t\t\t\t<\/div>\n\t\t<div class=\"elementor-element elementor-element-9b24d1a e-con-full e-flex e-con e-child\" data-id=\"9b24d1a\" data-element_type=\"container\" data-e-type=\"container\">\n\t\t\t\t<div class=\"elementor-element elementor-element-cb2a82c elementor-widget elementor-widget-text-editor\" data-id=\"cb2a82c\" data-element_type=\"widget\" data-e-type=\"widget\" data-widget_type=\"text-editor.default\">\n\t\t\t\t\t\t\t\t\t<p data-start=\"351\" data-end=\"760\">Die Altstadt, umschlossen von einer Flussschleife der Moldau, wirkt wie ein lebendiges Freilichtmuseum, in dem sich Vergangenheit und Gegenwart ganz nat\u00fcrlich verbinden.<\/p>\t\t\t\t\t\t\t\t<\/div>\n\t\t\t\t<\/div>\n\t\t\t\t\t<\/div>\n\t\t\t\t<\/div>\n\t\t<div class=\"elementor-element elementor-element-e7c6114 e-flex e-con-boxed e-con e-parent\" data-id=\"e7c6114\" data-element_type=\"container\" data-e-type=\"container\">\n\t\t\t\t\t<div class=\"e-con-inner\">\n\t\t<div class=\"elementor-element elementor-element-bcf9fcd e-con-full e-flex e-con e-child\" data-id=\"bcf9fcd\" data-element_type=\"container\" data-e-type=\"container\">\n\t\t\t\t<div class=\"elementor-element elementor-element-f23adc3 elementor-widget elementor-widget-text-editor\" data-id=\"f23adc3\" data-element_type=\"widget\" data-e-type=\"widget\" data-widget_type=\"text-editor.default\">\n\t\t\t\t\t\t\t\t\t<p data-start=\"793\" data-end=\"1125\">Die Gr\u00fcndung der Stadt geht auf das 13. Jahrhundert zur\u00fcck, als hier eine Burg als Sitz des Adelsgeschlechts der Witigonen (V\u00edtkovci) errichtet wurde. Seine gr\u00f6\u00dfte Bl\u00fcte erlebte \u010cesk\u00fd Krumlov unter der Herrschaft der Rosenberger, die daraus ein bedeutendes kulturelles und wirtschaftliches Zentrum S\u00fcdb\u00f6hmens machten. Aus dieser Zeit stammt auch das charakteristische Stadtbild, das bis heute erhalten geblieben ist.<\/p>\t\t\t\t\t\t\t\t<\/div>\n\t\t\t\t<\/div>\n\t\t\t\t<div class=\"elementor-element elementor-element-86d63fd elementor-widget elementor-widget-heading\" data-id=\"86d63fd\" data-element_type=\"widget\" data-e-type=\"widget\" data-widget_type=\"heading.default\">\n\t\t\t\t\t<h2 class=\"elementor-heading-title elementor-size-default\">Geschichte von \u010cesk\u00fd Krumlov<\/h2>\t\t\t\t<\/div>\n\t\t<div class=\"elementor-element elementor-element-c942420 e-con-full e-flex e-con e-child\" data-id=\"c942420\" data-element_type=\"container\" data-e-type=\"container\">\n\t\t\t\t<div class=\"elementor-element elementor-element-bfb5f79 elementor-widget elementor-widget-text-editor\" data-id=\"bfb5f79\" data-element_type=\"widget\" data-e-type=\"widget\" data-widget_type=\"text-editor.default\">\n\t\t\t\t\t\t\t\t\t<p data-start=\"351\" data-end=\"760\">Nach den Rosenbergern \u00fcbernahmen die Eggenberger und sp\u00e4ter die Schwarzenberger die Verwaltung der Stadt und setzten ihre Entwicklung fort. Trotz der schwierigen Ereignisse des 20. Jahrhunderts konnte \u010cesk\u00fd Krumlov seine historische Struktur und seinen authentischen Charakter bewahren und z\u00e4hlt heute zu den am besten erhaltenen historischen St\u00e4dten Mitteleuropas.<\/p>\t\t\t\t\t\t\t\t<\/div>\n\t\t\t\t<\/div>\n\t\t\t\t\t<\/div>\n\t\t\t\t<\/div>\n\t\t<div class=\"elementor-element elementor-element-88f7a1f e-flex e-con-boxed e-con e-parent\" data-id=\"88f7a1f\" data-element_type=\"container\" data-e-type=\"container\">\n\t\t\t\t\t<div class=\"e-con-inner\">\n\t\t<div class=\"elementor-element elementor-element-b559a71 e-con-full e-flex e-con e-child\" data-id=\"b559a71\" data-element_type=\"container\" data-e-type=\"container\" data-settings=\"{&quot;background_background&quot;:&quot;classic&quot;}\">\n\t\t\t\t<\/div>\n\t\t<div class=\"elementor-element elementor-element-f87825c e-con-full e-flex e-con e-child\" data-id=\"f87825c\" data-element_type=\"container\" data-e-type=\"container\">\n\t\t\t\t<div class=\"elementor-element elementor-element-24ce061 elementor-widget elementor-widget-heading\" data-id=\"24ce061\" data-element_type=\"widget\" data-e-type=\"widget\" data-widget_type=\"heading.default\">\n\t\t\t\t\t<h2 class=\"elementor-heading-title elementor-size-default\">Die Moldau und aktive Erlebnisse<\/h2>\t\t\t\t<\/div>\n\t\t\t\t<div class=\"elementor-element elementor-element-d189284 elementor-widget elementor-widget-text-editor\" data-id=\"d189284\" data-element_type=\"widget\" data-e-type=\"widget\" data-widget_type=\"text-editor.default\">\n\t\t\t\t\t\t\t\t\t<p data-start=\"2090\" data-end=\"2445\">Die Moldau ist ein untrennbarer Bestandteil von \u010cesk\u00fd Krumlov und pr\u00e4gt seinen Charakter ma\u00dfgeblich. In der Sommersaison geh\u00f6rt die Stadt zu den beliebtesten Zielen f\u00fcr Paddler, die den einmaligen Blick auf die Altstadt direkt vom Wasser aus genie\u00dfen k\u00f6nnen. F\u00fcr weniger aktive Besucher eignen sich Spazierg\u00e4nge entlang der Ufer oder ein Besuch in einem Caf\u00e9 mit Blick auf den Fluss.<\/p>\t\t\t\t\t\t\t\t<\/div>\n\t\t\t\t<\/div>\n\t\t\t\t\t<\/div>\n\t\t\t\t<\/div>\n\t\t<div class=\"elementor-element elementor-element-e5976ad e-flex e-con-boxed e-con e-parent\" data-id=\"e5976ad\" data-element_type=\"container\" data-e-type=\"container\">\n\t\t\t\t\t<div class=\"e-con-inner\">\n\t\t<div class=\"elementor-element elementor-element-de1f1cf e-con-full e-flex e-con e-child\" data-id=\"de1f1cf\" data-element_type=\"container\" data-e-type=\"container\">\n\t\t\t\t<div class=\"elementor-element elementor-element-93e724d elementor-widget elementor-widget-heading\" data-id=\"93e724d\" data-element_type=\"widget\" data-e-type=\"widget\" data-widget_type=\"heading.default\">\n\t\t\t\t\t<h2 class=\"elementor-heading-title elementor-size-default\">Kulturleben und Sehensw\u00fcrdigkeiten<\/h2>\t\t\t\t<\/div>\n\t\t\t\t<div class=\"elementor-element elementor-element-b78e80b elementor-widget elementor-widget-text-editor\" data-id=\"b78e80b\" data-element_type=\"widget\" data-e-type=\"widget\" data-widget_type=\"text-editor.default\">\n\t\t\t\t\t\t\t\t\t<p data-start=\"2090\" data-end=\"2445\">\u010cesk\u00fd Krumlov lebt das ganze Jahr \u00fcber von Kultur. Es finden Musikfestivals, Theaterauff\u00fchrungen, historische Feste und traditionelle M\u00e4rkte statt. Die historischen Kulissen der Stadt verleihen jeder Veranstaltung eine besondere Atmosph\u00e4re.<\/p>\t\t\t\t\t\t\t\t<\/div>\n\t\t\t\t<div class=\"elementor-element elementor-element-4285f21 elementor-widget elementor-widget-text-editor\" data-id=\"4285f21\" data-element_type=\"widget\" data-e-type=\"widget\" data-widget_type=\"text-editor.default\">\n\t\t\t\t\t\t\t\t\t<p data-start=\"2090\" data-end=\"2445\">Zu den Besonderheiten z\u00e4hlen der Schloss\u2011B\u00e4rengraben, der seit Jahrhunderten Teil des Areals ist, sowie die einzigartige Stadtstruktur, die durch die Lage in einer engen Flussschleife entstanden ist.<\/p>\t\t\t\t\t\t\t\t<\/div>\n\t\t\t\t<\/div>\n\t\t<div class=\"elementor-element elementor-element-5bfe8ec e-con-full e-flex e-con e-child\" data-id=\"5bfe8ec\" data-element_type=\"container\" data-e-type=\"container\" data-settings=\"{&quot;background_background&quot;:&quot;classic&quot;}\">\n\t\t\t\t<\/div>\n\t\t\t\t\t<\/div>\n\t\t\t\t<\/div>\n\t\t\t\t<\/div>\n\t\t","protected":false},"excerpt":{"rendered":"<p>\u010cesk\u00fd Krumlov \u2013 eine historische Stadt voller Sehensw\u00fcrdigkeiten, Erlebnisse und einzigartiger Atmosph\u00e4re \u010cesk\u00fd Krumlov z\u00e4hlt zu den meistbesuchten historischen St\u00e4dten Tschechiens und steht zu Recht auf der UNESCO\u2011Welterbeliste. Die malerische Stadt in S\u00fcdb\u00f6hmen begeistert Besucher aus aller Welt mit ihrer hervorragend erhaltenen Architektur, ihrer reichen Geschichte und ihrer unverwechselbaren Atmosph\u00e4re. Die Altstadt, umschlossen von einer [&hellip;]<\/p>\n","protected":false},"author":1,"featured_media":0,"parent":0,"menu_order":0,"comment_status":"closed","ping_status":"closed","template":"","meta":{"_acf_changed":false,"footnotes":""},"class_list":["post-8236","page","type-page","status-publish","hentry"],"acf":[],"_links":{"self":[{"href":"https:\/\/hoteldvorak.com\/de\/wp-json\/wp\/v2\/pages\/8236","targetHints":{"allow":["GET"]}}],"collection":[{"href":"https:\/\/hoteldvorak.com\/de\/wp-json\/wp\/v2\/pages"}],"about":[{"href":"https:\/\/hoteldvorak.com\/de\/wp-json\/wp\/v2\/types\/page"}],"author":[{"embeddable":true,"href":"https:\/\/hoteldvorak.com\/de\/wp-json\/wp\/v2\/users\/1"}],"replies":[{"embeddable":true,"href":"https:\/\/hoteldvorak.com\/de\/wp-json\/wp\/v2\/comments?post=8236"}],"version-history":[{"count":1,"href":"https:\/\/hoteldvorak.com\/de\/wp-json\/wp\/v2\/pages\/8236\/revisions"}],"predecessor-version":[{"id":8238,"href":"https:\/\/hoteldvorak.com\/de\/wp-json\/wp\/v2\/pages\/8236\/revisions\/8238"}],"wp:attachment":[{"href":"https:\/\/hoteldvorak.com\/de\/wp-json\/wp\/v2\/media?parent=8236"}],"curies":[{"name":"wp","href":"https:\/\/api.w.org\/{rel}","templated":true}]}}