{"id":8263,"date":"2022-04-26T01:46:12","date_gmt":"2022-04-25T23:46:12","guid":{"rendered":"https:\/\/dvorak.beautedelamer.cz\/gruppen\/"},"modified":"2026-04-26T15:03:48","modified_gmt":"2026-04-26T13:03:48","slug":"gruppen","status":"publish","type":"page","link":"https:\/\/hoteldvorak.com\/de\/gruppen\/","title":{"rendered":"Gruppen"},"content":{"rendered":"\t\t<div data-elementor-type=\"wp-page\" data-elementor-id=\"8263\" class=\"elementor elementor-8263\" data-elementor-post-type=\"page\">\n\t\t\t\t\t\t<section class=\"elementor-section elementor-top-section elementor-element elementor-element-7813041 elementor-section-stretched elementor-section-boxed elementor-section-height-default elementor-section-height-default\" data-id=\"7813041\" data-element_type=\"section\" data-e-type=\"section\" data-settings=\"{&quot;stretch_section&quot;:&quot;section-stretched&quot;}\">\n\t\t\t\t\t\t<div class=\"elementor-container elementor-column-gap-no\">\n\t\t\t\t\t<div class=\"elementor-column elementor-col-50 elementor-top-column elementor-element elementor-element-2bce49f\" data-id=\"2bce49f\" data-element_type=\"column\" data-e-type=\"column\">\n\t\t\t<div class=\"elementor-widget-wrap\">\n\t\t\t\t\t\t\t<\/div>\n\t\t<\/div>\n\t\t\t\t<div class=\"elementor-column elementor-col-50 elementor-top-column elementor-element elementor-element-44db302\" data-id=\"44db302\" data-element_type=\"column\" data-e-type=\"column\" data-settings=\"{&quot;background_background&quot;:&quot;classic&quot;}\">\n\t\t\t<div class=\"elementor-widget-wrap elementor-element-populated\">\n\t\t\t\t\t\t<div class=\"elementor-element elementor-element-ab4b45a elementor-widget elementor-widget-spacer\" data-id=\"ab4b45a\" data-element_type=\"widget\" data-e-type=\"widget\" data-widget_type=\"spacer.default\">\n\t\t\t\t\t\t\t<div class=\"elementor-spacer\">\n\t\t\t<div class=\"elementor-spacer-inner\"><\/div>\n\t\t<\/div>\n\t\t\t\t\t\t<\/div>\n\t\t\t\t\t<\/div>\n\t\t<\/div>\n\t\t\t\t\t<\/div>\n\t\t<\/section>\n\t\t\t\t<section class=\"elementor-section elementor-top-section elementor-element elementor-element-47debb9 elementor-section-stretched elementor-section-boxed elementor-section-height-default elementor-section-height-default\" data-id=\"47debb9\" data-element_type=\"section\" data-e-type=\"section\" data-settings=\"{&quot;stretch_section&quot;:&quot;section-stretched&quot;}\">\n\t\t\t\t\t\t<div class=\"elementor-container elementor-column-gap-no\">\n\t\t\t\t\t<div class=\"elementor-column elementor-col-50 elementor-top-column elementor-element elementor-element-0d81df6\" data-id=\"0d81df6\" data-element_type=\"column\" data-e-type=\"column\" data-settings=\"{&quot;background_background&quot;:&quot;classic&quot;}\">\n\t\t\t<div class=\"elementor-widget-wrap elementor-element-populated\">\n\t\t\t\t\t\t<div class=\"elementor-element elementor-element-1fcf06a elementor-widget elementor-widget-heading\" data-id=\"1fcf06a\" data-element_type=\"widget\" data-e-type=\"widget\" data-widget_type=\"heading.default\">\n\t\t\t\t\t<h2 class=\"elementor-heading-title elementor-size-default\">Zusammenarbeit<\/h2>\t\t\t\t<\/div>\n\t\t\t\t<section class=\"elementor-section elementor-inner-section elementor-element elementor-element-22ad186 elementor-section-full_width elementor-section-height-default elementor-section-height-default\" data-id=\"22ad186\" data-element_type=\"section\" data-e-type=\"section\">\n\t\t\t\t\t\t<div class=\"elementor-container elementor-column-gap-no\">\n\t\t\t\t\t<div class=\"elementor-column elementor-col-50 elementor-inner-column elementor-element elementor-element-1413b05\" data-id=\"1413b05\" data-element_type=\"column\" data-e-type=\"column\">\n\t\t\t<div class=\"elementor-widget-wrap elementor-element-populated\">\n\t\t\t\t\t\t<div class=\"elementor-element elementor-element-fa5de79 elementor-widget elementor-widget-text-editor\" data-id=\"fa5de79\" data-element_type=\"widget\" data-e-type=\"widget\" data-widget_type=\"text-editor.default\">\n\t\t\t\t\t\t\t\t\t<p>Im Hotel Dvo\u0159\u00e1k pflegen wir gerne langfristige Kooperationen mit Partnern, die G\u00e4ste nach \u010cesk\u00fd Krumlov bringen \u2013 f\u00fcr Erlebnisse, Kultur und Erholung. Mit Gruppen und organisierten Aufenthalten haben wir viel Erfahrung und wissen, dass jedes Programm anders ist \u2013 deshalb l\u00f6sen wir alles <strong data-start=\"475\" data-end=\"491\">individuell<\/strong>, je nach Termin, Personenzahl und gew\u00fcnschtem Serviceniveau.<\/p>\t\t\t\t\t\t\t\t<\/div>\n\t\t\t\t<div class=\"elementor-element elementor-element-b36f7dc elementor-widget elementor-widget-text-editor\" data-id=\"b36f7dc\" data-element_type=\"widget\" data-e-type=\"widget\" data-widget_type=\"text-editor.default\">\n\t\t\t\t\t\t\t\t\t<p>Am Ende der Seite finden Sie ein Formular, \u00fcber das Sie uns die wichtigsten Informationen senden \u2013 wir melden uns mit einem Vorschlag und m\u00f6glichen Optionen.<\/p>\t\t\t\t\t\t\t\t<\/div>\n\t\t\t\t\t<\/div>\n\t\t<\/div>\n\t\t\t\t<div class=\"elementor-column elementor-col-50 elementor-inner-column elementor-element elementor-element-36c5aa7\" data-id=\"36c5aa7\" data-element_type=\"column\" data-e-type=\"column\">\n\t\t\t<div class=\"elementor-widget-wrap\">\n\t\t\t\t\t\t\t<\/div>\n\t\t<\/div>\n\t\t\t\t\t<\/div>\n\t\t<\/section>\n\t\t\t\t\t<\/div>\n\t\t<\/div>\n\t\t\t\t<div class=\"elementor-column elementor-col-50 elementor-top-column elementor-element elementor-element-c7a4453\" data-id=\"c7a4453\" data-element_type=\"column\" data-e-type=\"column\">\n\t\t\t<div class=\"elementor-widget-wrap\">\n\t\t\t\t\t\t\t<\/div>\n\t\t<\/div>\n\t\t\t\t\t<\/div>\n\t\t<\/section>\n\t\t<div class=\"elementor-element elementor-element-9f01276 e-flex e-con-boxed e-con e-parent\" data-id=\"9f01276\" data-element_type=\"container\" data-e-type=\"container\">\n\t\t\t\t\t<div class=\"e-con-inner\">\n\t\t<div class=\"elementor-element elementor-element-337bd5f e-grid e-con-full e-con e-child\" data-id=\"337bd5f\" data-element_type=\"container\" data-e-type=\"container\">\n\t\t\t\t<div class=\"elementor-element elementor-element-3cfeb49 elementor-widget elementor-widget-heading\" data-id=\"3cfeb49\" data-element_type=\"widget\" data-e-type=\"widget\" data-widget_type=\"heading.default\">\n\t\t\t\t\t<h2 class=\"elementor-heading-title elementor-size-default\">F\u00fcr Reiseb\u00fcros<\/h2>\t\t\t\t<\/div>\n\t\t\t\t<div class=\"elementor-element elementor-element-35b093a elementor-widget elementor-widget-text-editor\" data-id=\"35b093a\" data-element_type=\"widget\" data-e-type=\"widget\" data-widget_type=\"text-editor.default\">\n\t\t\t\t\t\t\t\t\t<p>Suchen Sie eine zuverl\u00e4ssige Unterkunft im historischen Zentrum von \u010cesk\u00fd Krumlov f\u00fcr Ihre Kund:innen? Wir bieten die passende Basis f\u00fcr Individual\u2011 und Gruppenaufenthalte und sind an die Kommunikation im Reiseb\u00fcro\u2011Modus gew\u00f6hnt (Termine, Rooming\u2011Listen, spezielle G\u00e4stew\u00fcnsche, zeitliche Abl\u00e4ufe des Programms).<\/p>\t\t\t\t\t\t\t\t<\/div>\n\t\t\t\t<div class=\"elementor-element elementor-element-10fbc49 elementor-widget elementor-widget-heading\" data-id=\"10fbc49\" data-element_type=\"widget\" data-e-type=\"widget\" data-widget_type=\"heading.default\">\n\t\t\t\t\t<h2 class=\"elementor-heading-title elementor-size-default\">Das k\u00f6nnen Sie erwarten:<\/h2>\t\t\t\t<\/div>\n\t\t\t\t<div class=\"elementor-element elementor-element-2eee102 elementor-widget elementor-widget-text-editor\" data-id=\"2eee102\" data-element_type=\"widget\" data-e-type=\"widget\" data-widget_type=\"text-editor.default\">\n\t\t\t\t\t\t\t\t\t<p><span style=\"text-align: var(--text-align); font-family: var(--e-global-typography-text-font-family);\">Erfahrung mit organisierten Aufenthalten und Gruppen<\/span><\/p><p><span style=\"text-align: var(--text-align); font-family: var(--e-global-typography-text-font-family);\">klare Absprachen und Koordination der Details vor der Anreise<\/span><\/p><p><span style=\"text-align: var(--text-align); font-family: var(--e-global-typography-text-font-family);\">M\u00f6glichkeit, die Kooperationsbedingungen je nach Saison und Leistungsumfang festzulegen<\/span><\/p><p><span style=\"text-align: var(--text-align); font-family: var(--e-global-typography-text-font-family);\">ma\u00dfgeschneiderte L\u00f6sungen f\u00fcr unterschiedliche Gruppentypen (Sightseeing\u2011Reisen, Seniorengruppen, Firmenreisen u. a.)<\/span><\/p>\t\t\t\t\t\t\t\t<\/div>\n\t\t\t\t<\/div>\n\t\t\t\t\t<\/div>\n\t\t\t\t<\/div>\n\t\t<div class=\"elementor-element elementor-element-49d0d77 e-flex e-con-boxed e-con e-parent\" data-id=\"49d0d77\" data-element_type=\"container\" data-e-type=\"container\">\n\t\t\t\t\t<div class=\"e-con-inner\">\n\t\t<div class=\"elementor-element elementor-element-509f740 e-grid e-con-full e-con e-child\" data-id=\"509f740\" data-element_type=\"container\" data-e-type=\"container\">\n\t\t\t\t<div class=\"elementor-element elementor-element-5066cb1 elementor-widget elementor-widget-heading\" data-id=\"5066cb1\" data-element_type=\"widget\" data-e-type=\"widget\" data-widget_type=\"heading.default\">\n\t\t\t\t\t<h2 class=\"elementor-heading-title elementor-size-default\">F\u00fcr Reiseleiter:innen und Tour Leader<\/h2>\t\t\t\t<\/div>\n\t\t\t\t<div class=\"elementor-element elementor-element-8fa0a7c elementor-widget elementor-widget-text-editor\" data-id=\"8fa0a7c\" data-element_type=\"widget\" data-e-type=\"widget\" data-widget_type=\"text-editor.default\">\n\t\t\t\t\t\t\t\t\t<p>Wir m\u00f6chten Reiseleiter:innen und Gruppenleiter:innen die Arbeit so einfach wie m\u00f6glich machen. Ob Sie einen Tagesstopp oder einen mehrt\u00e4gigen Aufenthalt begleiten \u2013 wir passen uns gerne dem Zeitplan und den Bed\u00fcrfnissen der Gruppe an.<\/p>\t\t\t\t\t\t\t\t<\/div>\n\t\t\t\t<div class=\"elementor-element elementor-element-aa81ae0 elementor-widget elementor-widget-heading\" data-id=\"aa81ae0\" data-element_type=\"widget\" data-e-type=\"widget\" data-widget_type=\"heading.default\">\n\t\t\t\t\t<h2 class=\"elementor-heading-title elementor-size-default\">Gemeinsam k\u00f6nnen wir zum Beispiel vereinbaren:<\/h2>\t\t\t\t<\/div>\n\t\t\t\t<div class=\"elementor-element elementor-element-c5c2969 elementor-widget elementor-widget-text-editor\" data-id=\"c5c2969\" data-element_type=\"widget\" data-e-type=\"widget\" data-widget_type=\"text-editor.default\">\n\t\t\t\t\t\t\t\t\t<p>eine passende An\u2011\/Abreisezeit und die Logistik der Gruppe<\/p><p>Programmtipps in der Umgebung (Sehensw\u00fcrdigkeiten, Kulturveranstaltungen, Spazierg\u00e4nge)<\/p><p>einen kurzen Stopp f\u00fcr Kaffee oder ein Getr\u00e4nk \u2013 je nach Betriebsm\u00f6glichkeiten<\/p><p data-start=\"1702\" data-end=\"1753\">individuelle Absprachen je nach Gruppengr\u00f6\u00dfe und Saison<\/p>\t\t\t\t\t\t\t\t<\/div>\n\t\t\t\t<\/div>\n\t\t\t\t\t<\/div>\n\t\t\t\t<\/div>\n\t\t<div class=\"elementor-element elementor-element-cdf1b45 e-flex e-con-boxed e-con e-parent\" data-id=\"cdf1b45\" data-element_type=\"container\" data-e-type=\"container\">\n\t\t\t\t\t<div class=\"e-con-inner\">\n\t\t<div class=\"elementor-element elementor-element-a35d367 e-grid e-con-full e-con e-child\" data-id=\"a35d367\" data-element_type=\"container\" data-e-type=\"container\">\n\t\t\t\t<div class=\"elementor-element elementor-element-045c40a elementor-widget elementor-widget-heading\" data-id=\"045c40a\" data-element_type=\"widget\" data-e-type=\"widget\" data-widget_type=\"heading.default\">\n\t\t\t\t\t<h2 class=\"elementor-heading-title elementor-size-default\">F\u00fcr Gruppen und Gruppenmen\u00fcs<\/h2>\t\t\t\t<\/div>\n\t\t\t\t<div class=\"elementor-element elementor-element-43dffd9 elementor-widget elementor-widget-text-editor\" data-id=\"43dffd9\" data-element_type=\"widget\" data-e-type=\"widget\" data-widget_type=\"text-editor.default\">\n\t\t\t\t\t\t\t\t\t<p>F\u00fcr organisierte Gruppen bieten wir die M\u00f6glichkeit eines <strong data-start=\"1834\" data-end=\"1854\">Gruppenmen\u00fcs<\/strong> sowie eine einfache, \u00fcbersichtliche Service\u2011Abstimmung, damit alles zeitlich zum Programm in der Stadt passt. Men\u00fc und Konditionen stimmen wir stets nach Personenzahl, Ern\u00e4hrungsanforderungen und zeitlichen M\u00f6glichkeiten ab.<\/p>\t\t\t\t\t\t\t\t<\/div>\n\t\t\t\t<div class=\"elementor-element elementor-element-721b457 elementor-widget elementor-widget-heading\" data-id=\"721b457\" data-element_type=\"widget\" data-e-type=\"widget\" data-widget_type=\"heading.default\">\n\t\t\t\t\t<h2 class=\"elementor-heading-title elementor-size-default\">So l\u00e4uft es in der Regel ab:<\/h2>\t\t\t\t<\/div>\n\t\t\t\t<div class=\"elementor-element elementor-element-6ad79cc elementor-widget elementor-widget-text-editor\" data-id=\"6ad79cc\" data-element_type=\"widget\" data-e-type=\"widget\" data-widget_type=\"text-editor.default\">\n\t\t\t\t\t\t\t\t\t<p>Sie senden uns Termin, Personenzahl und die gew\u00fcnschte Verpflegungsart<\/p><p>wir schlagen Varianten des Gruppenmen\u00fcs sowie einen Zeitplan vor<\/p><p>wir kl\u00e4ren die Details (Allergene, vegetarische Varianten, Budget, Abrechnung)<\/p>\t\t\t\t\t\t\t\t<\/div>\n\t\t\t\t<\/div>\n\t\t\t\t\t<\/div>\n\t\t\t\t<\/div>\n\t\t<div class=\"elementor-element elementor-element-fb3fb74 e-flex e-con-boxed e-con e-parent\" data-id=\"fb3fb74\" data-element_type=\"container\" data-e-type=\"container\">\n\t\t\t\t\t<div class=\"e-con-inner\">\n\t\t\t\t<div class=\"elementor-element elementor-element-ae54a45 elementor-widget elementor-widget-heading\" data-id=\"ae54a45\" data-element_type=\"widget\" data-e-type=\"widget\" data-widget_type=\"heading.default\">\n\t\t\t\t\t<h2 class=\"elementor-heading-title elementor-size-default\">Schreiben Sie uns<\/h2>\t\t\t\t<\/div>\n\t\t\t\t<div class=\"elementor-element elementor-element-b94e411 elementor-button-align-start elementor-mobile-button-align-center elementor-widget elementor-widget-form\" data-id=\"b94e411\" data-element_type=\"widget\" data-e-type=\"widget\" data-settings=\"{&quot;button_width&quot;:&quot;33&quot;,&quot;step_type&quot;:&quot;number_text&quot;,&quot;step_icon_shape&quot;:&quot;circle&quot;}\" data-widget_type=\"form.default\">\n\t\t\t\t\t\t\t<form class=\"elementor-form\" method=\"post\" name=\"New Form\" aria-label=\"New Form\">\n\t\t\t<input type=\"hidden\" name=\"post_id\" value=\"8263\"\/>\n\t\t\t<input type=\"hidden\" name=\"form_id\" value=\"b94e411\"\/>\n\t\t\t<input type=\"hidden\" name=\"referer_title\" value=\"Gruppen\" \/>\n\n\t\t\t\t\t\t\t<input type=\"hidden\" name=\"queried_id\" value=\"8263\"\/>\n\t\t\t\n\t\t\t<div class=\"elementor-form-fields-wrapper elementor-labels-above\">\n\t\t\t\t\t\t\t\t<div class=\"elementor-field-type-text elementor-field-group elementor-column elementor-field-group-name elementor-col-50 elementor-field-required\">\n\t\t\t\t\t\t\t\t\t\t\t\t\t<input size=\"1\" type=\"text\" name=\"form_fields[name]\" id=\"form-field-name\" class=\"elementor-field elementor-size-xs  elementor-field-textual\" placeholder=\"Name\" required=\"required\">\n\t\t\t\t\t\t\t\t\t\t\t<\/div>\n\t\t\t\t\t\t\t\t<div class=\"elementor-field-type-email elementor-field-group elementor-column elementor-field-group-email elementor-col-50 elementor-field-required\">\n\t\t\t\t\t\t\t\t\t\t\t\t\t<input size=\"1\" type=\"email\" name=\"form_fields[email]\" id=\"form-field-email\" class=\"elementor-field elementor-size-xs  elementor-field-textual\" placeholder=\"E-Mail\" required=\"required\">\n\t\t\t\t\t\t\t\t\t\t\t<\/div>\n\t\t\t\t\t\t\t\t<div class=\"elementor-field-type-text elementor-field-group elementor-column elementor-field-group-message elementor-col-50 elementor-field-required\">\n\t\t\t\t\t\t\t\t\t\t\t\t\t<input size=\"1\" type=\"text\" name=\"form_fields[message]\" id=\"form-field-message\" class=\"elementor-field elementor-size-xs  elementor-field-textual\" placeholder=\"Telefonnummer\" required=\"required\">\n\t\t\t\t\t\t\t\t\t\t\t<\/div>\n\t\t\t\t\t\t\t\t<div class=\"elementor-field-type-text elementor-field-group elementor-column elementor-field-group-field_23d1910 elementor-col-50\">\n\t\t\t\t\t\t\t\t\t\t\t\t\t<input size=\"1\" type=\"text\" name=\"form_fields[field_23d1910]\" id=\"form-field-field_23d1910\" class=\"elementor-field elementor-size-xs  elementor-field-textual\" placeholder=\"Betreff\">\n\t\t\t\t\t\t\t\t\t\t\t<\/div>\n\t\t\t\t\t\t\t\t<div class=\"elementor-field-type-textarea elementor-field-group elementor-column elementor-field-group-field_da11366 elementor-col-100\">\n\t\t\t\t\t\t\t\t\t\t\t\t<label for=\"form-field-field_da11366\" class=\"elementor-field-label\">\n\t\t\t\t\t\t\t\tIhre Nachricht\t\t\t\t\t\t\t<\/label>\n\t\t\t\t\t\t<textarea class=\"elementor-field-textual elementor-field  elementor-size-xs\" name=\"form_fields[field_da11366]\" id=\"form-field-field_da11366\" rows=\"3\"><\/textarea>\t\t\t\t<\/div>\n\t\t\t\t\t\t\t\t<div class=\"elementor-field-group elementor-column elementor-field-type-submit elementor-col-33 e-form__buttons\">\n\t\t\t\t\t<button class=\"elementor-button elementor-size-sm\" type=\"submit\">\n\t\t\t\t\t\t<span class=\"elementor-button-content-wrapper\">\n\t\t\t\t\t\t\t\t\t\t\t\t\t\t\t\t\t\t\t\t\t\t<span class=\"elementor-button-text\">Nachricht senden<\/span>\n\t\t\t\t\t\t\t\t\t\t\t\t\t<\/span>\n\t\t\t\t\t<\/button>\n\t\t\t\t<\/div>\n\t\t\t<\/div>\n\t\t<\/form>\n\t\t\t\t\t\t<\/div>\n\t\t\t\t\t<\/div>\n\t\t\t\t<\/div>\n\t\t\t\t<\/div>\n\t\t","protected":false},"excerpt":{"rendered":"<p>Zusammenarbeit Im Hotel Dvo\u0159\u00e1k pflegen wir gerne langfristige Kooperationen mit Partnern, die G\u00e4ste nach \u010cesk\u00fd Krumlov bringen \u2013 f\u00fcr Erlebnisse, Kultur und Erholung. Mit Gruppen und organisierten Aufenthalten haben wir viel Erfahrung und wissen, dass jedes Programm anders ist \u2013 deshalb l\u00f6sen wir alles individuell, je nach Termin, Personenzahl und gew\u00fcnschtem Serviceniveau. Am Ende der [&hellip;]<\/p>\n","protected":false},"author":1,"featured_media":0,"parent":0,"menu_order":0,"comment_status":"closed","ping_status":"closed","template":"template-homepage.php","meta":{"_acf_changed":false,"footnotes":""},"class_list":["post-8263","page","type-page","status-publish","hentry"],"acf":[],"_links":{"self":[{"href":"https:\/\/hoteldvorak.com\/de\/wp-json\/wp\/v2\/pages\/8263","targetHints":{"allow":["GET"]}}],"collection":[{"href":"https:\/\/hoteldvorak.com\/de\/wp-json\/wp\/v2\/pages"}],"about":[{"href":"https:\/\/hoteldvorak.com\/de\/wp-json\/wp\/v2\/types\/page"}],"author":[{"embeddable":true,"href":"https:\/\/hoteldvorak.com\/de\/wp-json\/wp\/v2\/users\/1"}],"replies":[{"embeddable":true,"href":"https:\/\/hoteldvorak.com\/de\/wp-json\/wp\/v2\/comments?post=8263"}],"version-history":[{"count":3,"href":"https:\/\/hoteldvorak.com\/de\/wp-json\/wp\/v2\/pages\/8263\/revisions"}],"predecessor-version":[{"id":8618,"href":"https:\/\/hoteldvorak.com\/de\/wp-json\/wp\/v2\/pages\/8263\/revisions\/8618"}],"wp:attachment":[{"href":"https:\/\/hoteldvorak.com\/de\/wp-json\/wp\/v2\/media?parent=8263"}],"curies":[{"name":"wp","href":"https:\/\/api.w.org\/{rel}","templated":true}]}}