{"id":8351,"date":"2022-04-26T01:44:25","date_gmt":"2022-04-25T23:44:25","guid":{"rendered":"https:\/\/dvorak.beautedelamer.cz\/gastronomie\/"},"modified":"2026-02-24T18:34:27","modified_gmt":"2026-02-24T17:34:27","slug":"gastronomie","status":"publish","type":"page","link":"https:\/\/hoteldvorak.com\/de\/gastronomie\/","title":{"rendered":"Gastronomie"},"content":{"rendered":"\t\t<div data-elementor-type=\"wp-page\" data-elementor-id=\"8351\" class=\"elementor elementor-8351\" data-elementor-post-type=\"page\">\n\t\t\t\t\t\t<section class=\"elementor-section elementor-top-section elementor-element elementor-element-f0680c2 elementor-section-stretched elementor-section-full_width elementor-section-height-default elementor-section-height-default\" data-id=\"f0680c2\" data-element_type=\"section\" data-e-type=\"section\" data-settings=\"{&quot;stretch_section&quot;:&quot;section-stretched&quot;,&quot;background_background&quot;:&quot;classic&quot;}\">\n\t\t\t\t\t\t\t<div class=\"elementor-background-overlay\"><\/div>\n\t\t\t\t\t\t\t<div class=\"elementor-container elementor-column-gap-no\">\n\t\t\t\t\t<div class=\"elementor-column elementor-col-100 elementor-top-column elementor-element elementor-element-84c9bdc\" data-id=\"84c9bdc\" data-element_type=\"column\" data-e-type=\"column\" data-settings=\"{&quot;background_background&quot;:&quot;classic&quot;,&quot;background_motion_fx_motion_fx_scrolling&quot;:&quot;yes&quot;,&quot;background_motion_fx_translateY_effect&quot;:&quot;yes&quot;,&quot;background_motion_fx_translateY_speed&quot;:{&quot;unit&quot;:&quot;px&quot;,&quot;size&quot;:3,&quot;sizes&quot;:[]},&quot;background_motion_fx_devices&quot;:[&quot;desktop&quot;,&quot;laptop&quot;,&quot;tablet_extra&quot;,&quot;tablet&quot;],&quot;background_motion_fx_translateY_affectedRange&quot;:{&quot;unit&quot;:&quot;%&quot;,&quot;size&quot;:&quot;&quot;,&quot;sizes&quot;:{&quot;start&quot;:0,&quot;end&quot;:100}}}\">\n\t\t\t<div class=\"elementor-widget-wrap elementor-element-populated\">\n\t\t\t\t\t<div class=\"elementor-background-overlay\"><\/div>\n\t\t\t\t\t\t<div class=\"elementor-element elementor-element-d193c3f elementor-widget elementor-widget-heading\" data-id=\"d193c3f\" data-element_type=\"widget\" data-e-type=\"widget\" data-widget_type=\"heading.default\">\n\t\t\t\t\t<h2 class=\"elementor-heading-title elementor-size-default\">Unser Restaurant<\/h2>\t\t\t\t<\/div>\n\t\t\t\t\t<\/div>\n\t\t<\/div>\n\t\t\t\t\t<\/div>\n\t\t<\/section>\n\t\t\t\t<section class=\"elementor-section elementor-top-section elementor-element elementor-element-8335ee4 elementor-section-stretched elementor-section-boxed elementor-section-height-default elementor-section-height-default\" data-id=\"8335ee4\" data-element_type=\"section\" data-e-type=\"section\" data-settings=\"{&quot;stretch_section&quot;:&quot;section-stretched&quot;}\">\n\t\t\t\t\t\t<div class=\"elementor-container elementor-column-gap-no\">\n\t\t\t\t\t<div class=\"elementor-column elementor-col-100 elementor-top-column elementor-element elementor-element-907f850\" data-id=\"907f850\" data-element_type=\"column\" data-e-type=\"column\">\n\t\t\t<div class=\"elementor-widget-wrap elementor-element-populated\">\n\t\t\t\t\t\t<div class=\"elementor-element elementor-element-50fc411 elementor-widget elementor-widget-heading\" data-id=\"50fc411\" data-element_type=\"widget\" data-e-type=\"widget\" data-widget_type=\"heading.default\">\n\t\t\t\t\t<h2 class=\"elementor-heading-title elementor-size-default\">Bridge Bar &amp; Caf\u00e9<\/h2>\t\t\t\t<\/div>\n\t\t\t\t<div class=\"elementor-element elementor-element-8602f9e elementor-widget elementor-widget-text-editor\" data-id=\"8602f9e\" data-element_type=\"widget\" data-e-type=\"widget\" data-widget_type=\"text-editor.default\">\n\t\t\t\t\t\t\t\t\t<p><strong data-start=\"0\" data-end=\"21\">Bridge BAR &amp; Caf\u00e9<\/strong> ist ein angenehmer Teil des Hotel Dvo\u0159\u00e1k \u2013 ein Ort, an den Sie sich tags\u00fcber jederzeit f\u00fcr einen Moment der Ruhe, einen guten Kaffee oder einen Drink am Abend zur\u00fcckziehen k\u00f6nnen. In der ungezwungenen Atmosph\u00e4re l\u00e4sst es sich nach einem Spaziergang durch die Altstadt, vor einem Konzert oder nach der R\u00fcckkehr vom Schloss wunderbar entschleunigen.<\/p><p><strong>10:00 &#8211; 22:00<\/strong><\/p>\t\t\t\t\t\t\t\t<\/div>\n\t\t\t\t\t<\/div>\n\t\t<\/div>\n\t\t\t\t\t<\/div>\n\t\t<\/section>\n\t\t\t\t<section class=\"elementor-section elementor-top-section elementor-element elementor-element-cd2aa57 elementor-section-stretched elementor-section-boxed elementor-section-height-default elementor-section-height-default\" data-id=\"cd2aa57\" data-element_type=\"section\" data-e-type=\"section\" data-settings=\"{&quot;stretch_section&quot;:&quot;section-stretched&quot;}\">\n\t\t\t\t\t\t<div class=\"elementor-container elementor-column-gap-no\">\n\t\t\t\t\t<div class=\"elementor-column elementor-col-100 elementor-top-column elementor-element elementor-element-827c88a\" data-id=\"827c88a\" data-element_type=\"column\" data-e-type=\"column\">\n\t\t\t<div class=\"elementor-widget-wrap elementor-element-populated\">\n\t\t\t\t\t\t<div class=\"elementor-element elementor-element-f8de549 elementor-widget elementor-widget-heading\" data-id=\"f8de549\" data-element_type=\"widget\" data-e-type=\"widget\" data-widget_type=\"heading.default\">\n\t\t\t\t\t<h2 class=\"elementor-heading-title elementor-size-default\">River Terrace<\/h2>\t\t\t\t<\/div>\n\t\t\t\t<div class=\"elementor-element elementor-element-c73079d elementor-widget elementor-widget-text-editor\" data-id=\"c73079d\" data-element_type=\"widget\" data-e-type=\"widget\" data-widget_type=\"text-editor.default\">\n\t\t\t\t\t\t\t\t\t<p><strong data-start=\"0\" data-end=\"17\">River Terrace<\/strong> ist die angenehme Sommerterrasse des Hotel Dvo\u0159\u00e1k \u2013 direkt am <strong data-start=\"85\" data-end=\"100\">Fluss Moldau<\/strong>, mit dem Blick, der zu \u010cesk\u00fd Krumlov geh\u00f6rt: <strong data-start=\"146\" data-end=\"178\">Schlossturm und Schloss\u2011Panorama<\/strong> liegen wie eine Kulisse vor Ihnen. Die Terrasse \u00f6ffnen wir f\u00fcr unsere G\u00e4ste in der Regel <strong data-start=\"255\" data-end=\"274\">im Laufe des Aprils<\/strong> (je nach Wetter) \u2013 ideal f\u00fcr ein ruhiges Sitzen am Tag und am fr\u00fchen Abend.<\/p><p>Auf der Karte finden Sie leichtere saisonale Optionen \u2013 <strong data-start=\"433\" data-end=\"497\">Salate, Grillspezialit\u00e4ten, Eisbecher und Sommerweine<\/strong>, also genau das Richtige f\u00fcr die entspannte Atmosph\u00e4re am Wasser.<\/p><p><strong>10:00 &#8211; 22:00<\/strong><\/p>\t\t\t\t\t\t\t\t<\/div>\n\t\t\t\t\t<\/div>\n\t\t<\/div>\n\t\t\t\t\t<\/div>\n\t\t<\/section>\n\t\t\t\t<\/div>\n\t\t","protected":false},"excerpt":{"rendered":"<p>Unser Restaurant Bridge Bar &amp; Caf\u00e9 Bridge BAR &amp; Caf\u00e9 ist ein angenehmer Teil des Hotel Dvo\u0159\u00e1k \u2013 ein Ort, an den Sie sich tags\u00fcber jederzeit f\u00fcr einen Moment der Ruhe, einen guten Kaffee oder einen Drink am Abend zur\u00fcckziehen k\u00f6nnen. In der ungezwungenen Atmosph\u00e4re l\u00e4sst es sich nach einem Spaziergang durch die Altstadt, vor [&hellip;]<\/p>\n","protected":false},"author":1,"featured_media":0,"parent":0,"menu_order":0,"comment_status":"closed","ping_status":"closed","template":"template-homepage.php","meta":{"_acf_changed":false,"footnotes":""},"class_list":["post-8351","page","type-page","status-publish","hentry"],"acf":[],"_links":{"self":[{"href":"https:\/\/hoteldvorak.com\/de\/wp-json\/wp\/v2\/pages\/8351","targetHints":{"allow":["GET"]}}],"collection":[{"href":"https:\/\/hoteldvorak.com\/de\/wp-json\/wp\/v2\/pages"}],"about":[{"href":"https:\/\/hoteldvorak.com\/de\/wp-json\/wp\/v2\/types\/page"}],"author":[{"embeddable":true,"href":"https:\/\/hoteldvorak.com\/de\/wp-json\/wp\/v2\/users\/1"}],"replies":[{"embeddable":true,"href":"https:\/\/hoteldvorak.com\/de\/wp-json\/wp\/v2\/comments?post=8351"}],"version-history":[{"count":3,"href":"https:\/\/hoteldvorak.com\/de\/wp-json\/wp\/v2\/pages\/8351\/revisions"}],"predecessor-version":[{"id":8362,"href":"https:\/\/hoteldvorak.com\/de\/wp-json\/wp\/v2\/pages\/8351\/revisions\/8362"}],"wp:attachment":[{"href":"https:\/\/hoteldvorak.com\/de\/wp-json\/wp\/v2\/media?parent=8351"}],"curies":[{"name":"wp","href":"https:\/\/api.w.org\/{rel}","templated":true}]}}