{"id":8248,"date":"2026-02-04T19:32:41","date_gmt":"2026-02-04T18:32:41","guid":{"rendered":"https:\/\/dvorak.beautedelamer.cz\/cesky-krumlov\/"},"modified":"2026-02-24T17:49:30","modified_gmt":"2026-02-24T16:49:30","slug":"cesky-krumlov","status":"publish","type":"page","link":"https:\/\/hoteldvorak.com\/es\/cesky-krumlov\/","title":{"rendered":"\u010cesk\u00fd Krumlov"},"content":{"rendered":"\t\t<div data-elementor-type=\"wp-page\" data-elementor-id=\"8248\" class=\"elementor elementor-8248\" data-elementor-post-type=\"page\">\n\t\t\t\t<div class=\"elementor-element elementor-element-3adfd25 e-flex e-con-boxed e-con e-parent\" data-id=\"3adfd25\" data-element_type=\"container\" data-e-type=\"container\">\n\t\t\t\t\t<div class=\"e-con-inner\">\n\t\t\t\t<div class=\"elementor-element elementor-element-cd8b9d7 elementor-widget elementor-widget-heading\" data-id=\"cd8b9d7\" data-element_type=\"widget\" data-e-type=\"widget\" data-widget_type=\"heading.default\">\n\t\t\t\t\t<h2 class=\"elementor-heading-title elementor-size-default\">\u010cesk\u00fd Krumlov \u2013 una ciudad hist\u00f3rica llena de monumentos, experiencias y una atm\u00f3sfera \u00fanica<\/h2>\t\t\t\t<\/div>\n\t\t\t\t\t<\/div>\n\t\t\t\t<\/div>\n\t\t<div class=\"elementor-element elementor-element-131e921 e-flex e-con-boxed e-con e-parent\" data-id=\"131e921\" data-element_type=\"container\" data-e-type=\"container\">\n\t\t\t\t\t<div class=\"e-con-inner\">\n\t\t<div class=\"elementor-element elementor-element-24083fa e-con-full e-flex e-con e-child\" data-id=\"24083fa\" data-element_type=\"container\" data-e-type=\"container\">\n\t\t\t\t<div class=\"elementor-element elementor-element-0805075 elementor-widget elementor-widget-text-editor\" data-id=\"0805075\" data-element_type=\"widget\" data-e-type=\"widget\" data-widget_type=\"text-editor.default\">\n\t\t\t\t\t\t\t\t\t<p>\u010cesk\u00fd Krumlov se encuentra entre las ciudades hist\u00f3ricas m\u00e1s visitadas de la Rep\u00fablica Checa y, con raz\u00f3n, est\u00e1 inscrita en la lista del Patrimonio Mundial de la UNESCO. Esta pintoresca ciudad del sur de Bohemia atrae a visitantes de todo el mundo por su arquitectura bien conservada, su rica historia y su ambiente irrepetible.<\/p>\t\t\t\t\t\t\t\t<\/div>\n\t\t\t\t<\/div>\n\t\t<div class=\"elementor-element elementor-element-9b24d1a e-con-full e-flex e-con e-child\" data-id=\"9b24d1a\" data-element_type=\"container\" data-e-type=\"container\">\n\t\t\t\t<div class=\"elementor-element elementor-element-cb2a82c elementor-widget elementor-widget-text-editor\" data-id=\"cb2a82c\" data-element_type=\"widget\" data-e-type=\"widget\" data-widget_type=\"text-editor.default\">\n\t\t\t\t\t\t\t\t\t<p data-start=\"351\" data-end=\"760\">El centro hist\u00f3rico, rodeado por un meandro del r\u00edo Moldava, parece un museo vivo al aire libre donde el pasado se mezcla de forma natural con la vida actual.<\/p>\t\t\t\t\t\t\t\t<\/div>\n\t\t\t\t<\/div>\n\t\t\t\t\t<\/div>\n\t\t\t\t<\/div>\n\t\t<div class=\"elementor-element elementor-element-e7c6114 e-flex e-con-boxed e-con e-parent\" data-id=\"e7c6114\" data-element_type=\"container\" data-e-type=\"container\">\n\t\t\t\t\t<div class=\"e-con-inner\">\n\t\t<div class=\"elementor-element elementor-element-bcf9fcd e-con-full e-flex e-con e-child\" data-id=\"bcf9fcd\" data-element_type=\"container\" data-e-type=\"container\">\n\t\t\t\t<div class=\"elementor-element elementor-element-f23adc3 elementor-widget elementor-widget-text-editor\" data-id=\"f23adc3\" data-element_type=\"widget\" data-e-type=\"widget\" data-widget_type=\"text-editor.default\">\n\t\t\t\t\t\t\t\t\t<p data-start=\"793\" data-end=\"1125\">Los or\u00edgenes de la ciudad se remontan al siglo XIII, cuando se construy\u00f3 aqu\u00ed un castillo como sede de la familia V\u00edtkovci. \u010cesk\u00fd Krumlov alcanz\u00f3 su mayor esplendor bajo el dominio de los Ro\u017emberk, quienes la convirtieron en un importante centro cultural y econ\u00f3mico del sur de Bohemia. De esa \u00e9poca procede el aspecto caracter\u00edstico de la ciudad, que se ha conservado hasta hoy.<\/p>\t\t\t\t\t\t\t\t<\/div>\n\t\t\t\t<\/div>\n\t\t\t\t<div class=\"elementor-element elementor-element-86d63fd elementor-widget elementor-widget-heading\" data-id=\"86d63fd\" data-element_type=\"widget\" data-e-type=\"widget\" data-widget_type=\"heading.default\">\n\t\t\t\t\t<h2 class=\"elementor-heading-title elementor-size-default\">Historia de \u010cesk\u00fd Krumlov<\/h2>\t\t\t\t<\/div>\n\t\t<div class=\"elementor-element elementor-element-c942420 e-con-full e-flex e-con e-child\" data-id=\"c942420\" data-element_type=\"container\" data-e-type=\"container\">\n\t\t\t\t<div class=\"elementor-element elementor-element-bfb5f79 elementor-widget elementor-widget-text-editor\" data-id=\"bfb5f79\" data-element_type=\"widget\" data-e-type=\"widget\" data-widget_type=\"text-editor.default\">\n\t\t\t\t\t\t\t\t\t<p data-start=\"351\" data-end=\"760\">Tras los Ro\u017emberk, el gobierno de la ciudad pas\u00f3 a los Eggenberg y m\u00e1s tarde a los Schwarzenberg, que continuaron impulsando su desarrollo. A pesar del complejo siglo XX, \u010cesk\u00fd Krumlov logr\u00f3 preservar su estructura hist\u00f3rica y su car\u00e1cter aut\u00e9ntico, por lo que hoy se cuenta entre las ciudades hist\u00f3ricas mejor conservadas de Europa Central.<\/p>\t\t\t\t\t\t\t\t<\/div>\n\t\t\t\t<\/div>\n\t\t\t\t\t<\/div>\n\t\t\t\t<\/div>\n\t\t<div class=\"elementor-element elementor-element-88f7a1f e-flex e-con-boxed e-con e-parent\" data-id=\"88f7a1f\" data-element_type=\"container\" data-e-type=\"container\">\n\t\t\t\t\t<div class=\"e-con-inner\">\n\t\t<div class=\"elementor-element elementor-element-b559a71 e-con-full e-flex e-con e-child\" data-id=\"b559a71\" data-element_type=\"container\" data-e-type=\"container\" data-settings=\"{&quot;background_background&quot;:&quot;classic&quot;}\">\n\t\t\t\t<\/div>\n\t\t<div class=\"elementor-element elementor-element-f87825c e-con-full e-flex e-con e-child\" data-id=\"f87825c\" data-element_type=\"container\" data-e-type=\"container\">\n\t\t\t\t<div class=\"elementor-element elementor-element-24ce061 elementor-widget elementor-widget-heading\" data-id=\"24ce061\" data-element_type=\"widget\" data-e-type=\"widget\" data-widget_type=\"heading.default\">\n\t\t\t\t\t<h2 class=\"elementor-heading-title elementor-size-default\">El r\u00edo Moldava y experiencias activas<\/h2>\t\t\t\t<\/div>\n\t\t\t\t<div class=\"elementor-element elementor-element-d189284 elementor-widget elementor-widget-text-editor\" data-id=\"d189284\" data-element_type=\"widget\" data-e-type=\"widget\" data-widget_type=\"text-editor.default\">\n\t\t\t\t\t\t\t\t\t<p data-start=\"2090\" data-end=\"2445\">El r\u00edo Moldava es una parte inseparable de \u010cesk\u00fd Krumlov y contribuye de manera decisiva a su car\u00e1cter. En verano, la ciudad es uno de los destinos preferidos de los aficionados al pirag\u00fcismo, que pueden disfrutar de una vista \u00fanica del casco hist\u00f3rico directamente desde el agua. Para quienes prefieren un plan m\u00e1s tranquilo, son ideales los paseos por la ribera o sentarse en una cafeter\u00eda con vistas al r\u00edo.<\/p>\t\t\t\t\t\t\t\t<\/div>\n\t\t\t\t<\/div>\n\t\t\t\t\t<\/div>\n\t\t\t\t<\/div>\n\t\t<div class=\"elementor-element elementor-element-e5976ad e-flex e-con-boxed e-con e-parent\" data-id=\"e5976ad\" data-element_type=\"container\" data-e-type=\"container\">\n\t\t\t\t\t<div class=\"e-con-inner\">\n\t\t<div class=\"elementor-element elementor-element-de1f1cf e-con-full e-flex e-con e-child\" data-id=\"de1f1cf\" data-element_type=\"container\" data-e-type=\"container\">\n\t\t\t\t<div class=\"elementor-element elementor-element-93e724d elementor-widget elementor-widget-heading\" data-id=\"93e724d\" data-element_type=\"widget\" data-e-type=\"widget\" data-widget_type=\"heading.default\">\n\t\t\t\t\t<h2 class=\"elementor-heading-title elementor-size-default\">Vida cultural y curiosidades<\/h2>\t\t\t\t<\/div>\n\t\t\t\t<div class=\"elementor-element elementor-element-b78e80b elementor-widget elementor-widget-text-editor\" data-id=\"b78e80b\" data-element_type=\"widget\" data-e-type=\"widget\" data-widget_type=\"text-editor.default\">\n\t\t\t\t\t\t\t\t\t<p data-start=\"2090\" data-end=\"2445\">\u010cesk\u00fd Krumlov vive la cultura durante todo el a\u00f1o. Aqu\u00ed se celebran festivales de m\u00fasica, representaciones teatrales, fiestas hist\u00f3ricas y mercados tradicionales. El escenario hist\u00f3rico de la ciudad aporta a cada evento una atm\u00f3sfera excepcional.<\/p>\t\t\t\t\t\t\t\t<\/div>\n\t\t\t\t<div class=\"elementor-element elementor-element-4285f21 elementor-widget elementor-widget-text-editor\" data-id=\"4285f21\" data-element_type=\"widget\" data-e-type=\"widget\" data-widget_type=\"text-editor.default\">\n\t\t\t\t\t\t\t\t\t<p data-start=\"2090\" data-end=\"2445\">Entre las curiosidades destacan el foso de los osos del castillo, que forma parte del recinto desde hace siglos, as\u00ed como el singular trazado urbano de la ciudad, creado gracias a su ubicaci\u00f3n en un pronunciado meandro del r\u00edo.<\/p>\t\t\t\t\t\t\t\t<\/div>\n\t\t\t\t<\/div>\n\t\t<div class=\"elementor-element elementor-element-5bfe8ec e-con-full e-flex e-con e-child\" data-id=\"5bfe8ec\" data-element_type=\"container\" data-e-type=\"container\" data-settings=\"{&quot;background_background&quot;:&quot;classic&quot;}\">\n\t\t\t\t<\/div>\n\t\t\t\t\t<\/div>\n\t\t\t\t<\/div>\n\t\t\t\t<\/div>\n\t\t","protected":false},"excerpt":{"rendered":"<p>\u010cesk\u00fd Krumlov \u2013 una ciudad hist\u00f3rica llena de monumentos, experiencias y una atm\u00f3sfera \u00fanica \u010cesk\u00fd Krumlov se encuentra entre las ciudades hist\u00f3ricas m\u00e1s visitadas de la Rep\u00fablica Checa y, con raz\u00f3n, est\u00e1 inscrita en la lista del Patrimonio Mundial de la UNESCO. Esta pintoresca ciudad del sur de Bohemia atrae a visitantes de todo el [&hellip;]<\/p>\n","protected":false},"author":1,"featured_media":0,"parent":0,"menu_order":0,"comment_status":"closed","ping_status":"closed","template":"","meta":{"_acf_changed":false,"footnotes":""},"class_list":["post-8248","page","type-page","status-publish","hentry"],"acf":[],"_links":{"self":[{"href":"https:\/\/hoteldvorak.com\/es\/wp-json\/wp\/v2\/pages\/8248","targetHints":{"allow":["GET"]}}],"collection":[{"href":"https:\/\/hoteldvorak.com\/es\/wp-json\/wp\/v2\/pages"}],"about":[{"href":"https:\/\/hoteldvorak.com\/es\/wp-json\/wp\/v2\/types\/page"}],"author":[{"embeddable":true,"href":"https:\/\/hoteldvorak.com\/es\/wp-json\/wp\/v2\/users\/1"}],"replies":[{"embeddable":true,"href":"https:\/\/hoteldvorak.com\/es\/wp-json\/wp\/v2\/comments?post=8248"}],"version-history":[{"count":1,"href":"https:\/\/hoteldvorak.com\/es\/wp-json\/wp\/v2\/pages\/8248\/revisions"}],"predecessor-version":[{"id":8250,"href":"https:\/\/hoteldvorak.com\/es\/wp-json\/wp\/v2\/pages\/8248\/revisions\/8250"}],"wp:attachment":[{"href":"https:\/\/hoteldvorak.com\/es\/wp-json\/wp\/v2\/media?parent=8248"}],"curies":[{"name":"wp","href":"https:\/\/api.w.org\/{rel}","templated":true}]}}