{"id":8393,"date":"2022-04-26T01:44:25","date_gmt":"2022-04-25T23:44:25","guid":{"rendered":"https:\/\/dvorak.beautedelamer.cz\/gastronomia\/"},"modified":"2026-02-24T18:35:21","modified_gmt":"2026-02-24T17:35:21","slug":"gastronomia","status":"publish","type":"page","link":"https:\/\/hoteldvorak.com\/es\/gastronomia\/","title":{"rendered":"Gastronom\u00eda"},"content":{"rendered":"\t\t<div data-elementor-type=\"wp-page\" data-elementor-id=\"8393\" class=\"elementor elementor-8393\" data-elementor-post-type=\"page\">\n\t\t\t\t\t\t<section class=\"elementor-section elementor-top-section elementor-element elementor-element-f0680c2 elementor-section-stretched elementor-section-full_width elementor-section-height-default elementor-section-height-default\" data-id=\"f0680c2\" data-element_type=\"section\" data-e-type=\"section\" data-settings=\"{&quot;stretch_section&quot;:&quot;section-stretched&quot;,&quot;background_background&quot;:&quot;classic&quot;}\">\n\t\t\t\t\t\t\t<div class=\"elementor-background-overlay\"><\/div>\n\t\t\t\t\t\t\t<div class=\"elementor-container elementor-column-gap-no\">\n\t\t\t\t\t<div class=\"elementor-column elementor-col-100 elementor-top-column elementor-element elementor-element-84c9bdc\" data-id=\"84c9bdc\" data-element_type=\"column\" data-e-type=\"column\" data-settings=\"{&quot;background_background&quot;:&quot;classic&quot;,&quot;background_motion_fx_motion_fx_scrolling&quot;:&quot;yes&quot;,&quot;background_motion_fx_translateY_effect&quot;:&quot;yes&quot;,&quot;background_motion_fx_translateY_speed&quot;:{&quot;unit&quot;:&quot;px&quot;,&quot;size&quot;:3,&quot;sizes&quot;:[]},&quot;background_motion_fx_devices&quot;:[&quot;desktop&quot;,&quot;laptop&quot;,&quot;tablet_extra&quot;,&quot;tablet&quot;],&quot;background_motion_fx_translateY_affectedRange&quot;:{&quot;unit&quot;:&quot;%&quot;,&quot;size&quot;:&quot;&quot;,&quot;sizes&quot;:{&quot;start&quot;:0,&quot;end&quot;:100}}}\">\n\t\t\t<div class=\"elementor-widget-wrap elementor-element-populated\">\n\t\t\t\t\t<div class=\"elementor-background-overlay\"><\/div>\n\t\t\t\t\t\t<div class=\"elementor-element elementor-element-d193c3f elementor-widget elementor-widget-heading\" data-id=\"d193c3f\" data-element_type=\"widget\" data-e-type=\"widget\" data-widget_type=\"heading.default\">\n\t\t\t\t\t<h2 class=\"elementor-heading-title elementor-size-default\">Nuestro restaurante<\/h2>\t\t\t\t<\/div>\n\t\t\t\t\t<\/div>\n\t\t<\/div>\n\t\t\t\t\t<\/div>\n\t\t<\/section>\n\t\t\t\t<section class=\"elementor-section elementor-top-section elementor-element elementor-element-8335ee4 elementor-section-stretched elementor-section-boxed elementor-section-height-default elementor-section-height-default\" data-id=\"8335ee4\" data-element_type=\"section\" data-e-type=\"section\" data-settings=\"{&quot;stretch_section&quot;:&quot;section-stretched&quot;}\">\n\t\t\t\t\t\t<div class=\"elementor-container elementor-column-gap-no\">\n\t\t\t\t\t<div class=\"elementor-column elementor-col-100 elementor-top-column elementor-element elementor-element-907f850\" data-id=\"907f850\" data-element_type=\"column\" data-e-type=\"column\">\n\t\t\t<div class=\"elementor-widget-wrap elementor-element-populated\">\n\t\t\t\t\t\t<div class=\"elementor-element elementor-element-50fc411 elementor-widget elementor-widget-heading\" data-id=\"50fc411\" data-element_type=\"widget\" data-e-type=\"widget\" data-widget_type=\"heading.default\">\n\t\t\t\t\t<h2 class=\"elementor-heading-title elementor-size-default\">Bridge Bar &amp; Caf\u00e9<\/h2>\t\t\t\t<\/div>\n\t\t\t\t<div class=\"elementor-element elementor-element-8602f9e elementor-widget elementor-widget-text-editor\" data-id=\"8602f9e\" data-element_type=\"widget\" data-e-type=\"widget\" data-widget_type=\"text-editor.default\">\n\t\t\t\t\t\t\t\t\t<p><strong data-start=\"0\" data-end=\"21\">Bridge BAR &amp; Caf\u00e9<\/strong> es un agradable espacio del Hotel Dvo\u0159\u00e1k: un lugar al que puede acudir en cualquier momento del d\u00eda para disfrutar de un momento de calma, un buen caf\u00e9 o una copa por la noche. En su ambiente informal es f\u00e1cil bajar el ritmo despu\u00e9s de un paseo por el centro hist\u00f3rico, antes de un concierto o tras regresar del castillo.<\/p><p><strong>10:00 &#8211; 22:00<\/strong><\/p>\t\t\t\t\t\t\t\t<\/div>\n\t\t\t\t\t<\/div>\n\t\t<\/div>\n\t\t\t\t\t<\/div>\n\t\t<\/section>\n\t\t\t\t<section class=\"elementor-section elementor-top-section elementor-element elementor-element-cd2aa57 elementor-section-stretched elementor-section-boxed elementor-section-height-default elementor-section-height-default\" data-id=\"cd2aa57\" data-element_type=\"section\" data-e-type=\"section\" data-settings=\"{&quot;stretch_section&quot;:&quot;section-stretched&quot;}\">\n\t\t\t\t\t\t<div class=\"elementor-container elementor-column-gap-no\">\n\t\t\t\t\t<div class=\"elementor-column elementor-col-100 elementor-top-column elementor-element elementor-element-827c88a\" data-id=\"827c88a\" data-element_type=\"column\" data-e-type=\"column\">\n\t\t\t<div class=\"elementor-widget-wrap elementor-element-populated\">\n\t\t\t\t\t\t<div class=\"elementor-element elementor-element-f8de549 elementor-widget elementor-widget-heading\" data-id=\"f8de549\" data-element_type=\"widget\" data-e-type=\"widget\" data-widget_type=\"heading.default\">\n\t\t\t\t\t<h2 class=\"elementor-heading-title elementor-size-default\">Terraza junto al r\u00edo<\/h2>\t\t\t\t<\/div>\n\t\t\t\t<div class=\"elementor-element elementor-element-c73079d elementor-widget elementor-widget-text-editor\" data-id=\"c73079d\" data-element_type=\"widget\" data-e-type=\"widget\" data-widget_type=\"text-editor.default\">\n\t\t\t\t\t\t\t\t\t<p><strong data-start=\"0\" data-end=\"17\">River Terrace<\/strong> es la agradable terraza de verano del Hotel Dvo\u0159\u00e1k \u2014 literalmente junto al <strong data-start=\"85\" data-end=\"100\">r\u00edo Vltava<\/strong>, con una vista inseparable de \u010cesk\u00fd Krumlov: la <strong data-start=\"146\" data-end=\"178\">torre del castillo y el perfil del castillo<\/strong> como tel\u00f3n de fondo para relajarse. Normalmente abrimos la terraza para los hu\u00e9spedes <strong data-start=\"255\" data-end=\"274\">durante el mes de abril<\/strong> (seg\u00fan el tiempo), y es un lugar ideal para sentarse tranquilamente durante el d\u00eda o al atardecer.<\/p><p>En la carta encontrar\u00e1 opciones de temporada m\u00e1s ligeras \u2014 <strong data-start=\"433\" data-end=\"497\">ensaladas, especialidades a la parrilla, copas de helado y vinos de verano<\/strong> \u2014 justo lo que acompa\u00f1a a la agradable atm\u00f3sfera junto al agua.<\/p><p><strong>10:00 &#8211; 22:00<\/strong><\/p>\t\t\t\t\t\t\t\t<\/div>\n\t\t\t\t\t<\/div>\n\t\t<\/div>\n\t\t\t\t\t<\/div>\n\t\t<\/section>\n\t\t\t\t<\/div>\n\t\t","protected":false},"excerpt":{"rendered":"<p>Nuestro restaurante Bridge Bar &amp; Caf\u00e9 Bridge BAR &amp; Caf\u00e9 es un agradable espacio del Hotel Dvo\u0159\u00e1k: un lugar al que puede acudir en cualquier momento del d\u00eda para disfrutar de un momento de calma, un buen caf\u00e9 o una copa por la noche. En su ambiente informal es f\u00e1cil bajar el ritmo despu\u00e9s de [&hellip;]<\/p>\n","protected":false},"author":1,"featured_media":0,"parent":0,"menu_order":0,"comment_status":"closed","ping_status":"closed","template":"template-homepage.php","meta":{"_acf_changed":false,"footnotes":""},"class_list":["post-8393","page","type-page","status-publish","hentry"],"acf":[],"_links":{"self":[{"href":"https:\/\/hoteldvorak.com\/es\/wp-json\/wp\/v2\/pages\/8393","targetHints":{"allow":["GET"]}}],"collection":[{"href":"https:\/\/hoteldvorak.com\/es\/wp-json\/wp\/v2\/pages"}],"about":[{"href":"https:\/\/hoteldvorak.com\/es\/wp-json\/wp\/v2\/types\/page"}],"author":[{"embeddable":true,"href":"https:\/\/hoteldvorak.com\/es\/wp-json\/wp\/v2\/users\/1"}],"replies":[{"embeddable":true,"href":"https:\/\/hoteldvorak.com\/es\/wp-json\/wp\/v2\/comments?post=8393"}],"version-history":[{"count":1,"href":"https:\/\/hoteldvorak.com\/es\/wp-json\/wp\/v2\/pages\/8393\/revisions"}],"predecessor-version":[{"id":8402,"href":"https:\/\/hoteldvorak.com\/es\/wp-json\/wp\/v2\/pages\/8393\/revisions\/8402"}],"wp:attachment":[{"href":"https:\/\/hoteldvorak.com\/es\/wp-json\/wp\/v2\/media?parent=8393"}],"curies":[{"name":"wp","href":"https:\/\/api.w.org\/{rel}","templated":true}]}}