{"id":9324,"date":"2026-02-08T17:28:14","date_gmt":"2026-02-08T16:28:14","guid":{"rendered":"https:\/\/dvorak.beautedelamer.cz\/rgpd\/"},"modified":"2026-03-19T17:38:40","modified_gmt":"2026-03-19T16:38:40","slug":"rgpd","status":"publish","type":"page","link":"https:\/\/hoteldvorak.com\/es\/rgpd\/","title":{"rendered":"RGPD"},"content":{"rendered":"\t\t<div data-elementor-type=\"wp-page\" data-elementor-id=\"9324\" class=\"elementor elementor-9324\" data-elementor-post-type=\"page\">\n\t\t\t\t<div class=\"elementor-element elementor-element-708e9376 e-flex e-con-boxed e-con e-parent\" data-id=\"708e9376\" data-element_type=\"container\" data-e-type=\"container\">\n\t\t\t\t\t<div class=\"e-con-inner\">\n\t\t\t\t<div class=\"elementor-element elementor-element-5e204e97 elementor-widget elementor-widget-text-editor\" data-id=\"5e204e97\" data-element_type=\"widget\" data-e-type=\"widget\" data-widget_type=\"text-editor.default\">\n\t\t\t\t\t\t\t\t\t\n<p><b>Reglamento General de Protecci\u00f3n de Datos GDPR<\/b><\/p>\n<p>\u00a0 \u00a0 \u00a0 \u00a0 \u00a0 Principios y tratamiento de los datos personales de la sociedad CzechAg s.r.o., NIF 4943008<\/p>\n<p>\u00a0<\/p>\n<p>\u00a0<\/p>\n<p>Estos principios se basan en la Directiva para el tratamiento de datos personales adoptada por CzechAg s.r.o. (en adelante, la \u00abSociedad\u00bb) para el tratamiento y la protecci\u00f3n de los datos personales<\/p>\n<p>en el sentido del Reglamento General de Protecci\u00f3n de Datos (GDPR) y de conformidad con el ordenamiento jur\u00eddico vigente<\/p>\n<p>de la Rep\u00fablica Checa, en particular la Ley n.\u00ba 110\/2019 Coll., sobre el tratamiento de datos personales,<\/p>\n<p>vigente desde el 24\/04\/2019, en su versi\u00f3n actual. Estos principios proporcionan informaci\u00f3n sobre los principios b\u00e1sicos<\/p>\n<p>seg\u00fan los cuales la Sociedad trata los datos personales de representantes estatutarios, candidatos a puestos de trabajo,<\/p>\n<p>personas f\u00edsicas empresarias, clientes, interesados, representantes de personas jur\u00eddicas, proveedores,<\/p>\n<p>clientes (compradores de bienes y servicios, hu\u00e9spedes, hu\u00e9spedes alojados), socios comerciales y contractuales,<\/p>\n<p>arrendatarios, titulares de tarjetas, empleados, trabajadores temporales, trabajadores de temporada,<\/p>\n<p>estudiantes en pr\u00e1cticas, transportistas y visitantes.<\/p>\n<p>\u00a0<\/p>\n<p><b>1. Introducci\u00f3n<\/b><\/p>\n<p>1.1. La Sociedad, en calidad de responsable del tratamiento de datos personales, trata los datos personales de los interesados en el marco<\/p>\n<p>de todas sus actividades principales, sobre la base de la divisi\u00f3n de los distintos departamentos de la Sociedad, y tambi\u00e9n mediante<\/p>\n<p>medidas de seguridad, como el acceso controlado a dicha informaci\u00f3n. Asimismo, trata<\/p>\n<p>los datos personales de sus empleados para fines leg\u00edtimos relacionados con su relaci\u00f3n laboral con la<\/p>\n<p>Sociedad.\u00a0<\/p>\n<p>1.2. La Sociedad trata los datos personales de los interesados de conformidad con la entrada en vigor del Reglamento (UE) n.\u00ba 2016\/679 del Parlamento Europeo y del Consejo relativo a la protecci\u00f3n de las personas f\u00edsicas en lo que respecta al tratamiento de datos personales y a la libre circulaci\u00f3n de estos datos, y por el que se deroga la Directiva<\/p>\n<p>95\/46\/CE (Reglamento General de Protecci\u00f3n de Datos), que es directamente aplicable en todos los<\/p>\n<p>Estados miembros de la UE (General Data Protection Regulation, \u00abGDPR\u00bb). Adem\u00e1s, la Sociedad<\/p>\n<p>trata los datos personales de los interesados de conformidad con la Ley n.\u00ba 110\/2019 Coll., sobre el tratamiento de datos<\/p>\n<p>personales.<\/p>\n<p>1.3. La Sociedad, como persona jur\u00eddica, trata datos personales y cumple al mismo tiempo las obligaciones del responsable<\/p>\n<p>de dichos datos, o en su caso del encargado del tratamiento, tal como lo establecen las disposiciones legales vigentes.<\/p>\n<p>1.4. El interesado proporciona a la Sociedad sus datos personales en funci\u00f3n de la finalidad de su<\/p>\n<p>tratamiento, cuyo alcance \u00edntegro se recoge en el Anexo n.\u00ba 1 de la Directiva para el tratamiento<\/p>\n<p>de datos personales de la Sociedad, trat\u00e1ndose en particular y de forma exclusiva de la definici\u00f3n de las finalidades del tratamiento<\/p>\n<p>de los datos personales:<\/p>\n<p>a) proceso de selecci\u00f3n para un puesto de trabajo;<\/p>\n<p>b) para garantizar los servicios prestados por la Sociedad, incluidos los de alojamiento, restauraci\u00f3n y hosteler\u00eda;<\/p>\n<p>c) para fines de intereses leg\u00edtimos de la Sociedad o de un tercero, para la protecci\u00f3n de sus propios derechos y<\/p>\n<p>reclamaciones;<\/p>\n<p>d) para la ejecuci\u00f3n del contrato entre el interesado y la Sociedad y el cumplimiento de obligaciones legales, incluidas las necesidades de<\/p>\n<p>registro y estad\u00edstica;<\/p>\n<p>e) para la comunicaci\u00f3n con clientes, proveedores y socios contractuales y comerciales;<\/p>\n<p>f) para asegurar la finalidad de la intermediaci\u00f3n de los servicios de la Sociedad, tales como especialmente alquiler,<\/p>\n<p>alojamiento y reservas;<\/p>\n<p>g) para actividades de formaci\u00f3n;<\/p>\n<p>h) para actividades promocionales y de marketing;<\/p>\n<p>i) para garantizar los procesos internos de seguridad y protecci\u00f3n de datos personales, la gesti\u00f3n salarial y<\/p>\n<p>de personal, as\u00ed como las obligaciones derivadas de la llevanza de la contabilidad;\u00a0<\/p>\n<p>j) para otros fines con el consentimiento del interesado para el tratamiento de sus datos personales.<\/p>\n<p>1.5. El consentimiento para el tratamiento de datos personales es otorgado por el interesado en los casos<\/p>\n<p>en que no pueda utilizarse otro fundamento jur\u00eddico para la finalidad del tratamiento.<\/p>\n<p>La Sociedad acepta el consentimiento del interesado como una manifestaci\u00f3n de voluntad libre, espec\u00edfica, informada e<\/p>\n<p>inequ\u00edvoca, mediante la cual el interesado expresa, a trav\u00e9s de una declaraci\u00f3n u otra confirmaci\u00f3n expresa,<\/p>\n<p>su autorizaci\u00f3n para el tratamiento de sus datos personales. El interesado tiene derecho a retirar su consentimiento en cualquier momento.<\/p>\n<p>La retirada del consentimiento no afectar\u00e1 a la licitud del tratamiento previo de los datos personales del<\/p>\n<p>interesado basado en el consentimiento otorgado anteriormente. Antes de otorgar el consentimiento, el<\/p>\n<p>interesado ser\u00e1 informado de ello.<\/p>\n<p><b>2. Finalidad del tratamiento de los datos personales de los interesados<\/b><\/p>\n<p>2.1. Los datos personales de los interesados deben recopilarse \u00fanicamente para fines determinados, expresamente<\/p>\n<p>indicados y demostrables, y no deber\u00e1n tratarse posteriormente de una manera incompatible con dichos<\/p>\n<p>fines. El tratamiento de datos personales se realiza principalmente para cubrir las actividades principales<\/p>\n<p>de la Sociedad y para las finalidades de tratamiento indicadas en el punto 1 de estos Principios<\/p>\n<p>de tratamiento de datos personales de la Sociedad, entre las que se encuentran especialmente la fabricaci\u00f3n, el comercio y los servicios<\/p>\n<p>no incluidos en los anexos 1 a 3 de la Ley de Licencias Comerciales, la actividad hostelera y otras.<\/p>\n<p>2.2. La Sociedad tambi\u00e9n trata los datos personales de los interesados para asegurar sus relaciones contractuales y otras,<\/p>\n<p>la llevanza de la contabilidad, la gesti\u00f3n de personal y n\u00f3minas, los procesos de selecci\u00f3n y otras actividades que<\/p>\n<p>est\u00e1n directamente relacionadas con las actividades principales de la Sociedad y que se definen en la Directiva interna para el<\/p>\n<p>tratamiento de datos personales de la Sociedad.<\/p>\n<p><b>3. Categor\u00edas de datos personales tratados<\/b><\/p>\n<p>3.1. La Sociedad recopila, trata y conserva las siguientes categor\u00edas de datos personales de los<\/p>\n<p>interesados, cuya composici\u00f3n viene determinada siempre por la necesidad del tratamiento de datos personales<\/p>\n<p>seg\u00fan la finalidad definida del tratamiento de datos personales para cada interesado:<\/p>\n<p>3.1.1. datos personales de direcci\u00f3n, contacto e identificaci\u00f3n, en particular: nombre, apellidos, fecha<\/p>\n<p>de nacimiento, n\u00famero de identificaci\u00f3n personal, domicilio, n\u00famero de tel\u00e9fono, correo electr\u00f3nico, direcci\u00f3n de notificaci\u00f3n, nacionalidad, n.\u00ba de documento de identidad,<\/p>\n<p>n.\u00ba de pasaporte, n.\u00ba de permiso de conducir, n.\u00ba de cuenta bancaria, buz\u00f3n de datos, experiencia personal; formaci\u00f3n,<\/p>\n<p>3.1.2. datos personales descriptivos, en particular: datos del interesado relativos a la relaci\u00f3n contractual,<\/p>\n<p>como son, adem\u00e1s de los datos personales ya indicados en el punto 3.1.1., el n\u00famero de identificaci\u00f3n fiscal, la direcci\u00f3n del domicilio social y del<\/p>\n<p>establecimiento, etc.;<\/p>\n<p>3.1.4. categor\u00edas especiales de datos personales, en particular datos sensibles del interesado;<\/p>\n<p>3.1.5. otros datos personalizados, en particular fotograf\u00edas o grabaciones de c\u00e1maras, datos biom\u00e9tricos,<\/p>\n<p>datos fisiol\u00f3gicos, datos de pago y datos relacionados con pedidos<\/p>\n<p><b>4. Principios del uso de cookies<\/b><\/p>\n<p>4.1 Las cookies son peque\u00f1os archivos de texto que un sitio web env\u00eda<\/p>\n<p>a su navegador. Permiten al sitio web registrar informaci\u00f3n sobre<\/p>\n<p>su visita, por ejemplo el idioma seleccionado y similares; la siguiente visita al sitio<\/p>\n<p>puede ser as\u00ed m\u00e1s f\u00e1cil y agradable para usted. Las cookies son importantes, ya que<\/p>\n<p>sin ellas navegar por Internet ser\u00eda mucho m\u00e1s complicado. Las cookies<\/p>\n<p>permiten un mejor uso de nuestro sitio web y adaptar su contenido<\/p>\n<p>a sus necesidades; casi todos los sitios web del mundo las utilizan. Las<\/p>\n<p>cookies son \u00fatiles porque aumentan la facilidad de uso de un sitio web<\/p>\n<p>visitado repetidamente.<\/p>\n<p>4.2 En las p\u00e1ginas web del responsable pueden utilizarse los siguientes tipos de cookies:<\/p>\n<p>4.2.1 Las cookies de sesi\u00f3n (es decir, temporales) nos permiten vincular sus<\/p>\n<p>actividades individuales durante la navegaci\u00f3n por estas p\u00e1ginas web. En el<\/p>\n<p>momento de abrir la ventana de su navegador, estos archivos se activan y<\/p>\n<p>se desactivan al cerrar dicha ventana. Las cookies de sesi\u00f3n son<\/p>\n<p>temporales y, al cerrar el navegador, todos estos archivos se eliminan.<\/p>\n<p>4.2.2 Las cookies permanentes nos ayudan a identificar su ordenador cuando<\/p>\n<p>vuelve a visitar nuestro sitio web. Otra ventaja de las cookies<\/p>\n<p>permanentes es que nos permiten adaptar nuestras p\u00e1ginas web a sus<\/p>\n<p>necesidades.<\/p>\n<p>4.3 De conformidad con lo dispuesto en el art\u00edculo 89, apartado 3, de la Ley n.\u00ba 127\/2005 Coll., sobre comunicaciones electr\u00f3nicas,<\/p>\n<p>en su redacci\u00f3n vigente, le informamos por la presente de que<\/p>\n<p>nuestro sitio web utiliza cookies para su funcionamiento, es decir,<\/p>\n<p>que tratamos sus cookies, incluidas las permanentes.<\/p>\n<p>4.4 Los navegadores de Internet suelen incluir gesti\u00f3n de cookies. En el marco<\/p>\n<p>de la configuraci\u00f3n de su navegador, probablemente puede eliminar manualmente,<\/p>\n<p>bloquear o desactivar por completo el uso de determinadas cookies. Para<\/p>\n<p>obtener m\u00e1s informaci\u00f3n, utilice la ayuda de su navegador de Internet. Si no<\/p>\n<p>permite el uso de cookies, algunas funciones y p\u00e1ginas pueden no<\/p>\n<p>funcionar como deber\u00edan. En la configuraci\u00f3n de su navegador tambi\u00e9n puede<\/p>\n<p>eliminar todas o determinadas cookies almacenadas en su dispositivo. Para<\/p>\n<p>navegar por la web sin almacenar informaci\u00f3n, tambi\u00e9n puede utilizar la funci\u00f3n denominada<\/p>\n<p>navegaci\u00f3n an\u00f3nima, que ofrecen algunos navegadores. Durante la<\/p>\n<p>navegaci\u00f3n an\u00f3nima no se almacenan cookies en su dispositivo.<\/p>\n<p>4.5 Utilizamos cookies para personalizar contenidos y anuncios, proporcionar funciones de redes sociales y<\/p>\n<p>analizar nuestro tr\u00e1fico. La informaci\u00f3n sobre c\u00f3mo<\/p>\n<p>utiliza nuestro sitio web la compartimos con nuestros socios que operan en el \u00e1mbito<\/p>\n<p>de las redes sociales, la publicidad y el an\u00e1lisis. Al utilizar las p\u00e1ginas web<\/p>\n<p>expresa su consentimiento para la conexi\u00f3n especialmente con los siguientes servicios:<\/p>\n<p>4.5.1 Google<\/p>\n<p>4.5.2 Facebook<\/p>\n<p>4.5.3 Twitter<\/p>\n<p>4.5.4 Instagram<\/p>\n<p>4.5.5 Y otros, como especialmente los navegadores de Internet: Opera, Safari, Mozilla<\/p>\n<p>Firefox, Seznam.cz, Microsoft Edge, Internet Explorer.<\/p>\n<p>4.6 Para mostrar publicidad dirigida dentro de redes publicitarias y sociales en otros<\/p>\n<p>sitios web, transmitimos a dichas redes publicitarias y sociales<\/p>\n<p>datos sobre su comportamiento en la web; sin embargo, no les transmitimos sus datos de identificaci\u00f3n<\/p>\n<p>personales.<\/p>\n<p><b>5. Forma de tratamiento y conservaci\u00f3n de los datos personales y plazo de conservaci\u00f3n en la Sociedad<\/b><\/p>\n<p>5.1. La Sociedad trata los datos personales del interesado de forma manual o automatizada y<\/p>\n<p>los conserva de manera segura en formato papel o electr\u00f3nico durante el per\u00edodo establecido por la normativa de archivo,<\/p>\n<p>registro y eliminaci\u00f3n documental.\u00a0<\/p>\n<p>5.2. La Sociedad trata los datos personales de manera que garantice su adecuada seguridad<\/p>\n<p>mediante medidas de seguridad implementadas frente al tratamiento no autorizado o il\u00edcito y<\/p>\n<p>frente a la p\u00e9rdida accidental, destrucci\u00f3n o da\u00f1o, por ejemplo mediante acceso controlado a esta<\/p>\n<p>informaci\u00f3n, el cifrado y la anonimizaci\u00f3n de los datos personales, la capacidad de restablecer la<\/p>\n<p>disponibilidad de los datos personales o, por ejemplo, mediante auditor\u00edas peri\u00f3dicas de las medidas<\/p>\n<p>de seguridad implantadas.<\/p>\n<p><b>6. Cesi\u00f3n de datos personales<\/b><\/p>\n<p>6.1. La Sociedad no transmite datos personales a otras personas, salvo a sus encargados del tratamiento de datos<\/p>\n<p>personales o a responsables del tratamiento de datos personales (cuando dicha obligaci\u00f3n se establezca por relaci\u00f3n contractual con el<\/p>\n<p>responsable, encargado o subencargado), si la obligaci\u00f3n de transmitirlos a \u00f3rganos,<\/p>\n<p>autoridades o instituciones no viene impuesta a la Sociedad por una disposici\u00f3n legal o no se ha otorgado para ello<\/p>\n<p>el consentimiento del interesado.<\/p>\n<p>6.2. En el tratamiento de datos personales en la Sociedad, como responsable del tratamiento de datos personales, no se produce<\/p>\n<p>la adopci\u00f3n automatizada de decisiones sobre cuya base se realicen actos o resoluciones cuyo<\/p>\n<p>contenido suponga una injerencia en los derechos o intereses leg\u00edtimos de los interesados.<\/p>\n<p><b>7. Derechos del interesado<\/b><\/p>\n<p>7.1. El interesado, previa solicitud, recibir\u00e1 de la Sociedad, salvo que en la solicitud se indique lo contrario,<\/p>\n<p>toda la informaci\u00f3n sobre el tratamiento de sus datos, de forma breve, comprensible y f\u00e1cilmente accesible,<\/p>\n<p>utilizando un lenguaje claro y sencillo.<\/p>\n<p>7.2. La solicitud puede presentarse por medios electr\u00f3nicos, mediante presentaci\u00f3n a trav\u00e9s del buz\u00f3n de datos<\/p>\n<p>o del prestador de servicios postales, o mediante declaraci\u00f3n verbal que se recoja en acta en la<\/p>\n<p>Sociedad; la solicitud no puede presentarse por tel\u00e9fono.<\/p>\n<p>7.3. Si los datos personales relativos al interesado se obtienen directamente de \u00e9l, la<\/p>\n<p>Sociedad le facilitar\u00e1 en el momento de la obtenci\u00f3n de los datos personales la siguiente informaci\u00f3n:<\/p>\n<p>a) la identidad y los datos de contacto del responsable,<\/p>\n<p>b) los datos de contacto del delegado de protecci\u00f3n de datos (DPO),<\/p>\n<p>c) las finalidades del tratamiento para las que se destinan y tratan los datos personales, y la base jur\u00eddica de<\/p>\n<p>su tratamiento,<\/p>\n<p>d) los intereses leg\u00edtimos del responsable o de un tercero, cuando el tratamiento se base en dicho<\/p>\n<p>fundamento jur\u00eddico,<\/p>\n<p>e) los posibles destinatarios o categor\u00edas de destinatarios de los datos personales, incluido cualquier encargado del tratamiento,<\/p>\n<p>f) la posible intenci\u00f3n del responsable de transferir datos personales a un tercer pa\u00eds o a una organizaci\u00f3n internacional,<\/p>\n<p>incluida la referencia a garant\u00edas adecuadas,<\/p>\n<p>g) el per\u00edodo durante el cual los datos personales se conservar\u00e1n en la Sociedad o, si no fuera posible determinarlo,<\/p>\n<p>los criterios utilizados para determinar dicho per\u00edodo,<\/p>\n<p>h) la existencia del derecho a solicitar a la Sociedad el acceso a los datos personales relativos al interesado,<\/p>\n<p>su rectificaci\u00f3n o supresi\u00f3n, o la limitaci\u00f3n del tratamiento, as\u00ed como a oponerse al<\/p>\n<p>tratamiento, y el derecho a la portabilidad de los datos,<\/p>\n<p>i) si el tratamiento se basa en el consentimiento del interesado, la existencia del derecho a retirar en cualquier momento<\/p>\n<p>el consentimiento, sin que ello afecte a la licitud del tratamiento basado en el consentimiento otorgado antes de su<\/p>\n<p>retirada,<\/p>\n<p>j) la posibilidad de presentar una reclamaci\u00f3n ante una autoridad de control,<\/p>\n<p>k) si el suministro de datos personales constituye un requisito legal o contractual, o un<\/p>\n<p>requisito necesario para celebrar un contrato futuro, y si el interesado est\u00e1 obligado a proporcionar los datos personales,<\/p>\n<p>as\u00ed como las posibles consecuencias de no facilitarlos,<\/p>\n<p>l) si existe toma de decisiones automatizada, incluida la elaboraci\u00f3n de perfiles, y al menos<\/p>\n<p>en tales casos, informaci\u00f3n significativa sobre el procedimiento utilizado, as\u00ed como la importancia y<\/p>\n<p>las consecuencias previstas de dicho tratamiento para el interesado.<\/p>\n<p>7.4. Si la Sociedad tiene la intenci\u00f3n de tratar ulteriormente los datos personales para una finalidad distinta de aquella para la que<\/p>\n<p>fueron recogidos, facilitar\u00e1 al interesado, antes de dicho tratamiento ulterior, informaci\u00f3n<\/p>\n<p>sobre esa otra finalidad.<\/p>\n<p>7.5. La Sociedad no estar\u00e1 obligada a facilitar al interesado informaci\u00f3n sobre el tratamiento cuando<\/p>\n<p>el interesado ya disponga de dicha informaci\u00f3n y en la medida en que la posea.<\/p>\n<p>7.6. Si los datos personales no se han obtenido del interesado, la Sociedad le facilitar\u00e1 la misma<\/p>\n<p>informaci\u00f3n y, adem\u00e1s, la fuente de la que proceden los datos personales y, en su caso, informaci\u00f3n sobre si<\/p>\n<p>los datos proceden de fuentes de acceso p\u00fablico.<\/p>\n<p>7.8. La Sociedad no aplicar\u00e1 la obligaci\u00f3n de informaci\u00f3n en caso de obtener datos personales de alguien distinto del interesado<\/p>\n<p>si la obtenci\u00f3n o comunicaci\u00f3n est\u00e1 expresamente prevista<\/p>\n<p>por una disposici\u00f3n legal aplicable a la Sociedad y en ella se establecen medidas de seguridad y<\/p>\n<p>organizativas para proteger los intereses leg\u00edtimos del interesado.<\/p>\n<p>7.9. El interesado que descubra o considere que la Sociedad, como responsable del tratamiento,<\/p>\n<p>o cualquier otra persona que trate datos personales para la Sociedad, est\u00e1 tratando sus<\/p>\n<p>datos personales en contradicci\u00f3n con el reglamento en materia de protecci\u00f3n de datos personales o en contradicci\u00f3n<\/p>\n<p>con las obligaciones legales en materia de protecci\u00f3n de datos personales, puede solicitar una explicaci\u00f3n o<\/p>\n<p>exigir que la Sociedad o el encargado eliminen la situaci\u00f3n as\u00ed surgida. Si la Sociedad<\/p>\n<p>o el encargado correspondiente no atienden la solicitud, el interesado puede dirigirse a la Autoridad de Protecci\u00f3n<\/p>\n<p>de Datos Personales, sin perjuicio del derecho del interesado a dirigirse directamente a dicha Autoridad.<\/p>\n<p>7.10. El interesado tiene adem\u00e1s los siguientes derechos:<\/p>\n<p>1. obtener de la Sociedad, siempre que se cumplan las condiciones para ello, informaci\u00f3n sobre el tratamiento de sus<\/p>\n<p>datos personales (informaci\u00f3n sobre la identidad y los datos de contacto del responsable y de su eventual<\/p>\n<p>representante; en su caso, los datos de contacto del delegado de protecci\u00f3n de datos (DPO), las finalidades<\/p>\n<p>del tratamiento para las que se destinan los datos personales y la base jur\u00eddica del tratamiento, los posibles<\/p>\n<p>destinatarios o categor\u00edas de destinatarios de los datos personales y dem\u00e1s informaci\u00f3n necesaria para<\/p>\n<p>garantizar un tratamiento transparente y correcto de sus datos personales),<\/p>\n<p>2. obtener de la Sociedad acceso a los datos personales, es decir, obtener de la Sociedad confirmaci\u00f3n de<\/p>\n<p>si est\u00e1 tratando datos personales que le conciernen y, en tal caso, el interesado<\/p>\n<p>tiene derecho a acceder a dichos datos personales y a informaci\u00f3n adicional en el<\/p>\n<p>alcance legal,<\/p>\n<p>3. rectificar sus datos personales inexactos o completar los datos personales<\/p>\n<p>incompletos,<\/p>\n<p>4. suprimir sus datos personales, si se cumplen las condiciones legales, por ejemplo, si<\/p>\n<p>los datos personales ya no son necesarios para los fines para los que fueron obtenidos o tratados de otro modo,<\/p>\n<p>o, por ejemplo, si el interesado retira su consentimiento,<\/p>\n<p>5. limitar el tratamiento de sus datos personales por parte de la Sociedad, si se cumplen las condiciones legales,<\/p>\n<p>6. la portabilidad de los datos, es decir, obtener los datos personales que le conciernen y que<\/p>\n<p>haya facilitado a la Sociedad, en un formato estructurado, de uso com\u00fan y lectura mec\u00e1nica,<\/p>\n<p>7. oponerse en cualquier momento, por motivos relacionados con su situaci\u00f3n particular, al tratamiento de los datos personales<\/p>\n<p>que le conciernen;<\/p>\n<p>8. no ser objeto de una decisi\u00f3n individual automatizada, incluida la elaboraci\u00f3n de perfiles,<\/p>\n<p>salvo que el interesado otorgue su consentimiento, excepto en los casos en que el tratamiento automatizado<\/p>\n<p>est\u00e9 permitido por una disposici\u00f3n legal;<\/p>\n<p>9. presentar una reclamaci\u00f3n ante la autoridad de control.<\/p>\n<p>7.11. La Sociedad est\u00e1 facultada para exigir al interesado, al presentar una solicitud de<\/p>\n<p>ejercicio de alguno de los derechos antes mencionados, su identificaci\u00f3n personal mediante verificaci\u00f3n por parte del empleado competente,<\/p>\n<p>o la identificaci\u00f3n mediante otros m\u00e9todos disponibles (por ejemplo, buz\u00f3n de datos,<\/p>\n<p>verificaci\u00f3n notarial\/CzechPOINT de la firma en la solicitud del interesado, o personalmente en el domicilio social de la<\/p>\n<p>Sociedad).<\/p>\n<p>7.12. La Sociedad est\u00e1 facultada, en los casos previstos por la normativa legal, para exigir por la facilitaci\u00f3n de<\/p>\n<p>informaci\u00f3n sobre los datos personales tratados del interesado una compensaci\u00f3n razonable<\/p>\n<p>que no exceda de los costes necesarios para proporcionar la informaci\u00f3n.<\/p>\n<p><b>8. Disposiciones finales<\/b><\/p>\n<p>8.1. El interesado puede obtener toda la informaci\u00f3n sobre el tratamiento de sus datos personales<\/p>\n<p>en persona o por correo electr\u00f3nico. Los datos de contacto actuales de la persona Delegada de Protecci\u00f3n<\/p>\n<p>de Datos Personales figuran en el sitio web de nuestra Sociedad. El ejercicio de los derechos derivados de la normativa vigente en materia de tratamiento y protecci\u00f3n de datos personales puede ser ejercido por el interesado en la direcci\u00f3n de correo electr\u00f3nico del delegado de protecci\u00f3n de datos: reception@hoteldvorak.com.<\/p>\n<p>8.2. El interesado tiene derecho a dirigirse a la Autoridad de Protecci\u00f3n de Datos Personales con sede en Praga 7,<\/p>\n<p>Pplk. Sochora 27, 170 00, tel. centralita +420 234 665 111, web: https:\/\/www.uoou.cz,<\/p>\n<p>en particular en caso de que la Sociedad no atienda una solicitud de explicaci\u00f3n o de eliminaci\u00f3n de la situaci\u00f3n surgida<\/p>\n<p>por el tratamiento de datos personales.<\/p>\n\t\t\t\t\t\t\t\t<\/div>\n\t\t\t\t\t<\/div>\n\t\t\t\t<\/div>\n\t\t\t\t<\/div>\n\t\t","protected":false},"excerpt":{"rendered":"<p>Reglamento General de Protecci\u00f3n de Datos GDPR \u00a0 \u00a0 \u00a0 \u00a0 \u00a0 Principios y tratamiento de los datos personales de la sociedad CzechAg s.r.o., NIF 4943008 \u00a0 \u00a0 Estos principios se basan en la Directiva para el tratamiento de datos personales adoptada por CzechAg s.r.o. (en adelante, la \u00abSociedad\u00bb) para el tratamiento y la protecci\u00f3n [&hellip;]<\/p>\n","protected":false},"author":1,"featured_media":0,"parent":0,"menu_order":0,"comment_status":"closed","ping_status":"open","template":"","meta":{"_acf_changed":false,"footnotes":""},"class_list":["post-9324","page","type-page","status-publish","hentry"],"acf":[],"_links":{"self":[{"href":"https:\/\/hoteldvorak.com\/es\/wp-json\/wp\/v2\/pages\/9324","targetHints":{"allow":["GET"]}}],"collection":[{"href":"https:\/\/hoteldvorak.com\/es\/wp-json\/wp\/v2\/pages"}],"about":[{"href":"https:\/\/hoteldvorak.com\/es\/wp-json\/wp\/v2\/types\/page"}],"author":[{"embeddable":true,"href":"https:\/\/hoteldvorak.com\/es\/wp-json\/wp\/v2\/users\/1"}],"replies":[{"embeddable":true,"href":"https:\/\/hoteldvorak.com\/es\/wp-json\/wp\/v2\/comments?post=9324"}],"version-history":[{"count":2,"href":"https:\/\/hoteldvorak.com\/es\/wp-json\/wp\/v2\/pages\/9324\/revisions"}],"predecessor-version":[{"id":9501,"href":"https:\/\/hoteldvorak.com\/es\/wp-json\/wp\/v2\/pages\/9324\/revisions\/9501"}],"wp:attachment":[{"href":"https:\/\/hoteldvorak.com\/es\/wp-json\/wp\/v2\/media?parent=9324"}],"curies":[{"name":"wp","href":"https:\/\/api.w.org\/{rel}","templated":true}]}}