{"id":8239,"date":"2026-02-04T19:32:41","date_gmt":"2026-02-04T18:32:41","guid":{"rendered":"https:\/\/dvorak.beautedelamer.cz\/cesky-krumlov\/"},"modified":"2026-02-24T17:48:57","modified_gmt":"2026-02-24T16:48:57","slug":"cesky-krumlov","status":"publish","type":"page","link":"https:\/\/hoteldvorak.com\/it\/cesky-krumlov\/","title":{"rendered":"\u010cesk\u00fd Krumlov"},"content":{"rendered":"\t\t<div data-elementor-type=\"wp-page\" data-elementor-id=\"8239\" class=\"elementor elementor-8239\" data-elementor-post-type=\"page\">\n\t\t\t\t<div class=\"elementor-element elementor-element-3adfd25 e-flex e-con-boxed e-con e-parent\" data-id=\"3adfd25\" data-element_type=\"container\" data-e-type=\"container\">\n\t\t\t\t\t<div class=\"e-con-inner\">\n\t\t\t\t<div class=\"elementor-element elementor-element-cd8b9d7 elementor-widget elementor-widget-heading\" data-id=\"cd8b9d7\" data-element_type=\"widget\" data-e-type=\"widget\" data-widget_type=\"heading.default\">\n\t\t\t\t\t<h2 class=\"elementor-heading-title elementor-size-default\">\u010cesk\u00fd Krumlov \u2013 una citt\u00e0 storica ricca di monumenti, esperienze e un\u2019atmosfera unica<\/h2>\t\t\t\t<\/div>\n\t\t\t\t\t<\/div>\n\t\t\t\t<\/div>\n\t\t<div class=\"elementor-element elementor-element-131e921 e-flex e-con-boxed e-con e-parent\" data-id=\"131e921\" data-element_type=\"container\" data-e-type=\"container\">\n\t\t\t\t\t<div class=\"e-con-inner\">\n\t\t<div class=\"elementor-element elementor-element-24083fa e-con-full e-flex e-con e-child\" data-id=\"24083fa\" data-element_type=\"container\" data-e-type=\"container\">\n\t\t\t\t<div class=\"elementor-element elementor-element-0805075 elementor-widget elementor-widget-text-editor\" data-id=\"0805075\" data-element_type=\"widget\" data-e-type=\"widget\" data-widget_type=\"text-editor.default\">\n\t\t\t\t\t\t\t\t\t<p>\u010cesk\u00fd Krumlov \u00e8 tra le citt\u00e0 storiche pi\u00f9 visitate della Repubblica Ceca e, a ragione, \u00e8 inserita nella lista del Patrimonio Mondiale UNESCO. Questa pittoresca cittadina della Boemia meridionale affascina visitatori da tutto il mondo con la sua architettura ben conservata, la ricca storia e un\u2019atmosfera irripetibile.<\/p>\t\t\t\t\t\t\t\t<\/div>\n\t\t\t\t<\/div>\n\t\t<div class=\"elementor-element elementor-element-9b24d1a e-con-full e-flex e-con e-child\" data-id=\"9b24d1a\" data-element_type=\"container\" data-e-type=\"container\">\n\t\t\t\t<div class=\"elementor-element elementor-element-cb2a82c elementor-widget elementor-widget-text-editor\" data-id=\"cb2a82c\" data-element_type=\"widget\" data-e-type=\"widget\" data-widget_type=\"text-editor.default\">\n\t\t\t\t\t\t\t\t\t<p data-start=\"351\" data-end=\"760\">Il centro storico, abbracciato da un\u2019ansa del fiume Moldava, sembra un museo a cielo aperto dove il passato si intreccia naturalmente con la vita di oggi.<\/p>\t\t\t\t\t\t\t\t<\/div>\n\t\t\t\t<\/div>\n\t\t\t\t\t<\/div>\n\t\t\t\t<\/div>\n\t\t<div class=\"elementor-element elementor-element-e7c6114 e-flex e-con-boxed e-con e-parent\" data-id=\"e7c6114\" data-element_type=\"container\" data-e-type=\"container\">\n\t\t\t\t\t<div class=\"e-con-inner\">\n\t\t<div class=\"elementor-element elementor-element-bcf9fcd e-con-full e-flex e-con e-child\" data-id=\"bcf9fcd\" data-element_type=\"container\" data-e-type=\"container\">\n\t\t\t\t<div class=\"elementor-element elementor-element-f23adc3 elementor-widget elementor-widget-text-editor\" data-id=\"f23adc3\" data-element_type=\"widget\" data-e-type=\"widget\" data-widget_type=\"text-editor.default\">\n\t\t\t\t\t\t\t\t\t<p data-start=\"793\" data-end=\"1125\">Le origini della citt\u00e0 risalgono al XIII secolo, quando qui fu costruito un castello come sede della famiglia V\u00edtkovci. \u010cesk\u00fd Krumlov conobbe il suo massimo splendore sotto i Ro\u017emberk, che la trasformarono in un importante centro culturale ed economico della Boemia meridionale. Proprio a quel periodo risale l\u2019aspetto caratteristico della citt\u00e0, preservato fino ai giorni nostri.<\/p>\t\t\t\t\t\t\t\t<\/div>\n\t\t\t\t<\/div>\n\t\t\t\t<div class=\"elementor-element elementor-element-86d63fd elementor-widget elementor-widget-heading\" data-id=\"86d63fd\" data-element_type=\"widget\" data-e-type=\"widget\" data-widget_type=\"heading.default\">\n\t\t\t\t\t<h2 class=\"elementor-heading-title elementor-size-default\">La storia di \u010cesk\u00fd Krumlov<\/h2>\t\t\t\t<\/div>\n\t\t<div class=\"elementor-element elementor-element-c942420 e-con-full e-flex e-con e-child\" data-id=\"c942420\" data-element_type=\"container\" data-e-type=\"container\">\n\t\t\t\t<div class=\"elementor-element elementor-element-bfb5f79 elementor-widget elementor-widget-text-editor\" data-id=\"bfb5f79\" data-element_type=\"widget\" data-e-type=\"widget\" data-widget_type=\"text-editor.default\">\n\t\t\t\t\t\t\t\t\t<p data-start=\"351\" data-end=\"760\">Dopo i Ro\u017emberk, la citt\u00e0 pass\u00f2 agli Eggenberg e in seguito agli Schwarzenberg, che continuarono a svilupparla. Nonostante le difficolt\u00e0 del XX secolo, \u010cesk\u00fd Krumlov \u00e8 riuscita a mantenere la sua struttura storica e il suo carattere autentico, diventando oggi una delle citt\u00e0 storiche meglio conservate dell\u2019Europa centrale.<\/p>\t\t\t\t\t\t\t\t<\/div>\n\t\t\t\t<\/div>\n\t\t\t\t\t<\/div>\n\t\t\t\t<\/div>\n\t\t<div class=\"elementor-element elementor-element-88f7a1f e-flex e-con-boxed e-con e-parent\" data-id=\"88f7a1f\" data-element_type=\"container\" data-e-type=\"container\">\n\t\t\t\t\t<div class=\"e-con-inner\">\n\t\t<div class=\"elementor-element elementor-element-b559a71 e-con-full e-flex e-con e-child\" data-id=\"b559a71\" data-element_type=\"container\" data-e-type=\"container\" data-settings=\"{&quot;background_background&quot;:&quot;classic&quot;}\">\n\t\t\t\t<\/div>\n\t\t<div class=\"elementor-element elementor-element-f87825c e-con-full e-flex e-con e-child\" data-id=\"f87825c\" data-element_type=\"container\" data-e-type=\"container\">\n\t\t\t\t<div class=\"elementor-element elementor-element-24ce061 elementor-widget elementor-widget-heading\" data-id=\"24ce061\" data-element_type=\"widget\" data-e-type=\"widget\" data-widget_type=\"heading.default\">\n\t\t\t\t\t<h2 class=\"elementor-heading-title elementor-size-default\">Il fiume Moldava e le esperienze attive<\/h2>\t\t\t\t<\/div>\n\t\t\t\t<div class=\"elementor-element elementor-element-d189284 elementor-widget elementor-widget-text-editor\" data-id=\"d189284\" data-element_type=\"widget\" data-e-type=\"widget\" data-widget_type=\"text-editor.default\">\n\t\t\t\t\t\t\t\t\t<p data-start=\"2090\" data-end=\"2445\">Il fiume Moldava \u00e8 parte integrante di \u010cesk\u00fd Krumlov e ne definisce fortemente il carattere. In estate la citt\u00e0 \u00e8 una delle mete pi\u00f9 amate dai canoisti, che possono godersi una vista unica del centro storico direttamente dall\u2019acqua. Per chi preferisce ritmi pi\u00f9 tranquilli sono ideali le passeggiate lungo le rive o una sosta in un caff\u00e8 con vista sul fiume.<\/p>\t\t\t\t\t\t\t\t<\/div>\n\t\t\t\t<\/div>\n\t\t\t\t\t<\/div>\n\t\t\t\t<\/div>\n\t\t<div class=\"elementor-element elementor-element-e5976ad e-flex e-con-boxed e-con e-parent\" data-id=\"e5976ad\" data-element_type=\"container\" data-e-type=\"container\">\n\t\t\t\t\t<div class=\"e-con-inner\">\n\t\t<div class=\"elementor-element elementor-element-de1f1cf e-con-full e-flex e-con e-child\" data-id=\"de1f1cf\" data-element_type=\"container\" data-e-type=\"container\">\n\t\t\t\t<div class=\"elementor-element elementor-element-93e724d elementor-widget elementor-widget-heading\" data-id=\"93e724d\" data-element_type=\"widget\" data-e-type=\"widget\" data-widget_type=\"heading.default\">\n\t\t\t\t\t<h2 class=\"elementor-heading-title elementor-size-default\">Vita culturale e curiosit\u00e0<\/h2>\t\t\t\t<\/div>\n\t\t\t\t<div class=\"elementor-element elementor-element-b78e80b elementor-widget elementor-widget-text-editor\" data-id=\"b78e80b\" data-element_type=\"widget\" data-e-type=\"widget\" data-widget_type=\"text-editor.default\">\n\t\t\t\t\t\t\t\t\t<p data-start=\"2090\" data-end=\"2445\">\u010cesk\u00fd Krumlov vive di cultura tutto l\u2019anno. Qui si tengono festival musicali, spettacoli teatrali, rievocazioni storiche e mercati tradizionali. Le scenografie storiche della citt\u00e0 regalano a ogni evento un\u2019atmosfera speciale.<\/p>\t\t\t\t\t\t\t\t<\/div>\n\t\t\t\t<div class=\"elementor-element elementor-element-4285f21 elementor-widget elementor-widget-text-editor\" data-id=\"4285f21\" data-element_type=\"widget\" data-e-type=\"widget\" data-widget_type=\"text-editor.default\">\n\t\t\t\t\t\t\t\t\t<p data-start=\"2090\" data-end=\"2445\">Tra le curiosit\u00e0 spiccano il fossato degli orsi del castello, presente nel complesso da secoli, e l\u2019originale impianto urbanistico della citt\u00e0, nato grazie alla sua posizione in una stretta ansa del fiume.<\/p>\t\t\t\t\t\t\t\t<\/div>\n\t\t\t\t<\/div>\n\t\t<div class=\"elementor-element elementor-element-5bfe8ec e-con-full e-flex e-con e-child\" data-id=\"5bfe8ec\" data-element_type=\"container\" data-e-type=\"container\" data-settings=\"{&quot;background_background&quot;:&quot;classic&quot;}\">\n\t\t\t\t<\/div>\n\t\t\t\t\t<\/div>\n\t\t\t\t<\/div>\n\t\t\t\t<\/div>\n\t\t","protected":false},"excerpt":{"rendered":"<p>\u010cesk\u00fd Krumlov \u2013 una citt\u00e0 storica ricca di monumenti, esperienze e un\u2019atmosfera unica \u010cesk\u00fd Krumlov \u00e8 tra le citt\u00e0 storiche pi\u00f9 visitate della Repubblica Ceca e, a ragione, \u00e8 inserita nella lista del Patrimonio Mondiale UNESCO. Questa pittoresca cittadina della Boemia meridionale affascina visitatori da tutto il mondo con la sua architettura ben conservata, la [&hellip;]<\/p>\n","protected":false},"author":1,"featured_media":0,"parent":0,"menu_order":0,"comment_status":"closed","ping_status":"closed","template":"","meta":{"_acf_changed":false,"footnotes":""},"class_list":["post-8239","page","type-page","status-publish","hentry"],"acf":[],"_links":{"self":[{"href":"https:\/\/hoteldvorak.com\/it\/wp-json\/wp\/v2\/pages\/8239","targetHints":{"allow":["GET"]}}],"collection":[{"href":"https:\/\/hoteldvorak.com\/it\/wp-json\/wp\/v2\/pages"}],"about":[{"href":"https:\/\/hoteldvorak.com\/it\/wp-json\/wp\/v2\/types\/page"}],"author":[{"embeddable":true,"href":"https:\/\/hoteldvorak.com\/it\/wp-json\/wp\/v2\/users\/1"}],"replies":[{"embeddable":true,"href":"https:\/\/hoteldvorak.com\/it\/wp-json\/wp\/v2\/comments?post=8239"}],"version-history":[{"count":1,"href":"https:\/\/hoteldvorak.com\/it\/wp-json\/wp\/v2\/pages\/8239\/revisions"}],"predecessor-version":[{"id":8241,"href":"https:\/\/hoteldvorak.com\/it\/wp-json\/wp\/v2\/pages\/8239\/revisions\/8241"}],"wp:attachment":[{"href":"https:\/\/hoteldvorak.com\/it\/wp-json\/wp\/v2\/media?parent=8239"}],"curies":[{"name":"wp","href":"https:\/\/api.w.org\/{rel}","templated":true}]}}