{"id":8363,"date":"2022-04-26T01:44:25","date_gmt":"2022-04-25T23:44:25","guid":{"rendered":"https:\/\/dvorak.beautedelamer.cz\/gastronomia\/"},"modified":"2026-02-24T18:34:44","modified_gmt":"2026-02-24T17:34:44","slug":"gastronomia","status":"publish","type":"page","link":"https:\/\/hoteldvorak.com\/it\/gastronomia\/","title":{"rendered":"Gastronomia"},"content":{"rendered":"\t\t<div data-elementor-type=\"wp-page\" data-elementor-id=\"8363\" class=\"elementor elementor-8363\" data-elementor-post-type=\"page\">\n\t\t\t\t\t\t<section class=\"elementor-section elementor-top-section elementor-element elementor-element-f0680c2 elementor-section-stretched elementor-section-full_width elementor-section-height-default elementor-section-height-default\" data-id=\"f0680c2\" data-element_type=\"section\" data-e-type=\"section\" data-settings=\"{&quot;stretch_section&quot;:&quot;section-stretched&quot;,&quot;background_background&quot;:&quot;classic&quot;}\">\n\t\t\t\t\t\t\t<div class=\"elementor-background-overlay\"><\/div>\n\t\t\t\t\t\t\t<div class=\"elementor-container elementor-column-gap-no\">\n\t\t\t\t\t<div class=\"elementor-column elementor-col-100 elementor-top-column elementor-element elementor-element-84c9bdc\" data-id=\"84c9bdc\" data-element_type=\"column\" data-e-type=\"column\" data-settings=\"{&quot;background_background&quot;:&quot;classic&quot;,&quot;background_motion_fx_motion_fx_scrolling&quot;:&quot;yes&quot;,&quot;background_motion_fx_translateY_effect&quot;:&quot;yes&quot;,&quot;background_motion_fx_translateY_speed&quot;:{&quot;unit&quot;:&quot;px&quot;,&quot;size&quot;:3,&quot;sizes&quot;:[]},&quot;background_motion_fx_devices&quot;:[&quot;desktop&quot;,&quot;laptop&quot;,&quot;tablet_extra&quot;,&quot;tablet&quot;],&quot;background_motion_fx_translateY_affectedRange&quot;:{&quot;unit&quot;:&quot;%&quot;,&quot;size&quot;:&quot;&quot;,&quot;sizes&quot;:{&quot;start&quot;:0,&quot;end&quot;:100}}}\">\n\t\t\t<div class=\"elementor-widget-wrap elementor-element-populated\">\n\t\t\t\t\t<div class=\"elementor-background-overlay\"><\/div>\n\t\t\t\t\t\t<div class=\"elementor-element elementor-element-d193c3f elementor-widget elementor-widget-heading\" data-id=\"d193c3f\" data-element_type=\"widget\" data-e-type=\"widget\" data-widget_type=\"heading.default\">\n\t\t\t\t\t<h2 class=\"elementor-heading-title elementor-size-default\">Il nostro ristorante<\/h2>\t\t\t\t<\/div>\n\t\t\t\t\t<\/div>\n\t\t<\/div>\n\t\t\t\t\t<\/div>\n\t\t<\/section>\n\t\t\t\t<section class=\"elementor-section elementor-top-section elementor-element elementor-element-8335ee4 elementor-section-stretched elementor-section-boxed elementor-section-height-default elementor-section-height-default\" data-id=\"8335ee4\" data-element_type=\"section\" data-e-type=\"section\" data-settings=\"{&quot;stretch_section&quot;:&quot;section-stretched&quot;}\">\n\t\t\t\t\t\t<div class=\"elementor-container elementor-column-gap-no\">\n\t\t\t\t\t<div class=\"elementor-column elementor-col-100 elementor-top-column elementor-element elementor-element-907f850\" data-id=\"907f850\" data-element_type=\"column\" data-e-type=\"column\">\n\t\t\t<div class=\"elementor-widget-wrap elementor-element-populated\">\n\t\t\t\t\t\t<div class=\"elementor-element elementor-element-50fc411 elementor-widget elementor-widget-heading\" data-id=\"50fc411\" data-element_type=\"widget\" data-e-type=\"widget\" data-widget_type=\"heading.default\">\n\t\t\t\t\t<h2 class=\"elementor-heading-title elementor-size-default\">Bridge Bar &amp; Caf\u00e9<\/h2>\t\t\t\t<\/div>\n\t\t\t\t<div class=\"elementor-element elementor-element-8602f9e elementor-widget elementor-widget-text-editor\" data-id=\"8602f9e\" data-element_type=\"widget\" data-e-type=\"widget\" data-widget_type=\"text-editor.default\">\n\t\t\t\t\t\t\t\t\t<p><strong data-start=\"0\" data-end=\"21\">Bridge BAR &amp; Caf\u00e9<\/strong> \u00e8 una piacevole parte dell\u2019Hotel Dvo\u0159\u00e1k: un luogo dove rifugiarsi in qualsiasi momento della giornata per un attimo di tranquillit\u00e0, un buon caff\u00e8 o un drink serale. In un\u2019atmosfera informale \u00e8 facile rallentare dopo una passeggiata nel centro storico, prima di un concerto o al ritorno dal castello.<\/p><p><strong>10:00 &#8211; 22:00<\/strong><\/p>\t\t\t\t\t\t\t\t<\/div>\n\t\t\t\t\t<\/div>\n\t\t<\/div>\n\t\t\t\t\t<\/div>\n\t\t<\/section>\n\t\t\t\t<section class=\"elementor-section elementor-top-section elementor-element elementor-element-cd2aa57 elementor-section-stretched elementor-section-boxed elementor-section-height-default elementor-section-height-default\" data-id=\"cd2aa57\" data-element_type=\"section\" data-e-type=\"section\" data-settings=\"{&quot;stretch_section&quot;:&quot;section-stretched&quot;}\">\n\t\t\t\t\t\t<div class=\"elementor-container elementor-column-gap-no\">\n\t\t\t\t\t<div class=\"elementor-column elementor-col-100 elementor-top-column elementor-element elementor-element-827c88a\" data-id=\"827c88a\" data-element_type=\"column\" data-e-type=\"column\">\n\t\t\t<div class=\"elementor-widget-wrap elementor-element-populated\">\n\t\t\t\t\t\t<div class=\"elementor-element elementor-element-f8de549 elementor-widget elementor-widget-heading\" data-id=\"f8de549\" data-element_type=\"widget\" data-e-type=\"widget\" data-widget_type=\"heading.default\">\n\t\t\t\t\t<h2 class=\"elementor-heading-title elementor-size-default\">Terrazza sul fiume<\/h2>\t\t\t\t<\/div>\n\t\t\t\t<div class=\"elementor-element elementor-element-c73079d elementor-widget elementor-widget-text-editor\" data-id=\"c73079d\" data-element_type=\"widget\" data-e-type=\"widget\" data-widget_type=\"text-editor.default\">\n\t\t\t\t\t\t\t\t\t<p><strong data-start=\"0\" data-end=\"17\">River Terrace<\/strong> \u00e8 la piacevole terrazza estiva dell\u2019Hotel Dvo\u0159\u00e1k \u2014 proprio accanto al <strong data-start=\"85\" data-end=\"100\">fiume Vltava<\/strong>, con la vista che appartiene a \u010cesk\u00fd Krumlov: la <strong data-start=\"146\" data-end=\"178\">torre del castello e il panorama del castello<\/strong> davanti a voi, come scenografia per il relax. Di solito apriamo la terrazza agli ospiti <strong data-start=\"255\" data-end=\"274\">nel corso di aprile<\/strong> (meteo permettendo) ed \u00e8 il luogo ideale per sedersi in tranquillit\u00e0 durante il giorno o nel tardo pomeriggio.<\/p><p>Nel menu trovate proposte stagionali pi\u00f9 leggere \u2014 <strong data-start=\"433\" data-end=\"497\">insalate, specialit\u00e0 alla griglia, coppe gelato e vini estivi<\/strong> \u2014 perfette per l\u2019atmosfera rilassata in riva al fiume.<\/p><p><strong>10:00 &#8211; 22:00<\/strong><\/p>\t\t\t\t\t\t\t\t<\/div>\n\t\t\t\t\t<\/div>\n\t\t<\/div>\n\t\t\t\t\t<\/div>\n\t\t<\/section>\n\t\t\t\t<\/div>\n\t\t","protected":false},"excerpt":{"rendered":"<p>Il nostro ristorante Bridge Bar &amp; Caf\u00e9 Bridge BAR &amp; Caf\u00e9 \u00e8 una piacevole parte dell\u2019Hotel Dvo\u0159\u00e1k: un luogo dove rifugiarsi in qualsiasi momento della giornata per un attimo di tranquillit\u00e0, un buon caff\u00e8 o un drink serale. In un\u2019atmosfera informale \u00e8 facile rallentare dopo una passeggiata nel centro storico, prima di un concerto o [&hellip;]<\/p>\n","protected":false},"author":1,"featured_media":0,"parent":0,"menu_order":0,"comment_status":"closed","ping_status":"closed","template":"template-homepage.php","meta":{"_acf_changed":false,"footnotes":""},"class_list":["post-8363","page","type-page","status-publish","hentry"],"acf":[],"_links":{"self":[{"href":"https:\/\/hoteldvorak.com\/it\/wp-json\/wp\/v2\/pages\/8363","targetHints":{"allow":["GET"]}}],"collection":[{"href":"https:\/\/hoteldvorak.com\/it\/wp-json\/wp\/v2\/pages"}],"about":[{"href":"https:\/\/hoteldvorak.com\/it\/wp-json\/wp\/v2\/types\/page"}],"author":[{"embeddable":true,"href":"https:\/\/hoteldvorak.com\/it\/wp-json\/wp\/v2\/users\/1"}],"replies":[{"embeddable":true,"href":"https:\/\/hoteldvorak.com\/it\/wp-json\/wp\/v2\/comments?post=8363"}],"version-history":[{"count":1,"href":"https:\/\/hoteldvorak.com\/it\/wp-json\/wp\/v2\/pages\/8363\/revisions"}],"predecessor-version":[{"id":8372,"href":"https:\/\/hoteldvorak.com\/it\/wp-json\/wp\/v2\/pages\/8363\/revisions\/8372"}],"wp:attachment":[{"href":"https:\/\/hoteldvorak.com\/it\/wp-json\/wp\/v2\/media?parent=8363"}],"curies":[{"name":"wp","href":"https:\/\/api.w.org\/{rel}","templated":true}]}}