{"id":9320,"date":"2026-02-08T17:28:14","date_gmt":"2026-02-08T16:28:14","guid":{"rendered":"https:\/\/dvorak.beautedelamer.cz\/gdpr\/"},"modified":"2026-03-16T10:04:46","modified_gmt":"2026-03-16T09:04:46","slug":"gdpr","status":"publish","type":"page","link":"https:\/\/hoteldvorak.com\/ko\/gdpr\/","title":{"rendered":"GDPR"},"content":{"rendered":"\t\t<div data-elementor-type=\"wp-page\" data-elementor-id=\"9320\" class=\"elementor elementor-9320\" data-elementor-post-type=\"page\">\n\t\t\t\t<div class=\"elementor-element elementor-element-708e9376 e-flex e-con-boxed e-con e-parent\" data-id=\"708e9376\" data-element_type=\"container\" data-e-type=\"container\">\n\t\t\t\t\t<div class=\"e-con-inner\">\n\t\t\t\t<div class=\"elementor-element elementor-element-5e204e97 elementor-widget elementor-widget-text-editor\" data-id=\"5e204e97\" data-element_type=\"widget\" data-e-type=\"widget\" data-widget_type=\"text-editor.default\">\n\t\t\t\t\t\t\t\t\t<p><b>General Data Protection Regulation&nbsp; GDPR<\/b><\/p>\n<p>&nbsp;&nbsp;&nbsp;&nbsp;&nbsp; CzechAg s.r.o. (I\u010c 4943008)\uc758 \uac1c\uc778\uc815\ubcf4 \ucc98\ub9ac \uc6d0\uce59<\/p>\n<p>&nbsp;<\/p>\n<p>\ubcf8 \uc6d0\uce59\uc740 CzechAg s.r.o.(\uc774\ud558 \u201c\ud68c\uc0ac\u201d)\uc758 \uac1c\uc778\uc815\ubcf4 \ucc98\ub9ac \ub0b4\ubd80 \uc9c0\uce68\uc744 \uae30\ubc18\uc73c\ub85c \ud558\uba70, EU \uc77c\ubc18\uac1c\uc778\uc815\ubcf4\ubcf4\ud638\uaddc\uc815(\uaddc\uc815 (EU) 2016\/679, GDPR) \ubc0f \uccb4\ucf54 \ubc95\ub960 \uc81c110\/2019\ud638(\uac1c\uc778\uc815\ubcf4 \ucc98\ub9ac\uc5d0 \uad00\ud55c \ubc95\ub960)\uc5d0 \ub530\ub77c \uc791\uc131\ub418\uc5c8\uc2b5\ub2c8\ub2e4.<\/p>\n\n<p><b>1. \uc11c\ubb38<\/b><\/p>\n<p>1.1 \ud68c\uc0ac\ub294 \uc219\ubc15 \ubc0f \uad00\ub828 \uc11c\ube44\uc2a4\ub97c \uc81c\uacf5\ud558\ub294 \uacfc\uc815\uc5d0\uc11c \uace0\uac1d, \uac70\ub798\ucc98 \ubc0f \uae30\ud0c0 \uac1c\uc778\uc758 \uac1c\uc778\uc815\ubcf4\ub97c \ucc98\ub9ac\ud569\ub2c8\ub2e4. \ud68c\uc0ac\ub294 \uac1c\uc778\uc815\ubcf4\uc758 \ubb34\ub2e8 \uc811\uadfc\u00b7\uc624\uc6a9\uc744 \ubc29\uc9c0\ud558\uae30 \uc704\ud574 \uc801\uc808\ud55c \uae30\uc220\uc801\u00b7\uad00\ub9ac\uc801 \uc870\uce58\ub97c \uc2dc\ud589\ud569\ub2c8\ub2e4.<\/p>\n<p>1.2 \ud68c\uc0ac\ub294 \ub2e4\uc74c\uc758 \ubaa9\uc801\uc744 \uc704\ud574 \uac1c\uc778\uc815\ubcf4\ub97c \ucc98\ub9ac\ud569\ub2c8\ub2e4: (i) \uc219\ubc15\/\ubd80\ub300\uc11c\ube44\uc2a4 \uc81c\uacf5 \ubc0f \uc608\uc57d \uad00\ub9ac, (ii) \uacc4\uc57d\uc758 \uccb4\uacb0 \ubc0f \uc774\ud589, (iii) \ubc95\uc801 \uc758\ubb34 \uc774\ud589(\uc608: \ud68c\uacc4\/\uc138\ubb34, \uae30\ub85d \ubcf4\uad00), (iv) \ud68c\uc0ac\uc758 \uc815\ub2f9\ud55c \uc774\uc775(\uad8c\ub9ac \ubcf4\ud638, \ubcf4\uc548, \ubd84\uc7c1 \ub300\uc751), (v) \uace0\uac1d\/\ud30c\ud2b8\ub108\uc640\uc758 \ucee4\ubba4\ub2c8\ucf00\uc774\uc158, (vi) \ub3d9\uc758\uac00 \ud544\uc694\ud55c \uacbd\uc6b0 \ub3d9\uc758\uc5d0 \uadfc\uac70\ud55c \ucc98\ub9ac.<\/p>\n<p>1.3 \ub3d9\uc758\uc5d0 \uadfc\uac70\ud55c \ucc98\ub9ac\uc758 \uacbd\uc6b0, \uc815\ubcf4\uc8fc\uccb4\ub294 \uc5b8\uc81c\ub4e0\uc9c0 \ub3d9\uc758\ub97c \ucca0\ud68c\ud560 \uc218 \uc788\uc73c\uba70, \ucca0\ud68c \uc774\uc804\uc758 \ucc98\ub9ac\uc758 \uc801\ubc95\uc131\uc5d0\ub294 \uc601\ud5a5\uc744 \ubbf8\uce58\uc9c0 \uc54a\uc2b5\ub2c8\ub2e4.<\/p>\n\n<p><b>2. \ucc98\ub9ac \ubaa9\uc801<\/b><\/p>\n<p>2.1 \ud68c\uc0ac\ub294 \uba85\ud655\ud558\uace0 \uc815\ub2f9\ud55c \ubaa9\uc801\uc744 \uc704\ud574\uc11c\ub9cc \uac1c\uc778\uc815\ubcf4\ub97c \uc218\uc9d1\ud558\uba70, \ud574\ub2f9 \ubaa9\uc801\uacfc \uc591\ub9bd\ud560 \uc218 \uc5c6\ub294 \ubc29\uc2dd\uc73c\ub85c \ucd94\uac00 \ucc98\ub9ac\ud558\uc9c0 \uc54a\uc2b5\ub2c8\ub2e4.<\/p>\n<p>2.2 \uc8fc\uc694 \ubaa9\uc801\uc5d0\ub294 \ud2b9\ud788 \ub2e4\uc74c\uc774 \ud3ec\ud568\ub429\ub2c8\ub2e4: \uc608\uc57d\/\uccb4\ud06c\uc778\u00b7\uccb4\ud06c\uc544\uc6c3 \ubc0f \uc219\ubc15 \uc11c\ube44\uc2a4 \uc81c\uacf5, \uace0\uac1d \uc751\ub300, \ub0b4\ubd80 \uc6b4\uc601 \ubc0f \ubcf4\uc548, \ud68c\uacc4\/\uc138\ubb34 \ucc98\ub9ac, \uc778\uc0ac\/\uae09\uc5ec(\ud574\ub2f9\ub418\ub294 \uacbd\uc6b0), \uad50\uc721, \ub9c8\ucf00\ud305 \ubc0f \ud504\ub85c\ubaa8\uc158(\ud544\uc694 \uc2dc \ub3d9\uc758 \uae30\ubc18).<\/p>\n\n<p><b>3. \ucc98\ub9ac\ub418\ub294 \uac1c\uc778\uc815\ubcf4\uc758 \ubc94\uc8fc<\/b><\/p>\n<p>3.1 \ubaa9\uc801\uc5d0 \ub530\ub77c \ud68c\uc0ac\ub294 \ub2e4\uc74c\uacfc \uac19\uc740 \uac1c\uc778\uc815\ubcf4\ub97c \ucc98\ub9ac\ud560 \uc218 \uc788\uc2b5\ub2c8\ub2e4.<\/p>\n<p>3.1.1 \uc2dd\ubcc4 \ubc0f \uc5f0\ub77d\ucc98 \uc815\ubcf4: \uc131\uba85, \uc0dd\ub144\uc6d4\uc77c, \uc8fc\uc18c, \uc804\ud654\ubc88\ud638, \uc774\uba54\uc77c, \uad6d\uc801, \uc2e0\ubd84\uc99d\/\uc5ec\uad8c \uc815\ubcf4, \uacb0\uc81c\/\uacc4\uc88c \uc815\ubcf4 \ub4f1.<\/p>\n<p>3.1.2 \uacc4\uc57d \ubc0f \uac70\ub798 \uad00\ub828 \uc815\ubcf4: \uc8fc\ubb38\/\uc608\uc57d \uc815\ubcf4, \uacb0\uc81c \ub0b4\uc5ed, \uccad\uad6c \uc815\ubcf4, \uc0ac\uc5c5\uc790 \uc815\ubcf4(\ud574\ub2f9 \uc2dc) \ub4f1.<\/p>\n<p>3.1.3 \ud2b9\ubcc4 \ubc94\uc8fc\uc758 \uac1c\uc778\uc815\ubcf4(\ubbfc\uac10\uc815\ubcf4)\ub294 \ubc95\ub839\uc774 \ud5c8\uc6a9\ud558\uace0 \ud544\uc694\ud55c \uacbd\uc6b0\uc5d0 \ud55c\ud558\uc5ec \ucd5c\uc18c\ud55c\uc73c\ub85c \ucc98\ub9ac\ub429\ub2c8\ub2e4.<\/p>\n<p>3.1.4 \uae30\ud0c0 \uc815\ubcf4: \uc0ac\uc9c4, \uc601\uc0c1(CCTV) \ub4f1 \ubcf4\uc548 \uad00\ub828 \uae30\ub85d, \uc2dc\uc2a4\ud15c \ub85c\uadf8 \ub4f1.<\/p>\n\n<p><b>4. \ucfe0\ud0a4<\/b><\/p>\n<p>4.1 \ucfe0\ud0a4\ub294 \uc6f9\uc0ac\uc774\ud2b8\uac00 \ube0c\ub77c\uc6b0\uc800\uc5d0 \uc800\uc7a5\ud558\ub294 \uc791\uc740 \ud14d\uc2a4\ud2b8 \ud30c\uc77c\ub85c, \uc5b8\uc5b4 \uc124\uc815 \uc800\uc7a5 \ub4f1 \ud3b8\uc758 \uae30\ub2a5 \uc81c\uacf5 \ubc0f \uc0ac\uc774\ud2b8 \uc774\uc6a9 \uac1c\uc120\uc5d0 \uc0ac\uc6a9\ub429\ub2c8\ub2e4.<\/p>\n<p>4.2 \ud68c\uc0ac\ub294 \uc138\uc158 \ucfe0\ud0a4(\ube0c\ub77c\uc6b0\uc800 \uc885\ub8cc \uc2dc \uc0ad\uc81c)\uc640 \uc601\uad6c \ucfe0\ud0a4(\uc77c\uc815 \uae30\uac04 \uc800\uc7a5)\ub97c \uc0ac\uc6a9\ud560 \uc218 \uc788\uc2b5\ub2c8\ub2e4.<\/p>\n<p>4.3 \uc0ac\uc6a9\uc790\ub294 \ube0c\ub77c\uc6b0\uc800 \uc124\uc815\uc744 \ud1b5\ud574 \ucfe0\ud0a4\ub97c \uc0ad\uc81c\ud558\uac70\ub098 \ucc28\ub2e8\ud560 \uc218 \uc788\uc2b5\ub2c8\ub2e4. \ucfe0\ud0a4\ub97c \ube44\ud65c\uc131\ud654\ud558\uba74 \uc77c\ubd80 \uae30\ub2a5\uc774 \uc815\uc0c1\uc801\uc73c\ub85c \uc791\ub3d9\ud558\uc9c0 \uc54a\uc744 \uc218 \uc788\uc2b5\ub2c8\ub2e4.<\/p>\n<p>4.4 \uc0ac\uc774\ud2b8 \uc774\uc6a9 \ubd84\uc11d \ubc0f \ucf58\ud150\uce20\/\uad11\uace0 \uac1c\uc778\ud654\ub97c \uc704\ud574 \uc81c3\uc790 \uc11c\ube44\uc2a4(\uc608: Google, Meta\/Facebook \ub4f1)\uac00 \uc0ac\uc6a9\ub420 \uc218 \uc788\uc2b5\ub2c8\ub2e4. \uc774 \uacbd\uc6b0 \uc774\uc6a9 \ud589\ud0dc\uc5d0 \uad00\ud55c \uc815\ubcf4\uac00 \ucc98\ub9ac\ub420 \uc218 \uc788\uc73c\uba70, \uac00\ub2a5\ud55c \ud55c \uc2dd\ubcc4 \uac00\ub2a5\ud55c \ud615\ud0dc\ub85c \uacf5\uc720\ud558\uc9c0 \uc54a\uc2b5\ub2c8\ub2e4.<\/p>\n\n<p><b>5. \ucc98\ub9ac \ubc29\uc2dd, \ubcf4\uad00 \ubc0f \ubcf4\uad00 \uae30\uac04<\/b><\/p>\n<p>5.1 \uac1c\uc778\uc815\ubcf4\ub294 \uc218\uae30 \ub610\ub294 \uc790\ub3d9\ud654\ub41c \ubc29\uc2dd\uc73c\ub85c \ucc98\ub9ac\ub420 \uc218 \uc788\uc73c\uba70, \uc885\uc774 \ub610\ub294 \uc804\uc790\uc801 \ud615\ud0dc\ub85c \uc548\uc804\ud558\uac8c \ubcf4\uad00\ub429\ub2c8\ub2e4. \ubcf4\uad00 \uae30\uac04\uc740 \uad00\ub828 \ubc95\ub839\uc758 \uc758\ubb34 \ubcf4\uad00 \uae30\uac04 \ubc0f \ud68c\uc0ac\uc758 \ub0b4\ubd80 \ubcf4\uad00 \uaddc\uc815\uc5d0 \ub530\ub985\ub2c8\ub2e4.<\/p>\n<p>5.2 \ud68c\uc0ac\ub294 \uc811\uadfc \ud1b5\uc81c, \uc554\ud638\ud654\/\uac00\uba85\ucc98\ub9ac(\ud544\uc694 \uc2dc), \ubcf5\uad6c \uac00\ub2a5\uc131 \ud655\ubcf4, \uc815\uae30\uc801\uc778 \uc810\uac80 \ub4f1 \uc801\uc808\ud55c \ubcf4\uc548 \uc870\uce58\ub97c \uc801\uc6a9\ud569\ub2c8\ub2e4.<\/p>\n\n<p><b>6. \uac1c\uc778\uc815\ubcf4 \uc81c\uacf5(\uc218\ud0c1\/\uacf5\uc720)<\/b><\/p>\n<p>6.1 \ud68c\uc0ac\ub294 \uc11c\ube44\uc2a4 \uc81c\uacf5\uc744 \uc704\ud574 \ud544\uc694\ud55c \ubc94\uc704\uc5d0\uc11c\ub9cc \uc218\ud0c1\uc790(\uc608: IT\/\ud638\uc2a4\ud305, \uc608\uc57d \uc2dc\uc2a4\ud15c, \uacb0\uc81c \uc11c\ube44\uc2a4 \ub4f1) \ub610\ub294 \ubc95\ub839\uc5d0 \uc758\ud574 \uad8c\ud55c\uc774 \uc788\ub294 \uae30\uad00\uc5d0 \uac1c\uc778\uc815\ubcf4\ub97c \uc81c\uacf5\ud560 \uc218 \uc788\uc2b5\ub2c8\ub2e4. \uc81c\uacf5 \uc2dc\uc5d0\ub294 \uacc4\uc57d \ub610\ub294 \ubc95\uc801 \uadfc\uac70\uc5d0 \ub530\ub77c \ubcf4\ud638 \uc870\uce58\ub97c \ud655\ubcf4\ud569\ub2c8\ub2e4.<\/p>\n<p>6.2 \ud68c\uc0ac\ub294 \ubc95\uc801 \ud6a8\ub825\uc744 \ubc1c\uc0dd\uc2dc\ud0a4\ub294 \uc790\ub3d9\ud654\ub41c \uc758\uc0ac\uacb0\uc815(\ud504\ub85c\ud30c\uc77c\ub9c1 \ud3ec\ud568)\uc744 \uc6d0\uce59\uc801\uc73c\ub85c \uc218\ud589\ud558\uc9c0 \uc54a\uc2b5\ub2c8\ub2e4(\ubc95\ub839\uc5d0 \uc758\ud574 \ud5c8\uc6a9\ub418\ub294 \uacbd\uc6b0\ub97c \uc81c\uc678).<\/p>\n\n<p><b>7. \uc815\ubcf4\uc8fc\uccb4\uc758 \uad8c\ub9ac<\/b><\/p>\n<p>7.1 \uc815\ubcf4\uc8fc\uccb4\ub294 GDPR\uc5d0 \ub530\ub77c \ub2e4\uc74c \uad8c\ub9ac\ub97c \uac00\uc9d1\ub2c8\ub2e4: \uc5f4\ub78c\uad8c, \uc815\uc815\uad8c, \uc0ad\uc81c\uad8c, \ucc98\ub9ac \uc81c\ud55c\uad8c, \ub370\uc774\ud130 \uc774\ub3d9\uad8c, \ucc98\ub9ac\uc5d0 \ub300\ud55c \uc774\uc758 \uc81c\uae30\uad8c \ub4f1.<\/p>\n<p>7.2 \uc694\uccad\uc740 \uc804\uc790\uc801 \ubc29\uc2dd(\uc608: \ub370\uc774\ud130\ubc15\uc2a4), \uc6b0\ud3b8 \ub610\ub294 \ub300\uba74\uc73c\ub85c \uc81c\ucd9c\ud560 \uc218 \uc788\uc73c\uba70, \uc804\ud654\ub85c\ub294 \uc694\uccad\uc744 \uc811\uc218\ud558\uc9c0 \uc54a\uc744 \uc218 \uc788\uc2b5\ub2c8\ub2e4.<\/p>\n<p>7.3 \ud68c\uc0ac\ub294 \uc694\uccad \ucc98\ub9ac \uc2dc \ud569\ub9ac\uc801\uc778 \ubc94\uc704\uc5d0\uc11c \uc2e0\uccad\uc778\uc758 \uc2e0\uc6d0\uc744 \ud655\uc778\ud560 \uc218 \uc788\uc2b5\ub2c8\ub2e4(\uc608: \ub370\uc774\ud130\ubc15\uc2a4, \uacf5\uc99d \uc11c\uba85, \ub300\uba74 \ud655\uc778 \ub4f1).<\/p>\n<p>7.4 \ub610\ud55c \uad00\ud560 \uac10\ub3c5\uae30\uad00\uc5d0 \ubbfc\uc6d0\uc744 \uc81c\uae30\ud560 \uad8c\ub9ac\uac00 \uc788\uc2b5\ub2c8\ub2e4.<\/p>\n\n<p><b>8. \uc5f0\ub77d\ucc98 \ubc0f \uac10\ub3c5\uae30\uad00<\/b><\/p>\n<p>8.1 \uac1c\uc778\uc815\ubcf4 \uad00\ub828 \ubb38\uc758: <a href=\"mailto:reception@hoteldvorak.com\">reception@hoteldvorak.com<\/a><\/p>\n<p>8.2 \uac10\ub3c5\uae30\uad00: \u00da\u0159ad pro ochranu osobn\u00edch \u00fadaj\u016f, Pplk. Sochora 27, 170 00 Praha 7, Tel. +420 234 665 111, Web: https:\/\/www.uoou.cz<\/p>\t\t\t\t\t\t\t\t<\/div>\n\t\t\t\t\t<\/div>\n\t\t\t\t<\/div>\n\t\t\t\t<\/div>\n\t\t","protected":false},"excerpt":{"rendered":"<p>General Data Protection Regulation&nbsp; GDPR &nbsp;&nbsp;&nbsp;&nbsp;&nbsp; CzechAg s.r.o. (I\u010c 4943008)\uc758 \uac1c\uc778\uc815\ubcf4 \ucc98\ub9ac \uc6d0\uce59 &nbsp; \ubcf8 \uc6d0\uce59\uc740 CzechAg s.r.o.(\uc774\ud558 \u201c\ud68c\uc0ac\u201d)\uc758 \uac1c\uc778\uc815\ubcf4 \ucc98\ub9ac \ub0b4\ubd80 \uc9c0\uce68\uc744 \uae30\ubc18\uc73c\ub85c \ud558\uba70, EU \uc77c\ubc18\uac1c\uc778\uc815\ubcf4\ubcf4\ud638\uaddc\uc815(\uaddc\uc815 (EU) 2016\/679, GDPR) \ubc0f \uccb4\ucf54 \ubc95\ub960 \uc81c110\/2019\ud638(\uac1c\uc778\uc815\ubcf4 \ucc98\ub9ac\uc5d0 \uad00\ud55c \ubc95\ub960)\uc5d0 \ub530\ub77c \uc791\uc131\ub418\uc5c8\uc2b5\ub2c8\ub2e4. 1. \uc11c\ubb38 1.1 \ud68c\uc0ac\ub294 \uc219\ubc15 \ubc0f \uad00\ub828 \uc11c\ube44\uc2a4\ub97c \uc81c\uacf5\ud558\ub294 \uacfc\uc815\uc5d0\uc11c \uace0\uac1d, \uac70\ub798\ucc98 \ubc0f \uae30\ud0c0 \uac1c\uc778\uc758 \uac1c\uc778\uc815\ubcf4\ub97c [&hellip;]<\/p>\n","protected":false},"author":1,"featured_media":0,"parent":0,"menu_order":0,"comment_status":"closed","ping_status":"open","template":"","meta":{"_acf_changed":false,"footnotes":""},"class_list":["post-9320","page","type-page","status-publish","hentry"],"acf":[],"_links":{"self":[{"href":"https:\/\/hoteldvorak.com\/ko\/wp-json\/wp\/v2\/pages\/9320","targetHints":{"allow":["GET"]}}],"collection":[{"href":"https:\/\/hoteldvorak.com\/ko\/wp-json\/wp\/v2\/pages"}],"about":[{"href":"https:\/\/hoteldvorak.com\/ko\/wp-json\/wp\/v2\/types\/page"}],"author":[{"embeddable":true,"href":"https:\/\/hoteldvorak.com\/ko\/wp-json\/wp\/v2\/users\/1"}],"replies":[{"embeddable":true,"href":"https:\/\/hoteldvorak.com\/ko\/wp-json\/wp\/v2\/comments?post=9320"}],"version-history":[{"count":2,"href":"https:\/\/hoteldvorak.com\/ko\/wp-json\/wp\/v2\/pages\/9320\/revisions"}],"predecessor-version":[{"id":9359,"href":"https:\/\/hoteldvorak.com\/ko\/wp-json\/wp\/v2\/pages\/9320\/revisions\/9359"}],"wp:attachment":[{"href":"https:\/\/hoteldvorak.com\/ko\/wp-json\/wp\/v2\/media?parent=9320"}],"curies":[{"name":"wp","href":"https:\/\/api.w.org\/{rel}","templated":true}]}}