{"id":9334,"date":"2026-02-08T17:29:31","date_gmt":"2026-02-08T16:29:31","guid":{"rendered":"https:\/\/dvorak.beautedelamer.cz\/%ec%9d%b4%ec%9a%a9-%ec%95%bd%ea%b4%80\/"},"modified":"2026-03-19T17:59:05","modified_gmt":"2026-03-19T16:59:05","slug":"%ec%9d%b4%ec%9a%a9-%ec%95%bd%ea%b4%80","status":"publish","type":"page","link":"https:\/\/hoteldvorak.com\/ko\/%ec%9d%b4%ec%9a%a9-%ec%95%bd%ea%b4%80\/","title":{"rendered":"\uc774\uc6a9 \uc57d\uad00"},"content":{"rendered":"\t\t<div data-elementor-type=\"wp-page\" data-elementor-id=\"9334\" class=\"elementor elementor-9334\" data-elementor-post-type=\"page\">\n\t\t\t\t<div class=\"elementor-element elementor-element-56e9aacc e-flex e-con-boxed e-con e-parent\" data-id=\"56e9aacc\" data-element_type=\"container\" data-e-type=\"container\">\n\t\t\t\t\t<div class=\"e-con-inner\">\n\t\t\t\t<div class=\"elementor-element elementor-element-7c4a433 elementor-widget elementor-widget-text-editor\" data-id=\"7c4a433\" data-element_type=\"widget\" data-e-type=\"widget\" data-widget_type=\"text-editor.default\">\n\t\t\t\t\t\t\t\t\t<p><b>Hotel Dvo\u0159\u00e1k**** \u010cesk\u00fd Krumlov<\/b><\/p>\n<p>CzechAg s.r.o., Chl\u00e1dkova 2, Brno 616 00, \uc0ac\uc5c5\uc790\ubc88\ud638: 49433008, \ube0c\ub974\ub178 \uc9c0\ubc29 \ubc95\uc6d0\uc774 \uad00\ub9ac\ud558\ub294 \uc0c1\uc5c5\ub4f1\uae30\ubd80 C\ubd80 11679\ubc88\uc5d0 \ub4f1\ub85d\ub428(\uc774\ud558 \u201c\ud638\ud154\u201d).<\/p>\n<p>\ubcf8 \uc57d\uad00\uc740 \ud638\ud154\uacfc \ub2e4\ub978 \ub2f9\uc0ac\uc790 \uc0ac\uc774\uc5d0 \uccb4\uacb0\ub41c \uacc4\uc57d\uacfc \uad00\ub828\ud558\uc5ec \ub610\ub294 \uadf8\uc5d0 \uadfc\uac70\ud558\uc5ec \ubc1c\uc0dd\ud558\ub294 \uc0c1\ud638 \uad8c\ub9ac\uc640 \uc758\ubb34\ub97c \uaddc\uc815\ud569\ub2c8\ub2e4. \ub530\ub77c\uc11c \ubcf8 \uc57d\uad00\uc740 \uc11c\uba74 \uc11c\ube44\uc2a4 \uacc4\uc57d\uc774 \uccb4\uacb0\ub418\uc9c0 \uc54a\uc740 \ubaa8\ub4e0 \ud638\ud154 \ud22c\uc219\uac1d \ubc0f \ub300\ud589\uc0ac(\uc774\ud558 \u201c\ud22c\uc219\uac1d\u201d)\uc5d0\uac8c \uc77c\ubc18\uc801\uc73c\ub85c \uc801\uc6a9\ub429\ub2c8\ub2e4.<\/p>\n<p>&nbsp;<\/p>\n<p><b>1. \uc219\ubc15 \ubc0f \uc11c\ube44\uc2a4 \uc608\uc57d<\/b><\/p>\n<p>&#8211; \ud638\ud154 \uc219\ubc15 \ubc0f \uae30\ud0c0 \uc11c\ube44\uc2a4\uc758 \uc608\uc57d\uacfc \ud638\ud154\uc758 \uc608\uc57d \ud655\uc778\uc740 \uc774\uba54\uc77c\ub85c\ub9cc \uac00\ub2a5\ud569\ub2c8\ub2e4<\/p>\n<p>&#8211; \ud638\ud154\uc774 \uc774\uba54\uc77c\ub85c \uc608\uc57d\uc744 \uc11c\uba74 \ud655\uc778\ud558\uac70\ub098, \uad00\ub828 \uc628\ub77c\uc778 \uc608\uc57d \uc2dc\uc2a4\ud15c\uc5d0\uc11c \uc0dd\uc131\ub41c \uc790\ub3d9 \uc774\uba54\uc77c \ud655\uc778\uc744 \ud22c\uc219\uac1d\uc774 \uc218\uc2e0\ud55c \uacbd\uc6b0 \uc608\uc57d\uc740 \uc720\ud6a8\ud55c \uac83\uc73c\ub85c \uac04\uc8fc\ub429\ub2c8\ub2e4. \ud22c\uc219\uac1d\uc740 \uc608\uc57d \ud655\uc778\uc11c\uc758 \uc548\ub0b4\uc5d0 \ub530\ub77c \ubcf4\uc99d\uae08\uc744 \uc9c0\uae09\ud574\uc57c \ud569\ub2c8\ub2e4.<\/p>\n<p>&#8211; \uc720\ud6a8\ud55c \uc608\uc57d\uc740 \ud22c\uc219\uac1d\uc5d0\uac8c \uad6c\uc18d\ub825\uc774 \uc788\uc2b5\ub2c8\ub2e4. \ud638\ud154\uc5d0 \ub300\ud574\uc11c\ub294 \ud22c\uc219\uac1d\uc774 \uc608\uc57d \ud655\uc778\uc11c\uc758 \uc548\ub0b4\uc5d0 \ub530\ub77c \uc81c\ub54c \ubcf4\uc99d\uae08\uc744 \ub0a9\ubd80\ud55c \uacbd\uc6b0\uc5d0\ub9cc \uad6c\uc18d\ub825\uc774 \uc788\uc2b5\ub2c8\ub2e4;<\/p>\n<p>&#8211; \ubcf8 \uc870\ud56d\uc758 \uc0c1\uae30 \uc870\uac74\uc774 \ucda9\uc871\ub418\uc9c0 \uc54a\uc744 \uacbd\uc6b0 \ud638\ud154\uc740 \ud22c\uc219\uac1d\uc5d0\uac8c \uc219\ubc15 \ubc0f \uc11c\ube44\uc2a4\ub97c \uc81c\uacf5\ud558\uc9c0 \uc54a\uc744 \uc218 \uc788\uc2b5\ub2c8\ub2e4<\/p>\n<p>&#8211; \uc608\uc57d \ud655\uc778\uc11c\uc5d0 \uae30\uc7ac\ub41c \uc815\ubcf4\ub294 \uc591 \ub2f9\uc0ac\uc790\uc5d0\uac8c \uad6c\uc18d\ub825\uc774 \uc788\uc2b5\ub2c8\ub2e4<\/p>\n<p>&nbsp;<\/p>\n<p><b>2. \uc219\ubc15 \ubc0f \uc11c\ube44\uc2a4 \uc694\uae08, \ucde8\uc18c \ubc0f \uacb0\uc81c \uc870\uac74:<\/b><\/p>\n<p>&#8211; \uc219\ubc15 \ubc0f \uae30\ud0c0 \uc11c\ube44\uc2a4 \uc694\uae08\uc740 \uac1d\uc2e4 1\uc2e4 1\ubc15 \uae30\uc900\uc774\uba70, \ud22c\uc219\uac1d\uc774 \ub2ec\ub9ac \uc120\ud0dd\ud558\uc9c0 \uc54a\ub294 \ud55c \uc870\uc2dd\uc774 \ud3ec\ud568\ub429\ub2c8\ub2e4<\/p>\n<p>&#8211; \uc219\ubc15 \ubc0f \uae30\ud0c0 \uc11c\ube44\uc2a4 \uc694\uae08\uc5d0\ub294 10%\uc758 \ubd80\uac00\uac00\uce58\uc138\uac00 \ud3ec\ud568\ub429\ub2c8\ub2e4<\/p>\n<p>&#8211; \ud655\uc815\ub41c \uc608\uc57d\uc758 \ucde8\uc18c\ub294 \ud574\ub2f9 \uc608\uc57d\uc5d0 \uc0ac\uc6a9\ub41c \uc608\uc57d \uc2dc\uc2a4\ud15c\uc758 \uaddc\uc815\uc5d0 \ub530\ub985\ub2c8\ub2e4<\/p>\n<p>&#8211; \uc678\ubd80 \uc81c\uacf5\uc5c5\uccb4(\uc608: booking.com)\ub97c \ud1b5\ud574 \uc774\ub8e8\uc5b4\uc9c4 \uc608\uc57d\uc744 \ucde8\uc18c\ud558\ub294 \uacbd\uc6b0, \ud574\ub2f9 \uc81c\uacf5\uc5c5\uccb4\uac00 \uc694\uad6c\ud558\ub294 \ubc29\uc2dd\uc73c\ub85c \uadf8 \uc81c\uacf5\uc5c5\uccb4\ub97c \ud1b5\ud574\uc11c\ub3c4 \ucde8\uc18c\ud574\uc57c \ud569\ub2c8\ub2e4<\/p>\n<p>&#8211; \uc219\ubc15 \ubc0f \uae30\ud0c0 \uc11c\ube44\uc2a4 \uc694\uae08\uc740 \ud604\uae08\uc73c\ub85c \uacb0\uc81c\ud560 \uc218 \uc788\uc73c\uba70 \ud638\ud154\uc740 CZK \ubc0f EUR\ub97c \ubc1b\uc2b5\ub2c8\ub2e4; \uc2e0\uc6a9\uce74\ub4dc\/\uc9c1\ubd88\uce74\ub4dc \uacb0\uc81c\uc758 \uacbd\uc6b0<\/p>\n<p>&#8211; \ud638\ud154\uc740 \uc219\ubc15 \ubc0f \uae30\ud0c0 \uc11c\ube44\uc2a4\uc758 \ucd1d\uc561 \ud55c\ub3c4 \ub0b4\uc5d0\uc11c \ud22c\uc219\uac1d \uce74\ub4dc\uc5d0 \ub300\ud574 \uc0ac\uc804 \uc2b9\uc778\ud560 \uad8c\ub9ac\ub97c \ubcf4\uc720\ud569\ub2c8\ub2e4<\/p>\n<p>&#8211; \uc608\uc57d\uc77c\uc5d0 \ud22c\uc219\uac1d\uc774 \ub3c4\ucc29\ud558\uc9c0 \uc54a\ub294 \uacbd\uc6b0 \uc608\uc57d\uc740 \ucde8\uc18c\ub418\uba70, \ud638\ud154\uc740 \ud574\ub2f9 \uc608\uc57d\uc758 \ucde8\uc18c \uaddc\uc815\uc5d0 \ub530\ub77c \ube44\uc6a9\uc744 \uccad\uad6c\ud560 \uad8c\ub9ac\uac00 \uc788\uc2b5\ub2c8\ub2e4<\/p>\n<p>&nbsp;<\/p>\n<p><b>3. \ud22c\uc219\uac1d\uc758 \uad8c\ub9ac\uc640 \uc758\ubb34:<\/b><\/p>\n<p>&#8211; \ud22c\uc219\uac1d\uc740 \uc608\uc57d\ub41c \uacf5\uac04 \ubc0f \uadf8 \uc124\ube44\ub97c \uc0ac\uc6a9\ud560 \uad8c\ub9ac\uac00 \uc788\uc73c\uba70, \ub2e4\ub978 \ud638\ud154 \ud22c\uc219\uac1d\uacfc \ud568\uaed8 \ud638\ud154 \uacf5\uc6a9 \uacf5\uac04\uc758 \uc124\ube44\ub97c \uacf5\ub3d9\uc73c\ub85c \uc0ac\uc6a9\ud560 \uad8c\ub9ac\uac00 \uc788\uc2b5\ub2c8\ub2e4<\/p>\n<p>&#8211; \ud22c\uc219\uac1d\uc740 \ud638\ud154 \ub0b4\uc5d0\uc11c \uc790\uc2e0\uc774 \ucd08\ub798\ud55c \ubaa8\ub4e0 \uc190\ud574\uc5d0 \ub300\ud574 \ucc45\uc784\uc744 \uc9c0\uba70, \uc218\ub9ac, \uad50\uccb4 \ub610\ub294 \ud2b9\ubcc4 \uccad\uc18c\uc5d0 \uc18c\uc694\ub418\ub294 \ube44\uc6a9\uc744 \ubd80\ub2f4\ud558\ub294 \ub370 \ub3d9\uc758\ud569\ub2c8\ub2e4; \ubc30\uc0c1 \uae08\uc561\uc740 \ud638\ud154\uc774 \uc815\ud569\ub2c8\ub2e4<\/p>\n<p>&#8211; \ud22c\uc219\uac1d\uc740 \uc2dc\uc815 \uc870\uce58\uac00 \uac00\ub2a5\ud558\ub3c4\ub85d \ud638\ud154 \uccb4\ub958 \uc911 \ubaa8\ub4e0 \uacb0\ud568 \ubc0f \ubd80\uc871 \uc0ac\ud56d\uc744 \uc2e0\uace0\ud574\uc57c \ud569\ub2c8\ub2e4<\/p>\n<p>&#8211; \ub2ec\ub9ac \ud569\uc758\ub418\uc9c0 \uc54a\uc740 \ud55c, \ud22c\uc219\uac1d\uc740 \ucd9c\ubc1c\uc77c \ub2a6\uc5b4\ub3c4 \ub2f9\uc77c\uae4c\uc9c0 \ud638\ud154 \uc11c\ube44\uc2a4 \uc774\uc6a9\uacfc \uad00\ub828\ub41c \ube44\uc6a9(\ubd80\uac00 \uc11c\ube44\uc2a4 \ud3ec\ud568)\uc744 \uc9c0\uae09\ud574\uc57c \ud569\ub2c8\ub2e4; \ubbf8\uc9c0\uae09 \uc2dc \ud638\ud154\uc740 \ud22c\uc219\uac1d\uc774 \uc81c\uacf5\ud55c \uacb0\uc81c \uce74\ub4dc\uc5d0\uc11c \ucd9c\ubc1c \ud6c4 \ud574\ub2f9 \uae08\uc561\uc744 \uccad\uad6c(\uc778\ucd9c)\ud560 \uad8c\ub9ac\uac00 \uc788\uc2b5\ub2c8\ub2e4<\/p>\n<p>&#8211; \ud22c\uc219\uac1d\uc740 \ucde8\uc18c \uc870\uac74\uc5d0 \uadfc\uac70\ud558\uac70\ub098 \ud638\ud154\uc774 \uc0ac\uc804\uc5d0 \ud569\uc758\ub41c \uc11c\ube44\uc2a4\ub97c \ud638\ud154 \uae30\uc900\uc5d0 \ub9de\uac8c \uc81c\uacf5\ud558\uc9c0 \uc54a\uc740 \uacbd\uc6b0 \uacc4\uc57d\uc744 \ud574\uc9c0\ud560 \uc218 \uc788\uc2b5\ub2c8\ub2e4<\/p>\n<p>&#8211; \uccb4\ud06c\uc778\uc740 \ub3c4\ucc29\uc77c 15:00\ubd80\ud130 \uac00\ub2a5\ud558\uba70, \uc870\uae30 \uccb4\ud06c\uc778\uc740 \ub9ac\uc149\uc158\uacfc\uc758 \uc0ac\uc804 \ud611\uc758\uac00 \uc788\ub294 \uacbd\uc6b0\uc5d0\ub9cc \uac00\ub2a5\ud569\ub2c8\ub2e4<\/p>\n<p>&#8211; \uccb4\ud06c\uc544\uc6c3\uc740 \ucd9c\ubc1c\uc77c 11:00\uae4c\uc9c0\uc774\uba70, \ub2a6\uc740 \uccb4\ud06c\uc544\uc6c3\uc740 \ub9ac\uc149\uc158\uacfc\uc758 \ud611\uc758 \ud6c4 \uac00\ub2a5\ud569\ub2c8\ub2e4<\/p>\n<p>&#8211; \ud638\ud154 \uc804\uccb4\ub294 \uae08\uc5f0\uc785\ub2c8\ub2e4. \uc774 \uaddc\uc815\uc744 \uc704\ubc18\ud558\uc5ec \uac1d\uc2e4 \ub610\ub294 \ud638\ud154 \uad6c\uc5ed\uc5d0\uc11c \ud761\uc5f0\ud560 \uacbd\uc6b0 \ud638\ud154\uc740 \ud22c\uc219\uac1d\uc5d0\uac8c 200 EUR\uc758 \uacc4\uc57d\uc0c1 \ubc8c\uae08\uc744 \uccad\uad6c\ud560 \uc218 \uc788\uc2b5\ub2c8\ub2e4; \ud761\uc5f0 \uae08\uc9c0 \ubc0f \uad00\ub828 \ubc8c\uae08\uc740 \uc804\uc790\ub2f4\ubc30\uc5d0\ub3c4 \uc801\uc6a9\ub429\ub2c8\ub2e4.<\/p>\n<p>&#8211; 22:00\ubd80\ud130 6:00\uae4c\uc9c0\ub294 \uc57c\uac04 \uc815\uc219 \uc2dc\uac04\uc785\ub2c8\ub2e4. \uc774 \uc2dc\uac04 \ub3d9\uc548 \ub2e4\ub978 \ud22c\uc219\uac1d\uc744 \ubc29\ud574\ud558\ub294 \ud589\uc704(\ud070 \uc18c\ub9ac\ub85c \uc74c\uc545\uc774\ub098 TV\ub97c \ub4e3\ub294 \ud589\uc704, \uac1d\uc2e4 \ubc0f \ubcf5\ub3c4\uc5d0\uc11c\uc758 \uace0\uc131, \uae30\ud0c0 \ubc29\ud574 \ud589\uc704 \ud3ec\ud568)\ub294 \uc5c4\uaca9\ud788 \uae08\uc9c0\ub429\ub2c8\ub2e4. \uc774 \uaddc\uc815\uc744 \uc911\ub300\ud558\uac8c \uc704\ubc18\ud560 \uacbd\uc6b0 \ud638\ud154\uc740 \ud22c\uc219\uac1d\uc5d0\uac8c \ucd5c\ub300 400 EUR\uc758 \uacc4\uc57d\uc0c1 \ubc8c\uae08\uc744 \uccad\uad6c\ud558\uac70\ub098 \ud544\uc694\ud55c \uacbd\uc6b0 \uccb4\ucf54 \uacbd\ucc30\uc744 \ubd80\ub97c \uc218 \uc788\uc2b5\ub2c8\ub2e4<\/p>\n<p>&#8211; \ubc18\ub824\uacac\uc740 \ud638\ud154\uc758 \ud655\uc778\uc744 \uac70\uccd0 \ucd94\uac00 \uc694\uae08\uc73c\ub85c \ud22c\uc219\ud560 \uc218 \uc788\uc2b5\ub2c8\ub2e4<\/p>\n<p>&nbsp;<\/p>\n<p><b>4. \ud638\ud154\uc758 \uad8c\ub9ac\uc640 \uc758\ubb34:<\/b><\/p>\n<p>&#8211; \ud638\ud154\uc740 \ud22c\uc219\uac1d\uc5d0\uac8c \ud638\ud154 \uae30\uc900\uc5d0 \ubd80\ud569\ud558\ub294 \uc219\ubc15\uc744 \uc81c\uacf5\ud560 \uc758\ubb34\uac00 \uc788\uc2b5\ub2c8\ub2e4<\/p>\n<p>&#8211; \ud638\ud154\uc774 \uc0ac\uc804\uc5d0 \uc0dd\uc131\ub418\uace0 \ud655\uc778\ub41c \uc608\uc57d\uc5d0 \ub530\ub77c \ud22c\uc219\uac1d\uc744 \uc218\uc6a9\ud560 \uc218 \uc5c6\ub294 \uacbd\uc6b0, \ub2e4\ub978 \uc2dc\uc124\uc5d0\uc11c \uc801\uc808\ud55c \uc219\ubc15\uc744 \uc81c\uacf5\ud560 \uc758\ubb34\uac00 \uc788\uc2b5\ub2c8\ub2e4<\/p>\n<p>&nbsp;<\/p>\n<p><b>5. \uac1c\uc778\uc815\ubcf4\uc758 \ucc98\ub9ac \ubc0f \ubcf4\ud638<\/b><\/p>\n<p>5.1 \ud22c\uc219\uac1d\uc740 \ud638\ud154\uc774 \uac1c\uc778\uc815\ubcf4\ucc98\ub9ac\uc790\ub85c\uc11c \ud22c\uc219\uac1d\uc758 \uac1c\uc778\uc815\ubcf4(\ud2b9\ud788 \uc2e0\uc6d0\uc815\ubcf4, \uc8fc\uc18c\uc815\ubcf4, \uc778\uc99d\uc815\ubcf4, \uc5f0\ub77d\ucc98 \uc815\ubcf4, \uacc4\uc57d \uad00\uacc4 \uc774\ud589\uc5d0 \uad00\ud55c \uc815\ubcf4 \ubc0f \uae30\ud0c0 \ud544\uc694\ud55c \uac1c\uc778\uc815\ubcf4, \ud2b9\ud788 \uc774\ub984, \uc131, \uc0dd\ub144\uc6d4\uc77c, \uc5f0\ub77d\uc6a9 \uc774\uba54\uc77c, \uc5f0\ub77d\ucc98 \uc804\ud654\ubc88\ud638, \uc5f0\ub77d\ucc98 \uc8fc\uc18c, \uac00\ub2a5\ud55c \uc778\uc99d\uc815\ubcf4, \uc2e0\ubd84\uc99d \ubc88\ud638(\uc8fc\ubbfc\ub4f1\ub85d\uc99d\/\uc5ec\uad8c), \uadf8 \uc720\ud6a8\uae30\uac04 \ubc0f \ubc1c\uae09 \uc77c\uc790\uc640 \uc7a5\uc18c)\ub97c \ucc98\ub9ac\ud55c\ub2e4\ub294 \uc810\uc744 \uc778\uc9c0\ud569\ub2c8\ub2e4<\/p>\n<p>5.1.1 \uacc4\uc57d\uc758 \uccb4\uacb0 \ubc0f \uc774\ud589<\/p>\n<p>5.1.2 \uc219\ubc15 \uc608\uc57d, \uc219\ubc15 \uc11c\ube44\uc2a4, \uc2dd\uc74c \uc11c\ube44\uc2a4 \ubc0f \ubd80\ub300 \uc11c\ube44\uc2a4<\/p>\n<p>5.1.3 \ud64d\ubcf4 \ubc0f \ub9c8\ucf00\ud305 \ud65c\ub3d9<\/p>\n<p>5.1.4 \ud638\ud154\uc758 \uad8c\ub9ac \ubc0f \ubc95\uc801 \uccad\uad6c\uc758 \ubcf4\ud638;<\/p>\n<p>5.1.5 \ud589\uc815\uc0c1 \ud544\uc694, \uae30\ub85d \ubc0f \ud1b5\uacc4 \uc791\uc131;<\/p>\n<p>5.1.6 \uc77c\ubc18\uc801\uc778 \ubc95\uc801 \uc758\ubb34\uc758 \uc774\ud589.<\/p>\n<p>&nbsp;<\/p>\n<p><b>5.2 \uc704 \ubaa9\uc801\uc744 \uc704\ud55c \uac1c\uc778\uc815\ubcf4 \ucc98\ub9ac\uc758 \ubc95\uc801 \uadfc\uac70\ub294 \ub2e4\uc74c\uacfc \uac19\uc2b5\ub2c8\ub2e4:<\/b><\/p>\n<p>5.2.1 \uc81c5.1.2\ud56d \ubc0f \uc81c5.1.3\ud56d\uc758 \ubaa9\uc801\uc744 \uc704\ud55c \ud638\ud154 \uc11c\ube44\uc2a4 \uc81c\uacf5\uc5d0 \uad00\ud55c \ud638\ud154\uc758 \uc815\ub2f9\ud55c \uc774\uc775<\/p>\n<p>5.2.2 \uc81c5.1.6\ud56d\uc758 \ubaa9\uc801\uc744 \uc704\ud55c \ud638\ud154 \uc0ac\uc5c5\uc758 \ubc1c\uc804 \ubc0f \uc2e0\uaddc \uace0\uac1d \ud655\ubcf4\uc5d0 \uad00\ud55c \ud638\ud154\uc758 \uc815\ub2f9\ud55c \uc774\uc775<\/p>\n<p>5.2.3 \uc81c5.1.4\ud56d\uc758 \ubaa9\uc801\uc744 \uc704\ud55c \ud638\ud154\uc758 \uad8c\ub9ac \ubc0f \uccad\uad6c\ub97c \uc801\uc808\ud788 \ubcf4\ud638\ud558\uace0 \ud6a8\uacfc\uc801\uc73c\ub85c \ud589\uc0ac\ud558\uae30 \uc704\ud55c \ud638\ud154\uc758 \uc815\ub2f9\ud55c \uc774\uc775<\/p>\n<p>5.2.5 \uc81c5.1.5\ud56d\uc758 \ubaa9\uc801\uc744 \uc704\ud55c \uccb4\uacb0\ub41c \uacc4\uc57d\uc758 \uad00\ub9ac, \uae30\ub85d \ubc0f \ud1b5\uacc4 \uc791\uc131\uc5d0 \uad00\ud55c \ud638\ud154\uc758 \uc815\ub2f9\ud55c \uc774\uc775<\/p>\n<p>5.2.6 \ud2b9\ud788 \uc138\ubb34 \ubc0f \ud68c\uacc4 \ubd84\uc57c\uc5d0\uc11c \uc81c5.1.6\ud56d\uc758 \ubaa9\uc801\uc744 \uc704\ud55c \ud638\ud154\uc758 \ubc95\uc801 \uc758\ubb34 \uc774\ud589\uc758 \ud544\uc694\uc131<\/p>\n<p>&nbsp;<\/p>\n<p><b>5.3 \uac1c\uc778\uc815\ubcf4\ub294 \ubaa9\uc801 \ub2ec\uc131\uc5d0 \ud544\uc694\ud55c \uae30\uac04 \ub3d9\uc548, \ub610\ub294 \ud574\ub2f9 \ubaa9\uc801\uc774 \uc5ec\uc804\ud788 \uc720\ud6a8\ud55c \uae30\uac04 \ub3d9\uc548\ub9cc \ucc98\ub9ac\ub418\uba70, \ud2b9\ud788 \ub2e4\uc74c\uacfc \uac19\uc2b5\ub2c8\ub2e4:<\/b><\/p>\n<p>5.3.1 \uc81c5.1.1\ud56d, \uc81c5.1.2\ud56d, \uc81c5.1.3\ud56d\uc758 \ubaa9\uc801\uc744 \uc704\ud574 \uacc4\uc57d \uad00\uacc4 \uc874\uc18d \uae30\uac04 \ub3d9\uc548<\/p>\n<p>5.3.2 \uc81c5.1.4\ud56d\uc758 \ubaa9\uc801\uc744 \uc704\ud574 \ucd5c\ub300 12\uac1c\uc6d4<\/p>\n<p>5.3.3 \uc81c5.1.6\ud56d \ubc0f \uc81c5.1.7\ud56d\uc758 \ubaa9\uc801\uc744 \uc704\ud574 \uc18c\uba78\uc2dc\ud6a8 \uae30\uac04 \ub3d9\uc548(\uadf8 \uc911\ub2e8 \ub610\ub294 \uc815\uc9c0 \uae30\uac04 \ud3ec\ud568), \uc77c\ubc18\uc801\uc73c\ub85c\ub294 \uacc4\uc57d \uad00\uacc4 \uc885\ub8cc \ud6c4 \ucd5c\ub300 16\ub144<\/p>\n<p>5.3.4 \ubcf8 \uc57d\uad00 \uc81c5.1.7\ud56d\uc758 \ubaa9\uc801\uc744 \uc704\ud574 \uad00\ub828 \ubc95\uc801 \uc758\ubb34 \uc774\ud589 \uae30\uac04 \ub3d9\uc548.<\/p>\n<p>&nbsp;<\/p>\n<p><b>5.4 \uc81c5.1\ud56d\uc5d0 \uba85\uc2dc\ub41c \uc790\uc758 \uac1c\uc778\uc815\ubcf4\ub294 \uc0c1\uae30 \ubaa9\uc801\uc744 \uc704\ud574 \uad00\ub9ac\uc790 \ubc0f \ucc98\ub9ac\uc790\uc758 \uc5ed\ud560\uc744 \ud558\ub294 \ub2e4\ub978 \uc218\ub839\uc778\uc5d0\uac8c \uc81c\uacf5\ub420 \uc218 \uc788\uc2b5\ub2c8\ub2e4. \uc774\ub7ec\ud55c \uc218\ub839\uc778\uc5d0\ub294 \ub2e4\uc74c\uc774 \ud3ec\ud568\ub420 \uc218 \uc788\uc2b5\ub2c8\ub2e4:<\/b><\/p>\n<p>5.4.1 \uc678\uad6d\uc778 \uacbd\ucc30, \uacbd\ucc30, \uc9d1\ud589\uad00, \uc7ac\ubb34\ucd1d\uad6d \ub4f1 \uacf5\uacf5\uae30\uad00\uc73c\ub85c\uc11c, \uc774\ub294 \ud638\ud154\uc5d0 \ubc95\uc801 \uc758\ubb34\uac00 \ubd80\uacfc\ub418\uac70\ub098 \ud638\ud154\uc758 \uad8c\ub9ac \ubc0f \ubc95\uc801 \uccad\uad6c \ubcf4\ud638\ub97c \uc704\ud574 \ud544\uc694\ud55c \uacbd\uc6b0\uc785\ub2c8\ub2e4.<\/p>\n<p>5.4.2 \uc6b0\ud3b8 \ubc0f \uc774\uba54\uc77c \ubc1c\uc1a1\uc744 \ub2f4\ub2f9\ud558\ub294 \uc790 \ub4f1 \uc601\uc5c5 \ubc0f \ub9c8\ucf00\ud305 \ucee4\ubba4\ub2c8\ucf00\uc774\uc158 \uacfc\uc815\uc5d0 \ucc38\uc5ec\ud558\ub294 \uc790<\/p>\n<p>&nbsp;<\/p>\n<p><b>5.5 \uc815\ubcf4\uc8fc\uccb4\ub294 \ub2e4\uc74c \uad8c\ub9ac\ub97c \uac00\uc9d1\ub2c8\ub2e4:<\/b><\/p>\n<p>5.5.1 \uc790\uc2e0\uc758 \uac1c\uc778\uc815\ubcf4\uc5d0 \ub300\ud55c \uc811\uadfc \uc694\uad6c<\/p>\n<p>5.5.2 \uac1c\uc778\uc815\ubcf4\uc758 \uc815\uc815, \ubcf4\uc644 \ub610\ub294 \uc0ad\uc81c \uc694\uad6c<\/p>\n<p>5.5.3 \uac1c\uc778\uc815\ubcf4 \ucc98\ub9ac \uc81c\ud55c \uc694\uad6c<\/p>\n<p>5.5.4 \uac1c\uc778\uc815\ubcf4 \ucc98\ub9ac\uc5d0 \ub300\ud55c \uc124\uba85 \uc694\uad6c<\/p>\n<p>5.5.5 \uac1c\uc778\uc815\ubcf4 \ucc98\ub9ac\uc5d0 \ub300\ud55c \uc774\uc758 \uc81c\uae30(\ub9c8\ucf00\ud305 \ubaa9\uc801\uc758 \ucc98\ub9ac\uc5d0 \ub300\ud55c \uc774\uc758 \ud3ec\ud568) \u2013 \uc815\ubcf4\uc8fc\uccb4\ub294 \uacc4\uc57d \uccb4\uacb0 \uc2dc, \uac01 \uac1c\ubcc4 \uc0c1\uc5c5\uc801 \ud1b5\uc9c0 \ubc1c\uc1a1 \uc2dc \ub610\ub294 \uadf8 \uc678 \uc5b8\uc81c\ub4e0\uc9c0 \uc774\uc758\ub97c \uc81c\uae30\ud560 \uc218 \uc788\uc2b5\ub2c8\ub2e4<\/p>\n<p>5.5.6 \uac1c\uc778\uc815\ubcf4 \uc774\ub3d9\uad8c \ud589\uc0ac<\/p>\n<p>5.5.7 \uac1c\uc778\uc815\ubcf4 \ucc98\ub9ac\uc5d0 \ub300\ud574 \uac1c\uc778\uc815\ubcf4\ubcf4\ud638\uccad\uc5d0 \ubd88\ub9cc\uc744 \uc81c\uae30\ud560 \uad8c\ub9ac \ud589\uc0ac.<\/p>\n<p>&nbsp;<\/p>\n<p><b>5.6 \ubaa8\ub4e0 \uad8c\ub9ac\ub294 \ub2e4\uc74c \ud638\ud154 \uc5f0\ub77d\ucc98\ub97c \ud1b5\ud574 \ud589\uc0ac\ud560 \uc218 \uc788\uc2b5\ub2c8\ub2e4:<\/b><\/p>\n<p>5.6.1 \uc774\uba54\uc77c: reception@hoteldvorak.com<\/p>\n<p>&nbsp;<\/p>\n<p>5.7 \ud638\ud154\uc740 \uc81c5.1\ud56d\uc5d0 \ub530\ub978 \uc815\ubcf4\uc8fc\uccb4\uc5d0\uac8c \ubcf8 \uc81c5\uc870\uc5d0 \uba85\uc2dc\ub41c \ubc94\uc704\uc5d0\uc11c \uadf8\ub4e4\uc758 \uac1c\uc778\uc815\ubcf4 \ucc98\ub9ac\uc5d0 \ub300\ud574 \uc54c\ub9b4 \uc758\ubb34\uac00 \uc788\uc2b5\ub2c8\ub2e4. \ub610\ud55c \ud638\ud154\uc740 \uc815\ubcf4\uc8fc\uccb4\uc758 \uac1c\uc778\uc815\ubcf4\uac00 \ud638\ud154\uc758 \uc218\ub839\uc778 \ub610\ub294 \uac1c\uc778\uc815\ubcf4 \ucc98\ub9ac\uc790\uc5d0\uac8c \uc81c\uacf5\ub418\ub294 \uacbd\uc6b0, \ud6a8\ub825 \ubc1c\uc0dd \ud6c4 \uc9c0\uccb4 \uc5c6\uc774 \uc774\ub97c \uc815\ubcf4\uc8fc\uccb4\uc5d0\uac8c \uc54c\ub824\uc57c \ud569\ub2c8\ub2e4. \ud638\ud154\uc740 \uc0c1\ud669\uacfc \uc815\ubcf4\uc8fc\uccb4\uc758 \uc774\ud574 \ub2a5\ub825\uc744 \uace0\ub824\ud558\uc5ec \uc27d\uac8c \uc774\ud574\ud560 \uc218 \uc788\ub294 \ud615\ud0dc\ub85c \uc815\ubcf4\ub97c \uc81c\uacf5\ud574\uc57c \ud569\ub2c8\ub2e4<\/p>\n<p>&nbsp;<\/p>\n<p>5.8 \uc81c5.7\ud56d\uc5d0 \ub530\ub978 \uc815\ubcf4\uc8fc\uccb4 \ud1b5\uc9c0 \uc758\ubb34\ub294 \ucc98\ub9ac \uc815\ubcf4\uc5d0 \uad00\ud55c \ubaa8\ub4e0 \ubcc0\uacbd \uc0ac\ud56d\uc5d0\ub3c4 \ub3d9\uc77c\ud558\uac8c \uc801\uc6a9\ub429\ub2c8\ub2e4.<\/p>\n<p>&nbsp;<\/p>\n<p>5.9 \ud638\ud154\uacfc \ud22c\uc219\uac1d\uc740 \ubcf8 \uc81c5\uc870\uc758 \uc815\ubcf4\uac00 \uacc4\uc57d \uc870\ud56d\uc744 \uad6c\uc131\ud558\uc9c0 \uc54a\uc74c\uc744 \ud655\uc778\ud569\ub2c8\ub2e4. \ud638\ud154\uc740 \uc774 \ucc98\ub9ac \uc815\ubcf4\ub97c \ucd5c\uc2e0 \uc0c1\ud0dc\ub85c \uc720\uc9c0\ud560 \uc758\ubb34\uac00 \uc788\uc73c\uba70, \ub530\ub77c\uc11c \uadf8 \ubcc0\uacbd\uc5d0\ub294 \uc81c\ud55c\uc774 \uc801\uc6a9\ub418\uc9c0 \uc54a\uc2b5\ub2c8\ub2e4. \ud638\ud154\uc740 \uc5b8\uc81c\ub4e0\uc9c0 \uc774 \uc815\ubcf4\ub97c \ubcc0\uacbd\ud558\uace0 \uc804\uc790\uc801 \uc218\ub2e8\uc73c\ub85c \ud22c\uc219\uac1d\uc5d0\uac8c \uc774\ub97c \uc54c\ub9b4 \uad8c\ub9ac\uac00 \uc788\uc2b5\ub2c8\ub2e4.<\/p>\n<p>&nbsp;<\/p>\n<p><b>6. \uac1c\uc778\uc815\ubcf4 \ucc98\ub9ac \uc6d0\uce59<\/b><\/p>\n<p>6.1 \uac1c\uc778\uc815\ubcf4 \ubcf4\ud638 \ubc0f \ubcf4\uc548\uc5d0 \uad00\ud55c \uc815\ubcf4\ub294 \uac1c\uc778\uc815\ubcf4 \ucc98\ub9ac \uc6d0\uce59\uc5d0 \uba85\uc2dc\ub418\uc5b4 \uc788\uc73c\uba70 \ud638\ud154 \uc6f9\uc0ac\uc774\ud2b8\uc5d0 \uac8c\uc2dc\ub418\uc5b4 \uc788\uc2b5\ub2c8\ub2e4<\/p>\n<p>&nbsp;<\/p>\n<p>&nbsp;<\/p>\n<p>&nbsp;<\/p>\n<p>&nbsp;<\/p>\n<p>&nbsp;<\/p>\n<p><b>7. \ubd84\uc7c1 \ud574\uacb0<\/b><\/p>\n<p>\ub2f9\uc0ac\uc640 \uc18c\ube44\uc790 \uc0ac\uc774\uc5d0 \ub9e4\ub9e4\uacc4\uc57d \ub610\ub294 \uc11c\ube44\uc2a4 \uc81c\uacf5 \uacc4\uc57d\uc73c\ub85c\ubd80\ud130 \ubc1c\uc0dd\ud55c \uc18c\ube44\uc790 \ubd84\uc7c1\uc774 \uc0c1\ud638 \ud569\uc758\ub85c \ud574\uacb0\ub418\uc9c0 \uc54a\ub294 \uacbd\uc6b0, \uc18c\ube44\uc790\ub294 \uc18c\ube44\uc790 \ubd84\uc7c1\uc758 \ub300\uccb4\uc801 \ud574\uacb0\uc744 \ub2f4\ub2f9\ud558\ub294 \uae30\uad00\uc5d0 \ud574\ub2f9 \ubd84\uc7c1\uc758 \ube44\uc0ac\ubc95\uc801 \ud574\uacb0\uc744 \uc2e0\uccad\ud560 \uc218 \uc788\uc73c\uba70, \ud574\ub2f9 \uae30\uad00\uc740 \ub2e4\uc74c\uacfc \uac19\uc2b5\ub2c8\ub2e4<\/p>\n<p>&nbsp;<\/p>\n<p>\uccb4\ucf54 \uc0c1\uc5c5\uac10\ub3c5\uccad<\/p>\n<p>\uc911\uc559\uac10\ub3c5\uad6d \u2013 ADR \ubd80\uc11c<\/p>\n<p>\u0160t\u011bp\u00e1nsk\u00e1 15<\/p>\n<p>120 00 Praha 2<\/p>\n<p>&nbsp;<\/p>\n<p>Email: adr@coi.cz<\/p>\n<p>Web: adr.coi.cz<\/p>\n<p>&nbsp;<\/p>\n<p><b>8. \ucd5c\uc885 \uc870\ud56d<\/b><\/p>\n<p>&#8211; \ubcf8 \uc57d\uad00\uc740 2020\ub144 1\uc6d4 1\uc77c\ubd80\ud130 \uc720\ud6a8\ud558\uba70, \ud638\ud154\uc740 \uc774\ub97c \ubcc0\uacbd\ud560 \uad8c\ub9ac\ub97c \ubcf4\uc720\ud569\ub2c8\ub2e4. \ud22c\uc219\uac1d\uc740 \ucd5c\uc2e0 \uc57d\uad00\uc744 \uc900\uc218\ud560 \uc758\ubb34\uac00 \uc788\uc2b5\ub2c8\ub2e4<\/p>\n<p>&nbsp;<\/p>\t\t\t\t\t\t\t\t<\/div>\n\t\t\t\t\t<\/div>\n\t\t\t\t<\/div>\n\t\t\t\t<\/div>\n\t\t","protected":false},"excerpt":{"rendered":"<p>Hotel Dvo\u0159\u00e1k**** \u010cesk\u00fd Krumlov CzechAg s.r.o., Chl\u00e1dkova 2, Brno 616 00, \uc0ac\uc5c5\uc790\ubc88\ud638: 49433008, \ube0c\ub974\ub178 \uc9c0\ubc29 \ubc95\uc6d0\uc774 \uad00\ub9ac\ud558\ub294 \uc0c1\uc5c5\ub4f1\uae30\ubd80 C\ubd80 11679\ubc88\uc5d0 \ub4f1\ub85d\ub428(\uc774\ud558 \u201c\ud638\ud154\u201d). \ubcf8 \uc57d\uad00\uc740 \ud638\ud154\uacfc \ub2e4\ub978 \ub2f9\uc0ac\uc790 \uc0ac\uc774\uc5d0 \uccb4\uacb0\ub41c \uacc4\uc57d\uacfc \uad00\ub828\ud558\uc5ec \ub610\ub294 \uadf8\uc5d0 \uadfc\uac70\ud558\uc5ec \ubc1c\uc0dd\ud558\ub294 \uc0c1\ud638 \uad8c\ub9ac\uc640 \uc758\ubb34\ub97c \uaddc\uc815\ud569\ub2c8\ub2e4. \ub530\ub77c\uc11c \ubcf8 \uc57d\uad00\uc740 \uc11c\uba74 \uc11c\ube44\uc2a4 \uacc4\uc57d\uc774 \uccb4\uacb0\ub418\uc9c0 \uc54a\uc740 \ubaa8\ub4e0 \ud638\ud154 \ud22c\uc219\uac1d \ubc0f \ub300\ud589\uc0ac(\uc774\ud558 \u201c\ud22c\uc219\uac1d\u201d)\uc5d0\uac8c \uc77c\ubc18\uc801\uc73c\ub85c \uc801\uc6a9\ub429\ub2c8\ub2e4. [&hellip;]<\/p>\n","protected":false},"author":1,"featured_media":0,"parent":0,"menu_order":0,"comment_status":"closed","ping_status":"open","template":"","meta":{"_acf_changed":false,"footnotes":""},"class_list":["post-9334","page","type-page","status-publish","hentry"],"acf":[],"_links":{"self":[{"href":"https:\/\/hoteldvorak.com\/ko\/wp-json\/wp\/v2\/pages\/9334","targetHints":{"allow":["GET"]}}],"collection":[{"href":"https:\/\/hoteldvorak.com\/ko\/wp-json\/wp\/v2\/pages"}],"about":[{"href":"https:\/\/hoteldvorak.com\/ko\/wp-json\/wp\/v2\/types\/page"}],"author":[{"embeddable":true,"href":"https:\/\/hoteldvorak.com\/ko\/wp-json\/wp\/v2\/users\/1"}],"replies":[{"embeddable":true,"href":"https:\/\/hoteldvorak.com\/ko\/wp-json\/wp\/v2\/comments?post=9334"}],"version-history":[{"count":4,"href":"https:\/\/hoteldvorak.com\/ko\/wp-json\/wp\/v2\/pages\/9334\/revisions"}],"predecessor-version":[{"id":9518,"href":"https:\/\/hoteldvorak.com\/ko\/wp-json\/wp\/v2\/pages\/9334\/revisions\/9518"}],"wp:attachment":[{"href":"https:\/\/hoteldvorak.com\/ko\/wp-json\/wp\/v2\/media?parent=9334"}],"curies":[{"name":"wp","href":"https:\/\/api.w.org\/{rel}","templated":true}]}}