{"id":9322,"date":"2026-02-08T17:28:14","date_gmt":"2026-02-08T16:28:14","guid":{"rendered":"https:\/\/dvorak.beautedelamer.cz\/gdpr\/"},"modified":"2026-03-16T10:08:14","modified_gmt":"2026-03-16T09:08:14","slug":"gdpr","status":"publish","type":"page","link":"https:\/\/hoteldvorak.com\/ru\/gdpr\/","title":{"rendered":"GDPR"},"content":{"rendered":"\t\t<div data-elementor-type=\"wp-page\" data-elementor-id=\"9322\" class=\"elementor elementor-9322\" data-elementor-post-type=\"page\">\n\t\t\t\t<div class=\"elementor-element elementor-element-708e9376 e-flex e-con-boxed e-con e-parent\" data-id=\"708e9376\" data-element_type=\"container\" data-e-type=\"container\">\n\t\t\t\t\t<div class=\"e-con-inner\">\n\t\t\t\t<div class=\"elementor-element elementor-element-5e204e97 elementor-widget elementor-widget-text-editor\" data-id=\"5e204e97\" data-element_type=\"widget\" data-e-type=\"widget\" data-widget_type=\"text-editor.default\">\n\t\t\t\t\t\t\t\t\t\n<p><b>\u041e\u0431\u0449\u0438\u0439 \u0440\u0435\u0433\u043b\u0430\u043c\u0435\u043d\u0442 \u043f\u043e \u0437\u0430\u0449\u0438\u0442\u0435 \u0434\u0430\u043d\u043d\u044b\u0445 (GDPR)<\/b><\/p>\n<p>\u041f\u0440\u0438\u043d\u0446\u0438\u043f\u044b \u043e\u0431\u0440\u0430\u0431\u043e\u0442\u043a\u0438 \u043f\u0435\u0440\u0441\u043e\u043d\u0430\u043b\u044c\u043d\u044b\u0445 \u0434\u0430\u043d\u043d\u044b\u0445 \u043a\u043e\u043c\u043f\u0430\u043d\u0438\u0438 CzechAg s.r.o., I\u010c 4943008<\/p>\n\n<p>\u041d\u0430\u0441\u0442\u043e\u044f\u0449\u0438\u0435 \u043f\u0440\u0438\u043d\u0446\u0438\u043f\u044b \u043e\u0441\u043d\u043e\u0432\u0430\u043d\u044b \u043d\u0430 \u0432\u043d\u0443\u0442\u0440\u0435\u043d\u043d\u0435\u0439 \u0434\u0438\u0440\u0435\u043a\u0442\u0438\u0432\u0435 CzechAg s.r.o. (\u00ab\u041a\u043e\u043c\u043f\u0430\u043d\u0438\u044f\u00bb) \u043f\u043e \u043e\u0431\u0440\u0430\u0449\u0435\u043d\u0438\u044e \u0441 \u043f\u0435\u0440\u0441\u043e\u043d\u0430\u043b\u044c\u043d\u044b\u043c\u0438 \u0434\u0430\u043d\u043d\u044b\u043c\u0438 \u0438 \u0441\u043e\u043e\u0442\u0432\u0435\u0442\u0441\u0442\u0432\u0443\u044e\u0442 \u0420\u0435\u0433\u043b\u0430\u043c\u0435\u043d\u0442\u0443 (\u0415\u0421) 2016\/679 (GDPR), \u0430 \u0442\u0430\u043a\u0436\u0435 \u0417\u0430\u043a\u043e\u043d\u0443 \u0427\u0435\u0448\u0441\u043a\u043e\u0439 \u0420\u0435\u0441\u043f\u0443\u0431\u043b\u0438\u043a\u0438 \u2116 110\/2019 Sb. \u043e\u0431 \u043e\u0431\u0440\u0430\u0431\u043e\u0442\u043a\u0435 \u043f\u0435\u0440\u0441\u043e\u043d\u0430\u043b\u044c\u043d\u044b\u0445 \u0434\u0430\u043d\u043d\u044b\u0445.<\/p>\n\n<p><b>1. \u0412\u0432\u0435\u0434\u0435\u043d\u0438\u0435<\/b><\/p>\n<p>1.1. \u041a\u043e\u043c\u043f\u0430\u043d\u0438\u044f \u043e\u0431\u0440\u0430\u0431\u0430\u0442\u044b\u0432\u0430\u0435\u0442 \u043f\u0435\u0440\u0441\u043e\u043d\u0430\u043b\u044c\u043d\u044b\u0435 \u0434\u0430\u043d\u043d\u044b\u0435 \u0432 \u043a\u0430\u0447\u0435\u0441\u0442\u0432\u0435 \u043e\u043f\u0435\u0440\u0430\u0442\u043e\u0440\u0430 (\u043a\u043e\u043d\u0442\u0440\u043e\u043b\u0451\u0440\u0430) \u0432 \u0440\u0430\u043c\u043a\u0430\u0445 \u0441\u0432\u043e\u0435\u0439 \u0434\u0435\u044f\u0442\u0435\u043b\u044c\u043d\u043e\u0441\u0442\u0438 \u0438 \u043f\u0440\u0438\u043c\u0435\u043d\u044f\u0435\u0442 \u0441\u043e\u043e\u0442\u0432\u0435\u0442\u0441\u0442\u0432\u0443\u044e\u0449\u0438\u0435 \u043e\u0440\u0433\u0430\u043d\u0438\u0437\u0430\u0446\u0438\u043e\u043d\u043d\u044b\u0435 \u0438 \u0442\u0435\u0445\u043d\u0438\u0447\u0435\u0441\u043a\u0438\u0435 \u043c\u0435\u0440\u044b \u0431\u0435\u0437\u043e\u043f\u0430\u0441\u043d\u043e\u0441\u0442\u0438 (\u0432 \u0442.\u0447. \u043a\u043e\u043d\u0442\u0440\u043e\u043b\u044c \u0434\u043e\u0441\u0442\u0443\u043f\u0430).<\/p>\n<p>1.2. \u041a\u043e\u043c\u043f\u0430\u043d\u0438\u044f \u043e\u0431\u0440\u0430\u0431\u0430\u0442\u044b\u0432\u0430\u0435\u0442 \u0434\u0430\u043d\u043d\u044b\u0435, \u0432 \u0447\u0430\u0441\u0442\u043d\u043e\u0441\u0442\u0438, \u0434\u043b\u044f \u043f\u0440\u0435\u0434\u043e\u0441\u0442\u0430\u0432\u043b\u0435\u043d\u0438\u044f \u0443\u0441\u043b\u0443\u0433 (\u0432 \u0442.\u0447. \u0440\u0430\u0437\u043c\u0435\u0449\u0435\u043d\u0438\u0435 \u0438 \u0441\u043e\u043f\u0443\u0442\u0441\u0442\u0432\u0443\u044e\u0449\u0438\u0435 \u0443\u0441\u043b\u0443\u0433\u0438), \u0438\u0441\u043f\u043e\u043b\u043d\u0435\u043d\u0438\u044f \u0434\u043e\u0433\u043e\u0432\u043e\u0440\u043e\u0432, \u0432\u044b\u043f\u043e\u043b\u043d\u0435\u043d\u0438\u044f \u044e\u0440\u0438\u0434\u0438\u0447\u0435\u0441\u043a\u0438\u0445 \u043e\u0431\u044f\u0437\u0430\u043d\u043d\u043e\u0441\u0442\u0435\u0439, \u0437\u0430\u0449\u0438\u0442\u044b \u0437\u0430\u043a\u043e\u043d\u043d\u044b\u0445 \u0438\u043d\u0442\u0435\u0440\u0435\u0441\u043e\u0432 (\u043d\u0430\u043f\u0440\u0438\u043c\u0435\u0440, \u0437\u0430\u0449\u0438\u0442\u0430 \u043f\u0440\u0430\u0432 \u0438 \u0442\u0440\u0435\u0431\u043e\u0432\u0430\u043d\u0438\u0439), \u043a\u043e\u043c\u043c\u0443\u043d\u0438\u043a\u0430\u0446\u0438\u0438 \u0441 \u043a\u043b\u0438\u0435\u043d\u0442\u0430\u043c\u0438, \u043f\u043e\u0441\u0442\u0430\u0432\u0449\u0438\u043a\u0430\u043c\u0438 \u0438 \u043f\u0430\u0440\u0442\u043d\u0451\u0440\u0430\u043c\u0438, \u0430 \u0442\u0430\u043a\u0436\u0435 \u2014 \u043f\u0440\u0438 \u043d\u0435\u043e\u0431\u0445\u043e\u0434\u0438\u043c\u043e\u0441\u0442\u0438 \u2014 \u043d\u0430 \u043e\u0441\u043d\u043e\u0432\u0430\u043d\u0438\u0438 \u0441\u043e\u0433\u043b\u0430\u0441\u0438\u044f.<\/p>\n<p>1.3. \u0421\u043e\u0433\u043b\u0430\u0441\u0438\u0435 \u043c\u043e\u0436\u0435\u0442 \u0431\u044b\u0442\u044c \u043e\u0442\u043e\u0437\u0432\u0430\u043d\u043e \u0432 \u043b\u044e\u0431\u043e\u0435 \u0432\u0440\u0435\u043c\u044f; \u043e\u0442\u0437\u044b\u0432 \u043d\u0435 \u0432\u043b\u0438\u044f\u0435\u0442 \u043d\u0430 \u0437\u0430\u043a\u043e\u043d\u043d\u043e\u0441\u0442\u044c \u043e\u0431\u0440\u0430\u0431\u043e\u0442\u043a\u0438, \u043e\u0441\u0443\u0449\u0435\u0441\u0442\u0432\u043b\u0451\u043d\u043d\u043e\u0439 \u0434\u043e \u043e\u0442\u0437\u044b\u0432\u0430.<\/p>\n\n<p><b>2. \u0426\u0435\u043b\u0438 \u043e\u0431\u0440\u0430\u0431\u043e\u0442\u043a\u0438<\/b><\/p>\n<p>2.1. \u041f\u0435\u0440\u0441\u043e\u043d\u0430\u043b\u044c\u043d\u044b\u0435 \u0434\u0430\u043d\u043d\u044b\u0435 \u0441\u043e\u0431\u0438\u0440\u0430\u044e\u0442\u0441\u044f \u0442\u043e\u043b\u044c\u043a\u043e \u0434\u043b\u044f \u043e\u043f\u0440\u0435\u0434\u0435\u043b\u0451\u043d\u043d\u044b\u0445, \u044f\u0432\u043d\u044b\u0445 \u0438 \u0437\u0430\u043a\u043e\u043d\u043d\u044b\u0445 \u0446\u0435\u043b\u0435\u0439 \u0438 \u043d\u0435 \u043e\u0431\u0440\u0430\u0431\u0430\u0442\u044b\u0432\u0430\u044e\u0442\u0441\u044f \u0434\u0430\u043b\u0435\u0435 \u0441\u043f\u043e\u0441\u043e\u0431\u043e\u043c, \u043d\u0435\u0441\u043e\u0432\u043c\u0435\u0441\u0442\u0438\u043c\u044b\u043c \u0441 \u044d\u0442\u0438\u043c\u0438 \u0446\u0435\u043b\u044f\u043c\u0438.<\/p>\n<p>2.2. \u041a \u0446\u0435\u043b\u044f\u043c \u043e\u0442\u043d\u043e\u0441\u044f\u0442\u0441\u044f, \u0432 \u0447\u0430\u0441\u0442\u043d\u043e\u0441\u0442\u0438: \u043f\u0440\u0435\u0434\u043e\u0441\u0442\u0430\u0432\u043b\u0435\u043d\u0438\u0435 \u0443\u0441\u043b\u0443\u0433 \u041a\u043e\u043c\u043f\u0430\u043d\u0438\u0438, \u0431\u0440\u043e\u043d\u0438\u0440\u043e\u0432\u0430\u043d\u0438\u044f\/\u0440\u0435\u0437\u0435\u0440\u0432\u0430\u0446\u0438\u0438, \u0431\u0443\u0445\u0433\u0430\u043b\u0442\u0435\u0440\u0441\u043a\u0438\u0439 \u0443\u0447\u0451\u0442, \u0432\u043d\u0443\u0442\u0440\u0435\u043d\u043d\u0438\u0435 \u043f\u0440\u043e\u0446\u0435\u0441\u0441\u044b \u0431\u0435\u0437\u043e\u043f\u0430\u0441\u043d\u043e\u0441\u0442\u0438 \u0438 \u043a\u043e\u043c\u043f\u043b\u0430\u0435\u043d\u0441\u0430, \u043a\u0430\u0434\u0440\u043e\u0432\u0430\u044f \u0438 \u0437\u0430\u0440\u043f\u043b\u0430\u0442\u043d\u0430\u044f \u043f\u043e\u0432\u0435\u0441\u0442\u043a\u0430, \u043e\u0431\u0443\u0447\u0435\u043d\u0438\u0435, \u0430 \u0442\u0430\u043a\u0436\u0435 \u043c\u0430\u0440\u043a\u0435\u0442\u0438\u043d\u0433 \u0438 \u043f\u0440\u043e\u0434\u0432\u0438\u0436\u0435\u043d\u0438\u0435.<\/p>\n\n<p><b>3. \u041a\u0430\u0442\u0435\u0433\u043e\u0440\u0438\u0438 \u043e\u0431\u0440\u0430\u0431\u0430\u0442\u044b\u0432\u0430\u0435\u043c\u044b\u0445 \u043f\u0435\u0440\u0441\u043e\u043d\u0430\u043b\u044c\u043d\u044b\u0445 \u0434\u0430\u043d\u043d\u044b\u0445<\/b><\/p>\n<p>3.1. \u0412 \u0437\u0430\u0432\u0438\u0441\u0438\u043c\u043e\u0441\u0442\u0438 \u043e\u0442 \u0446\u0435\u043b\u0438 \u041a\u043e\u043c\u043f\u0430\u043d\u0438\u044f \u043c\u043e\u0436\u0435\u0442 \u043e\u0431\u0440\u0430\u0431\u0430\u0442\u044b\u0432\u0430\u0442\u044c, \u0432 \u0447\u0430\u0441\u0442\u043d\u043e\u0441\u0442\u0438:<\/p>\n<p>3.1.1. \u0418\u0434\u0435\u043d\u0442\u0438\u0444\u0438\u043a\u0430\u0446\u0438\u043e\u043d\u043d\u044b\u0435 \u0438 \u043a\u043e\u043d\u0442\u0430\u043a\u0442\u043d\u044b\u0435 \u0434\u0430\u043d\u043d\u044b\u0435 (\u043d\u0430\u043f\u0440\u0438\u043c\u0435\u0440, \u0438\u043c\u044f \u0438 \u0444\u0430\u043c\u0438\u043b\u0438\u044f, \u0434\u0430\u0442\u0430 \u0440\u043e\u0436\u0434\u0435\u043d\u0438\u044f, \u0430\u0434\u0440\u0435\u0441, \u0442\u0435\u043b\u0435\u0444\u043e\u043d, e\u2011mail, \u0433\u0440\u0430\u0436\u0434\u0430\u043d\u0441\u0442\u0432\u043e, \u0434\u0430\u043d\u043d\u044b\u0435 \u0443\u0434\u043e\u0441\u0442\u043e\u0432\u0435\u0440\u0435\u043d\u0438\u044f \u043b\u0438\u0447\u043d\u043e\u0441\u0442\u0438\/\u043f\u0430\u0441\u043f\u043e\u0440\u0442\u0430, \u0431\u0430\u043d\u043a\u043e\u0432\u0441\u043a\u0438\u0435 \u0440\u0435\u043a\u0432\u0438\u0437\u0438\u0442\u044b).<\/p>\n<p>3.1.2. \u0414\u0430\u043d\u043d\u044b\u0435, \u0441\u0432\u044f\u0437\u0430\u043d\u043d\u044b\u0435 \u0441 \u0434\u043e\u0433\u043e\u0432\u043e\u0440\u043d\u044b\u043c\u0438 \u043e\u0442\u043d\u043e\u0448\u0435\u043d\u0438\u044f\u043c\u0438 (\u043d\u0430\u043f\u0440\u0438\u043c\u0435\u0440, \u0418\u041d\u041d\/\u041d\u0414\u0421 ID, \u044e\u0440\u0438\u0434\u0438\u0447\u0435\u0441\u043a\u0438\u0439 \u0430\u0434\u0440\u0435\u0441, \u0434\u0430\u043d\u043d\u044b\u0435 \u0437\u0430\u043a\u0430\u0437\u043e\u0432 \u0438 \u043f\u043b\u0430\u0442\u0435\u0436\u0435\u0439).<\/p>\n<p>3.1.3. \u041e\u0441\u043e\u0431\u044b\u0435 \u043a\u0430\u0442\u0435\u0433\u043e\u0440\u0438\u0438 \u043f\u0435\u0440\u0441\u043e\u043d\u0430\u043b\u044c\u043d\u044b\u0445 \u0434\u0430\u043d\u043d\u044b\u0445 \u2014 \u0442\u043e\u043b\u044c\u043a\u043e \u0432 \u043f\u0440\u0435\u0434\u0435\u043b\u0430\u0445, \u0434\u043e\u043f\u0443\u0441\u043a\u0430\u0435\u043c\u044b\u0445 \u0437\u0430\u043a\u043e\u043d\u043e\u043c \u0438 \u043d\u0435\u043e\u0431\u0445\u043e\u0434\u0438\u043c\u044b\u0445 \u0434\u043b\u044f \u043a\u043e\u043d\u043a\u0440\u0435\u0442\u043d\u043e\u0439 \u0446\u0435\u043b\u0438.<\/p>\n<p>3.1.4. \u041f\u0440\u043e\u0447\u0438\u0435 \u0434\u0430\u043d\u043d\u044b\u0435, \u0442\u0430\u043a\u0438\u0435 \u043a\u0430\u043a \u0444\u043e\u0442\u043e\/\u0432\u0438\u0434\u0435\u043e\u0437\u0430\u043f\u0438\u0441\u0438 (\u0432 \u0442.\u0447. CCTV), \u0442\u0435\u0445\u043d\u0438\u0447\u0435\u0441\u043a\u0438\u0435 \u0438\/\u0438\u043b\u0438 \u043e\u0445\u0440\u0430\u043d\u043d\u044b\u0435 \u0434\u0430\u043d\u043d\u044b\u0435, \u0435\u0441\u043b\u0438 \u043f\u0440\u0438\u043c\u0435\u043d\u0438\u043c\u043e.<\/p>\n\n<p><b>4. Cookie<\/b><\/p>\n<p>4.1. Cookie \u2014 \u044d\u0442\u043e \u043d\u0435\u0431\u043e\u043b\u044c\u0448\u0438\u0435 \u0442\u0435\u043a\u0441\u0442\u043e\u0432\u044b\u0435 \u0444\u0430\u0439\u043b\u044b, \u043a\u043e\u0442\u043e\u0440\u044b\u0435 \u0441\u0430\u0439\u0442 \u043e\u0442\u043f\u0440\u0430\u0432\u043b\u044f\u0435\u0442 \u0432\u0430\u0448\u0435\u043c\u0443 \u0431\u0440\u0430\u0443\u0437\u0435\u0440\u0443. \u041e\u043d\u0438 \u043f\u043e\u0437\u0432\u043e\u043b\u044f\u044e\u0442, \u043d\u0430\u043f\u0440\u0438\u043c\u0435\u0440, \u0441\u043e\u0445\u0440\u0430\u043d\u044f\u0442\u044c \u043d\u0430\u0441\u0442\u0440\u043e\u0439\u043a\u0438 (\u044f\u0437\u044b\u043a) \u0438 \u043f\u043e\u0432\u044b\u0448\u0430\u044e\u0442 \u0443\u0434\u043e\u0431\u0441\u0442\u0432\u043e \u0438\u0441\u043f\u043e\u043b\u044c\u0437\u043e\u0432\u0430\u043d\u0438\u044f \u0441\u0430\u0439\u0442\u0430.<\/p>\n<p>4.2. \u041c\u044b \u0438\u0441\u043f\u043e\u043b\u044c\u0437\u0443\u0435\u043c (a) \u0441\u0435\u0441\u0441\u0438\u043e\u043d\u043d\u044b\u0435 cookie, \u0443\u0434\u0430\u043b\u044f\u0435\u043c\u044b\u0435 \u043f\u043e\u0441\u043b\u0435 \u0437\u0430\u043a\u0440\u044b\u0442\u0438\u044f \u0431\u0440\u0430\u0443\u0437\u0435\u0440\u0430, \u0438 (b) \u043f\u043e\u0441\u0442\u043e\u044f\u043d\u043d\u044b\u0435 cookie, \u043a\u043e\u0442\u043e\u0440\u044b\u0435 \u043f\u043e\u0437\u0432\u043e\u043b\u044f\u044e\u0442 \u0440\u0430\u0441\u043f\u043e\u0437\u043d\u0430\u0432\u0430\u0442\u044c \u043f\u043e\u0432\u0442\u043e\u0440\u043d\u044b\u0435 \u043f\u043e\u0441\u0435\u0449\u0435\u043d\u0438\u044f.<\/p>\n<p>4.3. \u0412\u044b \u043c\u043e\u0436\u0435\u0442\u0435 \u0443\u0434\u0430\u043b\u044f\u0442\u044c, \u0431\u043b\u043e\u043a\u0438\u0440\u043e\u0432\u0430\u0442\u044c \u0438\u043b\u0438 \u043e\u0442\u043a\u043b\u044e\u0447\u0430\u0442\u044c cookie \u0432 \u043d\u0430\u0441\u0442\u0440\u043e\u0439\u043a\u0430\u0445 \u0431\u0440\u0430\u0443\u0437\u0435\u0440\u0430. \u041f\u0440\u0438 \u043e\u0442\u043a\u043b\u044e\u0447\u0435\u043d\u0438\u0438 cookie \u043d\u0435\u043a\u043e\u0442\u043e\u0440\u044b\u0435 \u0444\u0443\u043d\u043a\u0446\u0438\u0438 \u0441\u0430\u0439\u0442\u0430 \u043c\u043e\u0433\u0443\u0442 \u0440\u0430\u0431\u043e\u0442\u0430\u0442\u044c \u043d\u0435\u043a\u043e\u0440\u0440\u0435\u043a\u0442\u043d\u043e.<\/p>\n<p>4.4. \u0414\u043b\u044f \u043f\u0435\u0440\u0441\u043e\u043d\u0430\u043b\u0438\u0437\u0430\u0446\u0438\u0438 \u043a\u043e\u043d\u0442\u0435\u043d\u0442\u0430\/\u0440\u0435\u043a\u043b\u0430\u043c\u044b \u0438 \u0430\u043d\u0430\u043b\u0438\u0442\u0438\u043a\u0438 \u043c\u043e\u0433\u0443\u0442 \u0438\u0441\u043f\u043e\u043b\u044c\u0437\u043e\u0432\u0430\u0442\u044c\u0441\u044f \u0441\u0435\u0440\u0432\u0438\u0441\u044b \u0442\u0440\u0435\u0442\u044c\u0438\u0445 \u043b\u0438\u0446 (\u043d\u0430\u043f\u0440\u0438\u043c\u0435\u0440, Google, Meta\/Facebook \u0438 \u0434\u0440.). \u041f\u0440\u0438 \u044d\u0442\u043e\u043c \u043c\u043e\u0433\u0443\u0442 \u043e\u0431\u0440\u0430\u0431\u0430\u0442\u044b\u0432\u0430\u0442\u044c\u0441\u044f \u0441\u0432\u0435\u0434\u0435\u043d\u0438\u044f \u043e \u0432\u0430\u0448\u0435\u043c \u0438\u0441\u043f\u043e\u043b\u044c\u0437\u043e\u0432\u0430\u043d\u0438\u0438 \u0441\u0430\u0439\u0442\u0430; \u0438\u0434\u0435\u043d\u0442\u0438\u0444\u0438\u0446\u0438\u0440\u0443\u044e\u0449\u0438\u0435 \u0434\u0430\u043d\u043d\u044b\u0435 \u043d\u0435 \u043f\u0435\u0440\u0435\u0434\u0430\u044e\u0442\u0441\u044f \u0432 \u00ab\u043e\u0442\u043a\u0440\u044b\u0442\u043e\u043c \u0432\u0438\u0434\u0435\u00bb.<\/p>\n\n<p><b>5. \u0421\u043f\u043e\u0441\u043e\u0431 \u043e\u0431\u0440\u0430\u0431\u043e\u0442\u043a\u0438, \u0445\u0440\u0430\u043d\u0435\u043d\u0438\u0435 \u0438 \u0441\u0440\u043e\u043a\u0438<\/b><\/p>\n<p>5.1. \u0414\u0430\u043d\u043d\u044b\u0435 \u043e\u0431\u0440\u0430\u0431\u0430\u0442\u044b\u0432\u0430\u044e\u0442\u0441\u044f \u0432\u0440\u0443\u0447\u043d\u0443\u044e \u0438\u043b\u0438 \u0430\u0432\u0442\u043e\u043c\u0430\u0442\u0438\u0447\u0435\u0441\u043a\u0438 \u0438 \u0445\u0440\u0430\u043d\u044f\u0442\u0441\u044f \u0432 \u0431\u0443\u043c\u0430\u0436\u043d\u043e\u0439 \u0438\u043b\u0438 \u044d\u043b\u0435\u043a\u0442\u0440\u043e\u043d\u043d\u043e\u0439 \u0444\u043e\u0440\u043c\u0435 \u0441 \u0441\u043e\u0431\u043b\u044e\u0434\u0435\u043d\u0438\u0435\u043c \u043c\u0435\u0440 \u0431\u0435\u0437\u043e\u043f\u0430\u0441\u043d\u043e\u0441\u0442\u0438 \u2014 \u0432 \u0442\u0435\u0447\u0435\u043d\u0438\u0435 \u0441\u0440\u043e\u043a\u043e\u0432, \u0443\u0441\u0442\u0430\u043d\u043e\u0432\u043b\u0435\u043d\u043d\u044b\u0445 \u0437\u0430\u043a\u043e\u043d\u043e\u0434\u0430\u0442\u0435\u043b\u044c\u0441\u0442\u0432\u043e\u043c \u0438 \u0432\u043d\u0443\u0442\u0440\u0435\u043d\u043d\u0438\u043c\u0438 \u043f\u0440\u0430\u0432\u0438\u043b\u0430\u043c\u0438 \u0430\u0440\u0445\u0438\u0432\u0430\u0446\u0438\u0438.<\/p>\n<p>5.2. \u041a\u043e\u043c\u043f\u0430\u043d\u0438\u044f \u043f\u0440\u0438\u043c\u0435\u043d\u044f\u0435\u0442 \u043d\u0430\u0434\u043b\u0435\u0436\u0430\u0449\u0438\u0435 \u043c\u0435\u0440\u044b \u0431\u0435\u0437\u043e\u043f\u0430\u0441\u043d\u043e\u0441\u0442\u0438 (\u043d\u0430\u043f\u0440\u0438\u043c\u0435\u0440, \u0440\u0430\u0437\u0433\u0440\u0430\u043d\u0438\u0447\u0435\u043d\u0438\u0435 \u0434\u043e\u0441\u0442\u0443\u043f\u0430, \u0448\u0438\u0444\u0440\u043e\u0432\u0430\u043d\u0438\u0435\/\u043f\u0441\u0435\u0432\u0434\u043e\u043d\u0438\u043c\u0438\u0437\u0430\u0446\u0438\u044f, \u043e\u0431\u0435\u0441\u043f\u0435\u0447\u0435\u043d\u0438\u0435 \u0434\u043e\u0441\u0442\u0443\u043f\u043d\u043e\u0441\u0442\u0438 \u0438 \u0432\u043e\u0441\u0441\u0442\u0430\u043d\u043e\u0432\u0438\u043c\u043e\u0441\u0442\u0438, \u0440\u0435\u0433\u0443\u043b\u044f\u0440\u043d\u044b\u0435 \u043f\u0440\u043e\u0432\u0435\u0440\u043a\u0438).<\/p>\n\n<p><b>6. \u041f\u0435\u0440\u0435\u0434\u0430\u0447\u0430 \u043f\u0435\u0440\u0441\u043e\u043d\u0430\u043b\u044c\u043d\u044b\u0445 \u0434\u0430\u043d\u043d\u044b\u0445<\/b><\/p>\n<p>6.1. \u041a\u043e\u043c\u043f\u0430\u043d\u0438\u044f \u043f\u0435\u0440\u0435\u0434\u0430\u0451\u0442 \u0434\u0430\u043d\u043d\u044b\u0435 \u043e\u0431\u0440\u0430\u0431\u043e\u0442\u0447\u0438\u043a\u0430\u043c \u0438\u043b\u0438 \u0438\u043d\u044b\u043c \u043f\u043e\u043b\u0443\u0447\u0430\u0442\u0435\u043b\u044f\u043c \u0442\u043e\u043b\u044c\u043a\u043e \u0435\u0441\u043b\u0438 \u044d\u0442\u043e \u043d\u0435\u043e\u0431\u0445\u043e\u0434\u0438\u043c\u043e \u0434\u043b\u044f \u043f\u0440\u0435\u0434\u043e\u0441\u0442\u0430\u0432\u043b\u0435\u043d\u0438\u044f \u0443\u0441\u043b\u0443\u0433, \u043f\u0440\u0435\u0434\u0443\u0441\u043c\u043e\u0442\u0440\u0435\u043d\u043e \u0434\u043e\u0433\u043e\u0432\u043e\u0440\u043e\u043c, \u0442\u0440\u0435\u0431\u0443\u0435\u0442\u0441\u044f \u0437\u0430\u043a\u043e\u043d\u043e\u043c \u0438\u043b\u0438 \u043e\u0441\u043d\u043e\u0432\u0430\u043d\u043e \u043d\u0430 \u0441\u043e\u0433\u043b\u0430\u0441\u0438\u0438.<\/p>\n<p>6.2. \u041a\u043e\u043c\u043f\u0430\u043d\u0438\u044f \u043d\u0435 \u043e\u0441\u0443\u0449\u0435\u0441\u0442\u0432\u043b\u044f\u0435\u0442 \u0430\u0432\u0442\u043e\u043c\u0430\u0442\u0438\u0437\u0438\u0440\u043e\u0432\u0430\u043d\u043d\u043e\u0435 \u043f\u0440\u0438\u043d\u044f\u0442\u0438\u0435 \u0440\u0435\u0448\u0435\u043d\u0438\u0439 \u0441 \u044e\u0440\u0438\u0434\u0438\u0447\u0435\u0441\u043a\u0438\u043c\u0438 \u043f\u043e\u0441\u043b\u0435\u0434\u0441\u0442\u0432\u0438\u044f\u043c\u0438 (\u0432\u043a\u043b\u044e\u0447\u0430\u044f \u043f\u0440\u043e\u0444\u0438\u043b\u0438\u0440\u043e\u0432\u0430\u043d\u0438\u0435), \u0435\u0441\u043b\u0438 \u0438\u043d\u043e\u0435 \u043f\u0440\u044f\u043c\u043e \u043d\u0435 \u0434\u043e\u043f\u0443\u0441\u043a\u0430\u0435\u0442\u0441\u044f \u0437\u0430\u043a\u043e\u043d\u043e\u043c.<\/p>\n\n<p><b>7. \u041f\u0440\u0430\u0432\u0430 \u0441\u0443\u0431\u044a\u0435\u043a\u0442\u0430 \u0434\u0430\u043d\u043d\u044b\u0445<\/b><\/p>\n<p>7.1. \u0412\u044b \u0438\u043c\u0435\u0435\u0442\u0435 \u043f\u0440\u0430\u0432\u043e \u043d\u0430 \u0434\u043e\u0441\u0442\u0443\u043f \u043a \u0434\u0430\u043d\u043d\u044b\u043c, \u0438\u0445 \u0438\u0441\u043f\u0440\u0430\u0432\u043b\u0435\u043d\u0438\u0435, \u0443\u0434\u0430\u043b\u0435\u043d\u0438\u0435, \u043e\u0433\u0440\u0430\u043d\u0438\u0447\u0435\u043d\u0438\u0435 \u043e\u0431\u0440\u0430\u0431\u043e\u0442\u043a\u0438, \u043f\u0435\u0440\u0435\u043d\u043e\u0441\u0438\u043c\u043e\u0441\u0442\u044c \u0434\u0430\u043d\u043d\u044b\u0445, \u0430 \u0442\u0430\u043a\u0436\u0435 \u043f\u0440\u0430\u0432\u043e \u0432\u043e\u0437\u0440\u0430\u0436\u0430\u0442\u044c \u043f\u0440\u043e\u0442\u0438\u0432 \u043e\u0431\u0440\u0430\u0431\u043e\u0442\u043a\u0438 \u043f\u043e \u043f\u0440\u0438\u0447\u0438\u043d\u0430\u043c, \u0441\u0432\u044f\u0437\u0430\u043d\u043d\u044b\u043c \u0441 \u0432\u0430\u0448\u0435\u0439 \u043a\u043e\u043d\u043a\u0440\u0435\u0442\u043d\u043e\u0439 \u0441\u0438\u0442\u0443\u0430\u0446\u0438\u0435\u0439.<\/p>\n<p>7.2. \u0417\u0430\u043f\u0440\u043e\u0441 \u043c\u043e\u0436\u043d\u043e \u043f\u043e\u0434\u0430\u0442\u044c \u044d\u043b\u0435\u043a\u0442\u0440\u043e\u043d\u043d\u043e (\u043d\u0430\u043f\u0440\u0438\u043c\u0435\u0440, \u0447\u0435\u0440\u0435\u0437 datovou schr\u00e1nku), \u043f\u043e \u043f\u043e\u0447\u0442\u0435 \u0438\u043b\u0438 \u043b\u0438\u0447\u043d\u043e. \u0417\u0430\u043f\u0440\u043e\u0441\u044b \u043f\u043e \u0442\u0435\u043b\u0435\u0444\u043e\u043d\u0443 \u043d\u0435 \u043f\u0440\u0438\u043d\u0438\u043c\u0430\u044e\u0442\u0441\u044f.<\/p>\n<p>7.3. \u041a\u043e\u043c\u043f\u0430\u043d\u0438\u044f \u043c\u043e\u0436\u0435\u0442 \u0440\u0430\u0437\u0443\u043c\u043d\u043e \u043f\u0440\u043e\u0432\u0435\u0440\u0438\u0442\u044c \u0432\u0430\u0448\u0443 \u043b\u0438\u0447\u043d\u043e\u0441\u0442\u044c (\u043d\u0430\u043f\u0440\u0438\u043c\u0435\u0440, datov\u00e1 schr\u00e1nka, \u043d\u043e\u0442\u0430\u0440\u0438\u0430\u043b\u044c\u043d\u043e \u0437\u0430\u0432\u0435\u0440\u0435\u043d\u043d\u0430\u044f \u043f\u043e\u0434\u043f\u0438\u0441\u044c, \u043b\u0438\u0447\u043d\u043e\u0435 \u043f\u043e\u0441\u0435\u0449\u0435\u043d\u0438\u0435).<\/p>\n<p>7.4. \u0412\u044b \u0442\u0430\u043a\u0436\u0435 \u0432\u043f\u0440\u0430\u0432\u0435 \u043f\u043e\u0434\u0430\u0442\u044c \u0436\u0430\u043b\u043e\u0431\u0443 \u0432 \u043d\u0430\u0434\u0437\u043e\u0440\u043d\u044b\u0439 \u043e\u0440\u0433\u0430\u043d.<\/p>\n\n<p><b>8. \u0417\u0430\u043a\u043b\u044e\u0447\u0438\u0442\u0435\u043b\u044c\u043d\u044b\u0435 \u043f\u043e\u043b\u043e\u0436\u0435\u043d\u0438\u044f<\/b><\/p>\n<p>8.1. \u041a\u043e\u043d\u0442\u0430\u043a\u0442 \u0434\u043b\u044f \u0437\u0430\u043f\u0440\u043e\u0441\u043e\u0432 \u043f\u043e \u0437\u0430\u0449\u0438\u0442\u0435 \u0434\u0430\u043d\u043d\u044b\u0445: <a href=\"mailto:reception@hoteldvorak.com\">reception@hoteldvorak.com<\/a>.<\/p>\n<p>8.2. \u041d\u0430\u0434\u0437\u043e\u0440\u043d\u044b\u0439 \u043e\u0440\u0433\u0430\u043d: \u00da\u0159ad pro ochranu osobn\u00edch \u00fadaj\u016f, Pplk. Sochora 27, 170 00 Praha 7, \u0442\u0435\u043b. +420 234 665 111, \u0441\u0430\u0439\u0442: https:\/\/www.uoou.cz.<\/p>\n\t\t\t\t\t\t\t\t<\/div>\n\t\t\t\t\t<\/div>\n\t\t\t\t<\/div>\n\t\t\t\t<\/div>\n\t\t","protected":false},"excerpt":{"rendered":"<p>\u041e\u0431\u0449\u0438\u0439 \u0440\u0435\u0433\u043b\u0430\u043c\u0435\u043d\u0442 \u043f\u043e \u0437\u0430\u0449\u0438\u0442\u0435 \u0434\u0430\u043d\u043d\u044b\u0445 (GDPR) \u041f\u0440\u0438\u043d\u0446\u0438\u043f\u044b \u043e\u0431\u0440\u0430\u0431\u043e\u0442\u043a\u0438 \u043f\u0435\u0440\u0441\u043e\u043d\u0430\u043b\u044c\u043d\u044b\u0445 \u0434\u0430\u043d\u043d\u044b\u0445 \u043a\u043e\u043c\u043f\u0430\u043d\u0438\u0438 CzechAg s.r.o., I\u010c 4943008 \u041d\u0430\u0441\u0442\u043e\u044f\u0449\u0438\u0435 \u043f\u0440\u0438\u043d\u0446\u0438\u043f\u044b \u043e\u0441\u043d\u043e\u0432\u0430\u043d\u044b \u043d\u0430 \u0432\u043d\u0443\u0442\u0440\u0435\u043d\u043d\u0435\u0439 \u0434\u0438\u0440\u0435\u043a\u0442\u0438\u0432\u0435 CzechAg s.r.o. (\u00ab\u041a\u043e\u043c\u043f\u0430\u043d\u0438\u044f\u00bb) \u043f\u043e \u043e\u0431\u0440\u0430\u0449\u0435\u043d\u0438\u044e \u0441 \u043f\u0435\u0440\u0441\u043e\u043d\u0430\u043b\u044c\u043d\u044b\u043c\u0438 \u0434\u0430\u043d\u043d\u044b\u043c\u0438 \u0438 \u0441\u043e\u043e\u0442\u0432\u0435\u0442\u0441\u0442\u0432\u0443\u044e\u0442 \u0420\u0435\u0433\u043b\u0430\u043c\u0435\u043d\u0442\u0443 (\u0415\u0421) 2016\/679 (GDPR), \u0430 \u0442\u0430\u043a\u0436\u0435 \u0417\u0430\u043a\u043e\u043d\u0443 \u0427\u0435\u0448\u0441\u043a\u043e\u0439 \u0420\u0435\u0441\u043f\u0443\u0431\u043b\u0438\u043a\u0438 \u2116 110\/2019 Sb. \u043e\u0431 \u043e\u0431\u0440\u0430\u0431\u043e\u0442\u043a\u0435 \u043f\u0435\u0440\u0441\u043e\u043d\u0430\u043b\u044c\u043d\u044b\u0445 \u0434\u0430\u043d\u043d\u044b\u0445. 1. \u0412\u0432\u0435\u0434\u0435\u043d\u0438\u0435 1.1. \u041a\u043e\u043c\u043f\u0430\u043d\u0438\u044f \u043e\u0431\u0440\u0430\u0431\u0430\u0442\u044b\u0432\u0430\u0435\u0442 \u043f\u0435\u0440\u0441\u043e\u043d\u0430\u043b\u044c\u043d\u044b\u0435 \u0434\u0430\u043d\u043d\u044b\u0435 \u0432 [&hellip;]<\/p>\n","protected":false},"author":1,"featured_media":0,"parent":0,"menu_order":0,"comment_status":"closed","ping_status":"open","template":"","meta":{"_acf_changed":false,"footnotes":""},"class_list":["post-9322","page","type-page","status-publish","hentry"],"acf":[],"_links":{"self":[{"href":"https:\/\/hoteldvorak.com\/ru\/wp-json\/wp\/v2\/pages\/9322","targetHints":{"allow":["GET"]}}],"collection":[{"href":"https:\/\/hoteldvorak.com\/ru\/wp-json\/wp\/v2\/pages"}],"about":[{"href":"https:\/\/hoteldvorak.com\/ru\/wp-json\/wp\/v2\/types\/page"}],"author":[{"embeddable":true,"href":"https:\/\/hoteldvorak.com\/ru\/wp-json\/wp\/v2\/users\/1"}],"replies":[{"embeddable":true,"href":"https:\/\/hoteldvorak.com\/ru\/wp-json\/wp\/v2\/comments?post=9322"}],"version-history":[{"count":2,"href":"https:\/\/hoteldvorak.com\/ru\/wp-json\/wp\/v2\/pages\/9322\/revisions"}],"predecessor-version":[{"id":9360,"href":"https:\/\/hoteldvorak.com\/ru\/wp-json\/wp\/v2\/pages\/9322\/revisions\/9360"}],"wp:attachment":[{"href":"https:\/\/hoteldvorak.com\/ru\/wp-json\/wp\/v2\/media?parent=9322"}],"curies":[{"name":"wp","href":"https:\/\/api.w.org\/{rel}","templated":true}]}}