{"id":9425,"date":"2022-04-23T03:21:49","date_gmt":"2022-04-23T01:21:49","guid":{"rendered":"https:\/\/dvorak.beautedelamer.cz\/%d0%bd%d0%be%d0%bc%d0%b5%d1%80%d0%b0\/"},"modified":"2026-05-01T10:25:57","modified_gmt":"2026-05-01T08:25:57","slug":"%d0%bd%d0%be%d0%bc%d0%b5%d1%80%d0%b0","status":"publish","type":"page","link":"https:\/\/hoteldvorak.com\/ru\/%d0%bd%d0%be%d0%bc%d0%b5%d1%80%d0%b0\/","title":{"rendered":"\u041d\u043e\u043c\u0435\u0440\u0430"},"content":{"rendered":"\t\t<div data-elementor-type=\"wp-page\" data-elementor-id=\"9425\" class=\"elementor elementor-9425\" data-elementor-post-type=\"page\">\n\t\t\t\t<div class=\"elementor-element elementor-element-5aa40ff e-flex e-con-boxed e-con e-parent\" data-id=\"5aa40ff\" data-element_type=\"container\" data-e-type=\"container\">\n\t\t\t\t\t<div class=\"e-con-inner\">\n\t\t\t\t\t<\/div>\n\t\t\t\t<\/div>\n\t\t\t\t<\/div>\n\t\t","protected":false},"excerpt":{"rendered":"<p>Jednol\u016f\u017ekov\u00fd pokoj s v\u00fdhledem na z\u00e1mek 16 m\u00b2Max. 1 host\u00e9 From 1754.00&#75;&#269; \/night Podrobnosti Dvoul\u016f\u017ekov\u00fd Standard s v\u00fdhledem na z\u00e1mek 22 m\u00b2Max. 3 host\u00e9 From 2000.00&#75;&#269; \/night Podrobnosti Dvoul\u016f\u017ekov\u00fd Standard s v\u00fdhledem na m\u011bsto 22 m\u00b2Max. 3 host\u00e9 From 2000.00&#75;&#269; \/night Podrobnosti Dvoul\u016f\u017ekov\u00fd Deluxe v\u00fdhledem na m\u011bsto 27 m\u00b2Max. 3 host\u00e9 From 2000.00&#75;&#269; \/night Podrobnosti [&hellip;]<\/p>\n","protected":false},"author":1,"featured_media":0,"parent":0,"menu_order":0,"comment_status":"closed","ping_status":"closed","template":"","meta":{"_acf_changed":false,"footnotes":""},"class_list":["post-9425","page","type-page","status-publish","hentry"],"acf":[],"_links":{"self":[{"href":"https:\/\/hoteldvorak.com\/ru\/wp-json\/wp\/v2\/pages\/9425","targetHints":{"allow":["GET"]}}],"collection":[{"href":"https:\/\/hoteldvorak.com\/ru\/wp-json\/wp\/v2\/pages"}],"about":[{"href":"https:\/\/hoteldvorak.com\/ru\/wp-json\/wp\/v2\/types\/page"}],"author":[{"embeddable":true,"href":"https:\/\/hoteldvorak.com\/ru\/wp-json\/wp\/v2\/users\/1"}],"replies":[{"embeddable":true,"href":"https:\/\/hoteldvorak.com\/ru\/wp-json\/wp\/v2\/comments?post=9425"}],"version-history":[{"count":6,"href":"https:\/\/hoteldvorak.com\/ru\/wp-json\/wp\/v2\/pages\/9425\/revisions"}],"predecessor-version":[{"id":10667,"href":"https:\/\/hoteldvorak.com\/ru\/wp-json\/wp\/v2\/pages\/9425\/revisions\/10667"}],"wp:attachment":[{"href":"https:\/\/hoteldvorak.com\/ru\/wp-json\/wp\/v2\/media?parent=9425"}],"curies":[{"name":"wp","href":"https:\/\/api.w.org\/{rel}","templated":true}]}}