{"id":8492,"date":"2026-01-29T21:04:39","date_gmt":"2026-01-29T20:04:39","guid":{"rendered":"https:\/\/dvorak.beautedelamer.cz\/%e9%a2%84%e8%ae%a2\/"},"modified":"2026-02-28T21:03:09","modified_gmt":"2026-02-28T20:03:09","slug":"%e9%a2%84%e8%ae%a2","status":"publish","type":"page","link":"https:\/\/hoteldvorak.com\/zh-hans\/%e9%a2%84%e8%ae%a2\/","title":{"rendered":"\u9884\u8ba2"},"content":{"rendered":"\t\t<div data-elementor-type=\"wp-page\" data-elementor-id=\"8492\" class=\"elementor elementor-8492\" data-elementor-post-type=\"page\">\n\t\t\t\t<div class=\"elementor-element elementor-element-28a27d1 e-flex e-con-boxed e-con e-parent\" data-id=\"28a27d1\" data-element_type=\"container\" data-e-type=\"container\">\n\t\t\t\t\t<div class=\"e-con-inner\">\n\t\t\t\t<div class=\"elementor-element elementor-element-fa6b3a4 elementor-widget elementor-widget-html\" data-id=\"fa6b3a4\" data-element_type=\"widget\" data-e-type=\"widget\" data-widget_type=\"html.default\">\n\t\t\t\t\t<!-- Reservation PLUS start -->\n<script type=\"text\/javascript\" src=\"https:\/\/booking.previo.cz\/iframe\/\"><\/script>\n\n<div class=\"previo-wrap\">\n  <iframe allowtransparency=\"true\" frameborder=\"0\" height=\"2000\" id=\"previo-booking-iframe\"\n          name=\"previo-booking-iframe\" scrolling=\"no\" width=\"100%\"><\/iframe>\n<\/div>\n\n<script>\n(function () {\n  const params = new URLSearchParams(window.location.search);\n\n  const hotId = \"756141\";\n  const arrival = params.get(\"arrival\");\n  const departure = params.get(\"departure\");\n\n  let src = \"https:\/\/booking.previo.cz\/?hotId=\" + encodeURIComponent(hotId);\n  src += \"&lang=zh\";          \/\/ \u2705 \u010d\u00edn\u0161tina v Previo\n  src += \"&currency=EUR\";\n\n  if (arrival)   src += \"&arrival=\" + encodeURIComponent(arrival);\n  if (departure) src += \"&departure=\" + encodeURIComponent(departure);\n\n  const iframe = document.getElementById(\"previo-booking-iframe\");\n  iframe.src = src;\n\n  \/\/ Previo to n\u011bkdy p\u0159ep\u00ed\u0161e \u2013 p\u0159etla\u010d\u00edme znovu\n  setTimeout(() => { iframe.src = src; }, 800);\n})();\n<\/script>\n<!-- Reservation PLUS end -->\t\t\t\t<\/div>\n\t\t\t\t\t<\/div>\n\t\t\t\t<\/div>\n\t\t\t\t<\/div>\n\t\t","protected":false},"excerpt":{"rendered":"","protected":false},"author":1,"featured_media":0,"parent":0,"menu_order":0,"comment_status":"closed","ping_status":"closed","template":"","meta":{"_acf_changed":false,"footnotes":""},"class_list":["post-8492","page","type-page","status-publish","hentry"],"acf":[],"_links":{"self":[{"href":"https:\/\/hoteldvorak.com\/zh-hans\/wp-json\/wp\/v2\/pages\/8492","targetHints":{"allow":["GET"]}}],"collection":[{"href":"https:\/\/hoteldvorak.com\/zh-hans\/wp-json\/wp\/v2\/pages"}],"about":[{"href":"https:\/\/hoteldvorak.com\/zh-hans\/wp-json\/wp\/v2\/types\/page"}],"author":[{"embeddable":true,"href":"https:\/\/hoteldvorak.com\/zh-hans\/wp-json\/wp\/v2\/users\/1"}],"replies":[{"embeddable":true,"href":"https:\/\/hoteldvorak.com\/zh-hans\/wp-json\/wp\/v2\/comments?post=8492"}],"version-history":[{"count":5,"href":"https:\/\/hoteldvorak.com\/zh-hans\/wp-json\/wp\/v2\/pages\/8492\/revisions"}],"predecessor-version":[{"id":8565,"href":"https:\/\/hoteldvorak.com\/zh-hans\/wp-json\/wp\/v2\/pages\/8492\/revisions\/8565"}],"wp:attachment":[{"href":"https:\/\/hoteldvorak.com\/zh-hans\/wp-json\/wp\/v2\/media?parent=8492"}],"curies":[{"name":"wp","href":"https:\/\/api.w.org\/{rel}","templated":true}]}}