{"id":9312,"date":"2026-02-08T17:28:14","date_gmt":"2026-02-08T16:28:14","guid":{"rendered":"https:\/\/dvorak.beautedelamer.cz\/gdpr\/"},"modified":"2026-03-16T09:44:21","modified_gmt":"2026-03-16T08:44:21","slug":"gdpr","status":"publish","type":"page","link":"https:\/\/hoteldvorak.com\/zh-hans\/gdpr\/","title":{"rendered":"GDPR"},"content":{"rendered":"\t\t<div data-elementor-type=\"wp-page\" data-elementor-id=\"9312\" class=\"elementor elementor-9312\" data-elementor-post-type=\"page\">\n\t\t\t\t<div class=\"elementor-element elementor-element-708e9376 e-flex e-con-boxed e-con e-parent\" data-id=\"708e9376\" data-element_type=\"container\" data-e-type=\"container\">\n\t\t\t\t\t<div class=\"e-con-inner\">\n\t\t\t\t<div class=\"elementor-element elementor-element-5e204e97 elementor-widget elementor-widget-text-editor\" data-id=\"5e204e97\" data-element_type=\"widget\" data-e-type=\"widget\" data-widget_type=\"text-editor.default\">\n\t\t\t\t\t\t\t\t\t\n<p><b>\u901a\u7528\u6570\u636e\u4fdd\u62a4\u6761\u4f8b\uff08GDPR\uff09<\/b><\/p>\n<p>\u6377\u514b CzechAg s.r.o.\uff08I\u010c 4943008\uff09\u4e2a\u4eba\u6570\u636e\u5904\u7406\u539f\u5219<\/p>\n\n<p>\u672c\u539f\u5219\u4f9d\u636e CzechAg s.r.o.\uff08\u4e0b\u79f0\u201c\u516c\u53f8\u201d\uff09\u5185\u90e8\u4e2a\u4eba\u6570\u636e\u5904\u7406\u6307\u5f15\u5236\u5b9a\uff0c\u7528\u4e8e\u6309\u7167\u300a\u901a\u7528\u6570\u636e\u4fdd\u62a4\u6761\u4f8b\u300b\uff08GDPR\uff09\u53ca\u6377\u514b\u5171\u548c\u56fd\u73b0\u884c\u6cd5\u5f8b\uff08\u5c24\u5176\u662f\u300a\u4e2a\u4eba\u6570\u636e\u5904\u7406\u6cd5\u300b110\/2019 Sb.\uff0c\u81ea 2019 \u5e74 4 \u6708 24 \u65e5\u8d77\u751f\u6548\uff0c\u53ca\u5176\u73b0\u884c\u4fee\u8ba2\uff09\u5bf9\u4e2a\u4eba\u6570\u636e\u8fdb\u884c\u5904\u7406\u4e0e\u4fdd\u62a4\u3002\u672c\u539f\u5219\u63d0\u4f9b\u5173\u4e8e\u516c\u53f8\u5904\u7406\u4e2a\u4eba\u6570\u636e\u7684\u57fa\u672c\u539f\u5219\u3001\u8303\u56f4\u4e0e\u6d41\u7a0b\u7684\u4fe1\u606f\uff0c\u6d89\u53ca\u7684\u4e3b\u4f53\u5305\u62ec\uff1a\u6cd5\u5b9a\u4ee3\u8868\u4eba\u3001\u5e94\u8058\u8005\u3001\u4e2a\u4f53\u7ecf\u8425\u8005\u3001\u5ba2\u6237\u3001\u6f5c\u5728\u5ba2\u6237\u3001\u6cd5\u4eba\u4ee3\u8868\u3001\u4f9b\u5e94\u5546\u3001\u987e\u5ba2\uff08\u5546\u54c1\u4e0e\u670d\u52a1\u8d2d\u4e70\u8005\u3001\u4f4f\u5bbf\u5ba2\u4eba\uff09\u3001\u4e1a\u52a1\u4e0e\u5408\u540c\u5408\u4f5c\u4f19\u4f34\u3001\u627f\u79df\u4eba\u3001\u6301\u5361\u4eba\u3001\u96c7\u5458\u3001\u4e34\u65f6\u5de5\u3001\u5b63\u8282\u6027\u5458\u5de5\u3001\u5b9e\u4e60\u5b66\u751f\u3001\u627f\u8fd0\u4eba\u3001\u8bbf\u5ba2\u7b49\u3002<\/p>\n\n<p><b>1. \u5f15\u8a00<\/b><\/p>\n<p><b>1.1<\/b> \u516c\u53f8\u4f5c\u4e3a\u4e2a\u4eba\u6570\u636e\u63a7\u5236\u8005\uff08\u6570\u636e\u7ba1\u7406\u5458\uff09\u5728\u5176\u4e1a\u52a1\u6d3b\u52a8\u8303\u56f4\u5185\u5904\u7406\u4e2a\u4eba\u6570\u636e\uff0c\u5e76\u91c7\u53d6\u9002\u5f53\u7684\u6280\u672f\u4e0e\u7ec4\u7ec7\u63aa\u65bd\uff0c\u4ee5\u786e\u4fdd\u6570\u636e\u5b89\u5168\u5e76\u9632\u6b62\u672a\u7ecf\u6388\u6743\u7684\u8bbf\u95ee\u3001\u62ab\u9732\u3001\u53d8\u66f4\u6216\u6bc1\u635f\u3002<\/p>\n\n<p><b>1.2<\/b> \u516c\u53f8\u5904\u7406\u4e2a\u4eba\u6570\u636e\u7684\u76ee\u7684\u4e3b\u8981\u5305\u62ec\uff1a\u5c65\u884c\u5408\u540c\u53ca\u63d0\u4f9b\u670d\u52a1\uff08\u4f8b\u5982\u4f4f\u5bbf\u4e0e\u76f8\u5173\u670d\u52a1\uff09\u3001\u5904\u7406\u9884\u8ba2\u4e0e\u5165\u4f4f\u624b\u7eed\u3001\u4f1a\u8ba1\u4e0e\u7a0e\u52a1\u4e49\u52a1\u3001\u5c65\u884c\u6cd5\u5b9a\u4e49\u52a1\u3001\u4fdd\u62a4\u516c\u53f8\u7684\u5408\u6cd5\u5229\u76ca\uff08\u4f8b\u5982\u4e3b\u5f20\u6216\u6297\u8fa9\u6cd5\u5f8b\u6743\u5229\uff09\u3001\u4e0e\u5ba2\u6237\/\u5408\u4f5c\u4f19\u4f34\u6c9f\u901a\uff0c\u4ee5\u53ca\u5728\u5fc5\u8981\u65f6\u57fa\u4e8e\u6570\u636e\u4e3b\u4f53\u7684\u540c\u610f\u8fdb\u884c\u5904\u7406\u3002<\/p>\n\n<p><b>1.3<\/b> \u5982\u5904\u7406\u57fa\u4e8e\u540c\u610f\uff0c\u6570\u636e\u4e3b\u4f53\u53ef\u968f\u65f6\u64a4\u56de\u540c\u610f\uff1b\u64a4\u56de\u4e0d\u5f71\u54cd\u64a4\u56de\u524d\u57fa\u4e8e\u540c\u610f\u8fdb\u884c\u5904\u7406\u7684\u5408\u6cd5\u6027\u3002<\/p>\n\n<p><b>2. \u4e2a\u4eba\u6570\u636e\u5904\u7406\u7684\u76ee\u7684<\/b><\/p>\n<p>\u516c\u53f8\u4ec5\u4e3a\u660e\u786e\u3001\u5408\u6cd5\u4e14\u5177\u4f53\u7684\u76ee\u7684\u6536\u96c6\u5e76\u5904\u7406\u4e2a\u4eba\u6570\u636e\uff0c\u4e0d\u4f1a\u4ee5\u4e0e\u8be5\u76ee\u7684\u4e0d\u76f8\u7b26\u7684\u65b9\u5f0f\u8fdb\u884c\u8fdb\u4e00\u6b65\u5904\u7406\u3002\u5904\u7406\u76ee\u7684\u53ef\u80fd\u5305\u62ec\uff1a<\/p>\n<ul>\n  <li>\u63d0\u4f9b\u4e0e\u7ba1\u7406\u4f4f\u5bbf\u53ca\u76f8\u5173\u670d\u52a1\uff08\u9884\u8ba2\u3001\u5165\u4f4f\u767b\u8bb0\u3001\u5ba2\u6237\u652f\u6301\u7b49\uff09\uff1b<\/li>\n  <li>\u5c65\u884c\u6cd5\u5f8b\u4e49\u52a1\uff08\u4f8b\u5982\u4f4f\u5bbf\u767b\u8bb0\u3001\u4f1a\u8ba1\u4e0e\u7a0e\u52a1\u3001\u53cd\u6d17\u94b1\u6216\u5176\u4ed6\u76d1\u7ba1\u8981\u6c42\uff0c\u5982\u9002\u7528\uff09\uff1b<\/li>\n  <li>\u7ef4\u62a4\u5408\u6cd5\u5229\u76ca\uff08\u5b89\u5168\u3001\u4fdd\u62a4\u8d22\u4ea7\u4e0e\u4eba\u5458\u3001\u4e3b\u5f20\/\u6297\u8fa9\u6cd5\u5f8b\u6743\u5229\u7b49\uff09\uff1b<\/li>\n  <li>\u62db\u8058\u4e0e\u4eba\u4e8b\u7ba1\u7406\uff08\u5982\u9002\u7528\uff09\uff1b<\/li>\n  <li>\u5728\u53d6\u5f97\u540c\u610f\u7684\u60c5\u51b5\u4e0b\u8fdb\u884c\u8425\u9500\u6c9f\u901a\u4e0e\u6539\u8fdb\u670d\u52a1\u3002<\/li>\n<\/ul>\n\n<p><b>3. \u5904\u7406\u7684\u4e2a\u4eba\u6570\u636e\u7c7b\u522b<\/b><\/p>\n<p>\u6839\u636e\u5904\u7406\u76ee\u7684\uff0c\u516c\u53f8\u53ef\u80fd\u5904\u7406\u4ee5\u4e0b\u7c7b\u522b\u7684\u6570\u636e\uff1a<\/p>\n<ul>\n  <li>\u8eab\u4efd\u4e0e\u8054\u7cfb\u4fe1\u606f\uff08\u59d3\u540d\u3001\u51fa\u751f\u65e5\u671f\u3001\u5730\u5740\u3001\u7535\u8bdd\u3001\u7535\u5b50\u90ae\u4ef6\u3001\u56fd\u7c4d\u7b49\uff09\uff1b<\/li>\n  <li>\u8bc1\u4ef6\u4fe1\u606f\uff08\u8eab\u4efd\u8bc1\/\u62a4\u7167\u53f7\u7801\u3001\u6709\u6548\u671f\u7b49\uff0c\u5982\u6cd5\u5f8b\u6216\u670d\u52a1\u9700\u8981\uff09\uff1b<\/li>\n  <li>\u4f4f\u5bbf\/\u4ea4\u6613\u76f8\u5173\u4fe1\u606f\uff08\u9884\u8ba2\u4fe1\u606f\u3001\u4ed8\u6b3e\u4fe1\u606f\u3001\u8d26\u5355\u4fe1\u606f\u3001\u504f\u597d\u4e0e\u8981\u6c42\u7b49\uff09\uff1b<\/li>\n  <li>\u5728\u6cd5\u5f8b\u5141\u8bb8\u7684\u8303\u56f4\u5185\u7684\u5176\u4ed6\u4fe1\u606f\uff08\u4f8b\u5982\u76d1\u63a7\u7cfb\u7edf\u8bb0\u5f55\uff0c\u5982\u5df2\u542f\u7528\uff09\u3002<\/li>\n<\/ul>\n\n<p><b>4. \u6570\u636e\u4fdd\u5b58\u4e0e\u5b89\u5168<\/b><\/p>\n<p>\u516c\u53f8\u4ec5\u5728\u5b9e\u73b0\u5904\u7406\u76ee\u7684\u6240\u5fc5\u9700\u7684\u671f\u9650\u5185\uff0c\u6216\u5728\u6cd5\u5f8b\u89c4\u5b9a\u7684\u4fdd\u5b58\u671f\u9650\u5185\u4fdd\u5b58\u4e2a\u4eba\u6570\u636e\u3002\u516c\u53f8\u91c7\u53d6\u9002\u5f53\u7684\u5b89\u5168\u63aa\u65bd\uff08\u8bbf\u95ee\u63a7\u5236\u3001\u6743\u9650\u7ba1\u7406\u3001\u5907\u4efd\u4e0e\u6062\u590d\u7b49\uff09\uff0c\u5e76\u5bf9\u5904\u7406\u6d3b\u52a8\u8fdb\u884c\u5fc5\u8981\u7684\u8bb0\u5f55\u4e0e\u5ba1\u67e5\u3002<\/p>\n\n<p><b>5. \u4e2a\u4eba\u6570\u636e\u7684\u63a5\u6536\u65b9<\/b><\/p>\n<p>\u516c\u53f8\u4ec5\u5728\u5fc5\u8981\u8303\u56f4\u5185\u5411\u4ee5\u4e0b\u63a5\u6536\u65b9\u62ab\u9732\u4e2a\u4eba\u6570\u636e\uff1a<\/p>\n<ul>\n  <li>\u4e3a\u516c\u53f8\u63d0\u4f9b\u670d\u52a1\u7684\u5904\u7406\u8005\uff08\u4f8b\u5982 IT \u652f\u6301\u3001\u4f1a\u8ba1\u3001\u652f\u4ed8\u670d\u52a1\u63d0\u4f9b\u5546\u7b49\uff09\uff0c\u5e76\u4e0e\u5176\u7b7e\u8ba2\u76f8\u5e94\u7684\u6570\u636e\u5904\u7406\u534f\u8bae\uff1b<\/li>\n  <li>\u4f9d\u6cd5\u6709\u6743\u63a5\u6536\u6570\u636e\u7684\u516c\u5171\u673a\u6784\u6216\u76d1\u7ba1\u673a\u5173\uff1b<\/li>\n  <li>\u5728\u53d6\u5f97\u540c\u610f\u6216\u4e3a\u5c65\u884c\u5408\u540c\/\u6cd5\u5f8b\u4e49\u52a1\u6240\u5fc5\u9700\u7684\u5176\u4ed6\u63a5\u6536\u65b9\u3002<\/li>\n<\/ul>\n\n<p><b>6. \u6570\u636e\u4e3b\u4f53\u7684\u6743\u5229<\/b><\/p>\n<p>\u5728\u9002\u7528\u6cd5\u5f8b\u89c4\u5b9a\u7684\u8303\u56f4\u5185\uff0c\u6570\u636e\u4e3b\u4f53\u4eab\u6709\u4ee5\u4e0b\u6743\u5229\uff1a<\/p>\n<ul>\n  <li>\u8bbf\u95ee\u6743\uff08\u83b7\u53d6\u516c\u53f8\u662f\u5426\u5904\u7406\u5176\u4e2a\u4eba\u6570\u636e\u53ca\u76f8\u5173\u4fe1\u606f\uff09\uff1b<\/li>\n  <li>\u66f4\u6b63\u6743\uff08\u8981\u6c42\u66f4\u6b63\u4e0d\u51c6\u786e\u6216\u4e0d\u5b8c\u6574\u7684\u6570\u636e\uff09\uff1b<\/li>\n  <li>\u5220\u9664\u6743\uff08\u5728\u7b26\u5408\u6cd5\u5b9a\u6761\u4ef6\u65f6\u8981\u6c42\u5220\u9664\u6570\u636e\uff09\uff1b<\/li>\n  <li>\u9650\u5236\u5904\u7406\u6743\uff1b<\/li>\n  <li>\u6570\u636e\u53ef\u643a\u5e26\u6743\uff08\u5728\u9002\u7528\u65f6\uff09\uff1b<\/li>\n  <li>\u53cd\u5bf9\u6743\uff08\u5c24\u5176\u662f\u57fa\u4e8e\u5408\u6cd5\u5229\u76ca\u8fdb\u884c\u5904\u7406\u65f6\uff09\uff1b<\/li>\n  <li>\u5728\u57fa\u4e8e\u540c\u610f\u5904\u7406\u65f6\u64a4\u56de\u540c\u610f\u7684\u6743\u5229\u3002<\/li>\n<\/ul>\n<p>\u60a8\u4e5f\u6709\u6743\u5411\u76d1\u7ba1\u673a\u6784\u63d0\u51fa\u6295\u8bc9\u3002<\/p>\n\n<p><b>7. \u8054\u7cfb\u65b9\u5f0f<\/b><\/p>\n<p>\u5982\u9700\u884c\u4f7f\u6743\u5229\u6216\u5c31\u4e2a\u4eba\u6570\u636e\u5904\u7406\u63d0\u51fa\u95ee\u9898\uff0c\u8bf7\u8054\u7cfb\uff1a<a href=\"mailto:reception@hoteldvorak.com\">reception@hoteldvorak.com<\/a><\/p>\n\n<p><b>8. \u76d1\u7ba1\u673a\u6784<\/b><\/p>\n<p>\u00da\u0159ad pro ochranu osobn\u00edch \u00fadaj\u016f\uff08\u6377\u514b\u4e2a\u4eba\u6570\u636e\u4fdd\u62a4\u529e\u516c\u5ba4\uff09<br>\n\u5730\u5740\uff1aPplk. Sochora 27, 170 00 Praha 7<br>\n\u7535\u8bdd\uff1a+420 234 665 111<br>\n\u7f51\u7ad9\uff1ahttps:\/\/www.uoou.cz<\/p>\n\n\t\t\t\t\t\t\t\t<\/div>\n\t\t\t\t\t<\/div>\n\t\t\t\t<\/div>\n\t\t\t\t<\/div>\n\t\t","protected":false},"excerpt":{"rendered":"<p>\u901a\u7528\u6570\u636e\u4fdd\u62a4\u6761\u4f8b\uff08GDPR\uff09 \u6377\u514b CzechAg s.r.o.\uff08I\u010c 4943008\uff09\u4e2a\u4eba\u6570\u636e\u5904\u7406\u539f\u5219 \u672c\u539f [&hellip;]<\/p>\n","protected":false},"author":1,"featured_media":0,"parent":0,"menu_order":0,"comment_status":"closed","ping_status":"open","template":"","meta":{"_acf_changed":false,"footnotes":""},"class_list":["post-9312","page","type-page","status-publish","hentry"],"acf":[],"_links":{"self":[{"href":"https:\/\/hoteldvorak.com\/zh-hans\/wp-json\/wp\/v2\/pages\/9312","targetHints":{"allow":["GET"]}}],"collection":[{"href":"https:\/\/hoteldvorak.com\/zh-hans\/wp-json\/wp\/v2\/pages"}],"about":[{"href":"https:\/\/hoteldvorak.com\/zh-hans\/wp-json\/wp\/v2\/types\/page"}],"author":[{"embeddable":true,"href":"https:\/\/hoteldvorak.com\/zh-hans\/wp-json\/wp\/v2\/users\/1"}],"replies":[{"embeddable":true,"href":"https:\/\/hoteldvorak.com\/zh-hans\/wp-json\/wp\/v2\/comments?post=9312"}],"version-history":[{"count":2,"href":"https:\/\/hoteldvorak.com\/zh-hans\/wp-json\/wp\/v2\/pages\/9312\/revisions"}],"predecessor-version":[{"id":9356,"href":"https:\/\/hoteldvorak.com\/zh-hans\/wp-json\/wp\/v2\/pages\/9312\/revisions\/9356"}],"wp:attachment":[{"href":"https:\/\/hoteldvorak.com\/zh-hans\/wp-json\/wp\/v2\/media?parent=9312"}],"curies":[{"name":"wp","href":"https:\/\/api.w.org\/{rel}","templated":true}]}}