{"id":9326,"date":"2026-02-08T17:29:31","date_gmt":"2026-02-08T16:29:31","guid":{"rendered":"https:\/\/dvorak.beautedelamer.cz\/%e6%9d%a1%e6%ac%be%e4%b8%8e%e6%9d%a1%e4%bb%b6\/"},"modified":"2026-03-19T17:59:05","modified_gmt":"2026-03-19T16:59:05","slug":"%e6%9d%a1%e6%ac%be%e4%b8%8e%e6%9d%a1%e4%bb%b6","status":"publish","type":"page","link":"https:\/\/hoteldvorak.com\/zh-hans\/%e6%9d%a1%e6%ac%be%e4%b8%8e%e6%9d%a1%e4%bb%b6\/","title":{"rendered":"\u6761\u6b3e\u4e0e\u6761\u4ef6"},"content":{"rendered":"\t\t<div data-elementor-type=\"wp-page\" data-elementor-id=\"9326\" class=\"elementor elementor-9326\" data-elementor-post-type=\"page\">\n\t\t\t\t<div class=\"elementor-element elementor-element-56e9aacc e-flex e-con-boxed e-con e-parent\" data-id=\"56e9aacc\" data-element_type=\"container\" data-e-type=\"container\">\n\t\t\t\t\t<div class=\"e-con-inner\">\n\t\t\t\t<div class=\"elementor-element elementor-element-7c4a433 elementor-widget elementor-widget-text-editor\" data-id=\"7c4a433\" data-element_type=\"widget\" data-e-type=\"widget\" data-widget_type=\"text-editor.default\">\n\t\t\t\t\t\t\t\t\t<p><b>Hotel Dvo\u0159\u00e1k**** \u010cesk\u00fd Krumlov<\/b><\/p>\n<p>CzechAg s.r.o., Chl\u00e1dkova 2, Brno 616 00\uff0c\u7edf\u4e00\u793e\u4f1a\u4fe1\u7528\u53f7\uff1a49433008\uff0c\u767b\u8bb0\u4e8e\u5e03\u5c14\u8bfa\u5730\u533a\u6cd5\u9662\u7ef4\u62a4\u7684\u5546\u4e1a\u767b\u8bb0\u518c C \u90e8\uff0c\u7b2c 11679 \u53f7\uff08\u4ee5\u4e0b\u7b80\u79f0\u201c\u9152\u5e97\u201d\uff09\u3002<\/p>\n<p>\u672c\u6761\u6b3e\u4e0e\u6761\u4ef6\u89c4\u8303\u9152\u5e97\u4e0e\u5176\u4ed6\u4e3b\u4f53\u4e4b\u95f4\u5c31\u5408\u540c\u7b7e\u8ba2\u6216\u4e0e\u4e4b\u76f8\u5173\u6240\u4ea7\u751f\u7684\u76f8\u4e92\u6743\u5229\u548c\u4e49\u52a1\u3002\u56e0\u6b64\uff0c\u672c\u6761\u6b3e\u4e00\u822c\u9002\u7528\u4e8e\u6240\u6709\u4e0e\u9152\u5e97\u672a\u7b7e\u8ba2\u4e66\u9762\u670d\u52a1\u5408\u540c\u7684\u9152\u5e97\u5ba2\u4eba\u548c\u4ee3\u7406\u673a\u6784\uff08\u4ee5\u4e0b\u7b80\u79f0\u201c\u5ba2\u4eba\u201d\uff09\u3002<\/p>\n<p>&nbsp;<\/p>\n<p><b>1. \u4f4f\u5bbf\u53ca\u670d\u52a1\u9884\u8ba2<\/b><\/p>\n<p>&#8211; \u9152\u5e97\u4f4f\u5bbf\u53ca\u5176\u4ed6\u670d\u52a1\u7684\u9884\u8ba2\uff0c\u4ee5\u53ca\u9152\u5e97\u5bf9\u8be5\u9884\u8ba2\u7684\u786e\u8ba4\uff0c\u4ec5\u53ef\u901a\u8fc7\u7535\u5b50\u90ae\u4ef6\u8fdb\u884c<\/p>\n<p>&#8211; \u5982\u9152\u5e97\u4ee5\u4e66\u9762\u5f62\u5f0f\uff08\u7535\u5b50\u90ae\u4ef6\uff09\u5411\u5ba2\u4eba\u786e\u8ba4\u9884\u8ba2\uff0c\u6216\u5ba2\u4eba\u6536\u5230\u76f8\u5173\u5728\u7ebf\u9884\u8ba2\u7cfb\u7edf\u81ea\u52a8\u751f\u6210\u7684\u7535\u5b50\u90ae\u4ef6\u786e\u8ba4\uff0c\u5219\u8be5\u9884\u8ba2\u89c6\u4e3a\u6709\u6548\u3002\u5ba2\u4eba\u6709\u4e49\u52a1\u6309\u7167\u9884\u8ba2\u786e\u8ba4\u4e2d\u7684\u8bf4\u660e\u652f\u4ed8\u9884\u4ed8\u6b3e\u3002<\/p>\n<p>&#8211; \u6709\u6548\u9884\u8ba2\u5bf9\u5ba2\u4eba\u5177\u6709\u7ea6\u675f\u529b\u3002\u5bf9\u9152\u5e97\u800c\u8a00\uff0c\u53ea\u6709\u5728\u5ba2\u4eba\u6309\u65f6\u5e76\u6839\u636e\u9884\u8ba2\u786e\u8ba4\u4e2d\u7684\u8bf4\u660e\u652f\u4ed8\u9884\u4ed8\u6b3e\u65f6\uff0c\u8be5\u9884\u8ba2\u624d\u5177\u6709\u7ea6\u675f\u529b\uff1b<\/p>\n<p>&#8211; \u5982\u672a\u6ee1\u8db3\u672c\u6761\u4e2d\u4e0a\u8ff0\u6761\u4ef6\uff0c\u9152\u5e97\u53ef\u4e0d\u5411\u5ba2\u4eba\u63d0\u4f9b\u4f4f\u5bbf\u53ca\u670d\u52a1<\/p>\n<p>&#8211; \u9884\u8ba2\u786e\u8ba4\u4e2d\u6240\u5217\u4fe1\u606f\u5bf9\u53cc\u65b9\u5747\u5177\u6709\u7ea6\u675f\u529b<\/p>\n<p>&nbsp;<\/p>\n<p><b>2. \u4f4f\u5bbf\u53ca\u670d\u52a1\u4ef7\u683c\u3001\u53d6\u6d88\u548c\u4ed8\u6b3e\u6761\u4ef6\uff1a<\/b><\/p>\n<p>&#8211; \u4f4f\u5bbf\u53ca\u5176\u4ed6\u670d\u52a1\u7684\u4ef7\u683c\u6309\u6bcf\u95f4\u5ba2\u623f\u6bcf\u665a\u8ba1\u7b97\uff0c\u9664\u975e\u5ba2\u4eba\u53e6\u6709\u9009\u62e9\uff0c\u5426\u5219\u5305\u542b\u65e9\u9910<\/p>\n<p>&#8211; \u4f4f\u5bbf\u53ca\u5176\u4ed6\u670d\u52a1\u4ef7\u683c\u4e2d\u5df2\u5305\u542b 10% \u7684\u589e\u503c\u7a0e<\/p>\n<p>&#8211; \u5df2\u786e\u8ba4\u9884\u8ba2\u7684\u53d6\u6d88\u53d7\u8fdb\u884c\u8be5\u9884\u8ba2\u65f6\u6240\u4f7f\u7528\u7684\u9884\u8ba2\u7cfb\u7edf\u89c4\u5219\u7ea6\u675f<\/p>\n<p>&#8211; \u5bf9\u4e8e\u901a\u8fc7\u5916\u90e8\u670d\u52a1\u63d0\u4f9b\u5546\uff08\u4f8b\u5982 booking.com\uff09\u63d0\u4ea4\u7684\u9884\u8ba2\uff0c\u5982\u9700\u53d6\u6d88\uff0c\u4e5f\u5fc5\u987b\u901a\u8fc7\u8be5\u670d\u52a1\u63d0\u4f9b\u5546\u5e76\u6309\u7167\u5176\u8981\u6c42\u7684\u65b9\u5f0f\u529e\u7406<\/p>\n<p>&#8211; \u4f4f\u5bbf\u53ca\u5176\u4ed6\u670d\u52a1\u8d39\u7528\u53ef\u7528\u73b0\u91d1\u652f\u4ed8\uff1b\u9152\u5e97\u63a5\u53d7\u6377\u514b\u514b\u6717\uff08CZK\uff09\u548c\u6b27\u5143\uff08EUR\uff09\uff1b\u5982\u4f7f\u7528\u4fe1\u7528\u5361\/\u501f\u8bb0\u5361\u4ed8\u6b3e<\/p>\n<p>&#8211; \u9152\u5e97\u4fdd\u7559\u5bf9\u5ba2\u4eba\u94f6\u884c\u5361\u8fdb\u884c\u9884\u6388\u6743\u7684\u6743\u5229\uff0c\u91d1\u989d\u6700\u9ad8\u53ef\u8fbe\u4f4f\u5bbf\u53ca\u5176\u4ed6\u670d\u52a1\u603b\u4ef7<\/p>\n<p>&#8211; \u5982\u5ba2\u4eba\u5728\u9884\u8ba2\u65e5\u671f\u672a\u5230\u5e97\uff0c\u9884\u8ba2\u5c06\u88ab\u53d6\u6d88\uff0c\u9152\u5e97\u6709\u6743\u6309\u7167\u8be5\u9884\u8ba2\u7684\u53d6\u6d88\u6761\u6b3e\u6536\u53d6\u76f8\u5173\u8d39\u7528<\/p>\n<p>&nbsp;<\/p>\n<p><b>3. \u5ba2\u4eba\u7684\u6743\u5229\u4e0e\u4e49\u52a1\uff1a<\/b><\/p>\n<p>&#8211; \u5ba2\u4eba\u6709\u6743\u4f7f\u7528\u5df2\u9884\u8ba2\u7684\u7a7a\u95f4\u53ca\u5176\u8bbe\u65bd\uff0c\u5e76\u53ef\u4e0e\u5176\u4ed6\u9152\u5e97\u5ba2\u4eba\u5171\u540c\u4f7f\u7528\u9152\u5e97\u516c\u5171\u533a\u57df\u7684\u8bbe\u65bd<\/p>\n<p>&#8211; \u5ba2\u4eba\u5bf9\u5176\u5728\u9152\u5e97\u5185\u9020\u6210\u7684\u6240\u6709\u635f\u5bb3\u8d1f\u8d23\uff0c\u5e76\u540c\u610f\u627f\u62c5\u53ef\u80fd\u53d1\u751f\u7684\u7ef4\u4fee\u3001\u66f4\u6362\u6216\u7279\u6b8a\u6e05\u6d01\u8d39\u7528\uff1b\u8d54\u507f\u91d1\u989d\u7531\u9152\u5e97\u786e\u5b9a<\/p>\n<p>&#8211; \u5ba2\u4eba\u6709\u4e49\u52a1\u5728\u5165\u4f4f\u671f\u95f4\u63d0\u51fa\u6240\u6709\u7f3a\u9677\u53ca\u53ef\u80fd\u5b58\u5728\u7684\u95ee\u9898\uff0c\u4ee5\u4fbf\u53ca\u65f6\u8865\u6551<\/p>\n<p>&#8211; \u9664\u975e\u53e6\u6709\u7ea6\u5b9a\uff0c\u5ba2\u4eba\u6700\u8fdf\u5e94\u4e8e\u79bb\u5e97\u5f53\u65e5\u652f\u4ed8\u4e0e\u4f7f\u7528\u9152\u5e97\u670d\u52a1\u76f8\u5173\u7684\u8d39\u7528\uff0c\u5305\u62ec\u9644\u52a0\u670d\u52a1\uff1b\u5982\u672a\u4ed8\u6b3e\uff0c\u9152\u5e97\u6709\u6743\u5728\u5ba2\u4eba\u79bb\u5e97\u540e\u4ece\u5176\u63d0\u4f9b\u7684\u652f\u4ed8\u5361\u4e2d\u6263\u9664\u76f8\u5e94\u91d1\u989d<\/p>\n<p>&#8211; \u5ba2\u4eba\u53ef\u6839\u636e\u53d6\u6d88\u6761\u4ef6\u89e3\u9664\u5408\u540c\uff0c\u6216\u5728\u9152\u5e97\u672a\u6309\u9152\u5e97\u6807\u51c6\u5411\u5ba2\u4eba\u63d0\u4f9b\u4e8b\u5148\u7ea6\u5b9a\u670d\u52a1\u7684\u60c5\u51b5\u4e0b\u89e3\u9664\u5408\u540c<\/p>\n<p>&#8211; \u5165\u4f4f\u65f6\u95f4\u4e3a\u5230\u8fbe\u5f53\u65e5 15:00 \u8d77\uff1b\u63d0\u524d\u5165\u4f4f\u4ec5\u53ef\u5728\u4e0e\u524d\u53f0\u534f\u5546\u540e\u8fdb\u884c<\/p>\n<p>&#8211; \u9000\u623f\u65f6\u95f4\u4e3a\u79bb\u5e97\u5f53\u65e5 11:00 \u524d\uff1b\u5ef6\u8fdf\u9000\u623f\u53ef\u5728\u4e0e\u524d\u53f0\u534f\u5546\u540e\u8fdb\u884c<\/p>\n<p>&#8211; \u9152\u5e97\u5168\u533a\u57df\u7981\u70df\uff1b\u8fdd\u53cd\u8be5\u89c4\u5b9a\u5e76\u5728\u5ba2\u623f\u6216\u9152\u5e97\u533a\u57df\u5185\u5438\u70df\uff0c\u9152\u5e97\u6709\u6743\u5411\u5ba2\u4eba\u6536\u53d6 200 \u6b27\u5143\u7684\u8fdd\u7ea6\u91d1\uff1b\u7981\u70df\u89c4\u5b9a\u53ca\u76f8\u5173\u8fdd\u7ea6\u91d1\u540c\u6837\u9002\u7528\u4e8e\u7535\u5b50\u70df\u3002<\/p>\n<p>&#8211; 22:00 \u81f3 6:00 \u4e3a\u591c\u95f4\u5b89\u9759\u65f6\u6bb5\uff1b\u5728\u8be5\u65f6\u6bb5\u5185\u4efb\u4f55\u6253\u6270\u5176\u4ed6\u5ba2\u4eba\u7684\u884c\u4e3a\u5747\u88ab\u4e25\u683c\u7981\u6b62\uff08\u5305\u62ec\u5927\u58f0\u64ad\u653e\u97f3\u4e50\u3001\u7535\u89c6\u3001\u5728\u5ba2\u623f\u6216\u8d70\u5eca\u5185\u558a\u53eb\u53ca\u5176\u4ed6\u6270\u6c11\u884c\u4e3a\uff09\uff1b\u5982\u4e25\u91cd\u8fdd\u53cd\u8be5\u89c4\u5b9a\uff0c\u9152\u5e97\u53ef\u5411\u5ba2\u4eba\u6536\u53d6\u6700\u9ad8 400 \u6b27\u5143\u7684\u8fdd\u7ea6\u91d1\uff0c\u5fc5\u8981\u65f6\u53ef\u62a5\u8b66\u5904\u7406<\/p>\n<p>&#8211; \u72ac\u53ea\u53ef\u5728\u9152\u5e97\u786e\u8ba4\u5e76\u652f\u4ed8\u76f8\u5e94\u8d39\u7528\u540e\u5165\u4f4f<\/p>\n<p>&nbsp;<\/p>\n<p><b>4. \u9152\u5e97\u7684\u6743\u5229\u4e0e\u4e49\u52a1\uff1a<\/b><\/p>\n<p>&#8211; \u9152\u5e97\u6709\u4e49\u52a1\u4e3a\u5ba2\u4eba\u63d0\u4f9b\u7b26\u5408\u9152\u5e97\u6807\u51c6\u7684\u4f4f\u5bbf<\/p>\n<p>&#8211; \u5982\u9152\u5e97\u65e0\u6cd5\u6839\u636e\u5df2\u4e8b\u5148\u521b\u5efa\u5e76\u786e\u8ba4\u7684\u9884\u8ba2\u4e3a\u5ba2\u4eba\u5b89\u6392\u4f4f\u5bbf\uff0c\u5219\u6709\u4e49\u52a1\u4e3a\u5ba2\u4eba\u5728\u5176\u4ed6\u8bbe\u65bd\u4e2d\u5b89\u6392\u9002\u5f53\u4f4f\u5bbf<\/p>\n<p>&nbsp;<\/p>\n<p><b>5. \u4e2a\u4eba\u6570\u636e\u7684\u5904\u7406\u4e0e\u4fdd\u62a4<\/b><\/p>\n<p>5.1 \u5ba2\u4eba\u786e\u8ba4\u77e5\u6089\uff0c\u9152\u5e97\u4f5c\u4e3a\u4e2a\u4eba\u6570\u636e\u63a7\u5236\u8005\uff0c\u4f1a\u5904\u7406\u5ba2\u4eba\u7684\u4e2a\u4eba\u6570\u636e\uff08\u5c24\u5176\u662f\u8eab\u4efd\u4fe1\u606f\u3001\u5730\u5740\u4fe1\u606f\u3001\u8ba4\u8bc1\u4fe1\u606f\u3001\u8054\u7cfb\u4fe1\u606f\u3001\u5408\u540c\u5173\u7cfb\u5c65\u884c\u4fe1\u606f\u53ca\u5176\u4ed6\u5fc5\u8981\u7684\u4e2a\u4eba\u6570\u636e\uff0c\u5c24\u5176\u5305\u62ec\uff1a\u59d3\u540d\u3001\u51fa\u751f\u65e5\u671f\u3001\u8054\u7cfb\u7535\u5b50\u90ae\u7bb1\u3001\u8054\u7cfb\u7535\u8bdd\u3001\u8054\u7cfb\u5730\u5740\u3001\u53ef\u80fd\u7684\u8ba4\u8bc1\u6570\u636e\u3001\u8bc1\u4ef6\u53f7\u7801\uff08\u8eab\u4efd\u8bc1\/\u62a4\u7167\uff09\u3001\u5176\u6709\u6548\u671f\u4ee5\u53ca\u7b7e\u53d1\u65e5\u671f\u548c\u5730\u70b9<\/p>\n<p>5.1.1 \u5408\u540c\u7684\u8ba2\u7acb\u4e0e\u5c65\u884c<\/p>\n<p>5.1.2 \u4f4f\u5bbf\u9884\u8ba2\u3001\u4f4f\u5bbf\u3001\u9910\u996e\u53ca\u76f8\u5173\u670d\u52a1<\/p>\n<p>5.1.3 \u5ba3\u4f20\u53ca\u8425\u9500\u6d3b\u52a8<\/p>\n<p>5.1.4 \u4fdd\u62a4\u9152\u5e97\u81ea\u8eab\u6743\u5229\u548c\u6cd5\u5f8b\u4e3b\u5f20\uff1b<\/p>\n<p>5.1.5 \u884c\u653f\u9700\u8981\u3001\u8bb0\u5f55\u4fdd\u5b58\u548c\u7edf\u8ba1\u5236\u4f5c\uff1b<\/p>\n<p>5.1.6 \u5c65\u884c\u4e00\u822c\u6cd5\u5b9a\u4e49\u52a1\u3002<\/p>\n<p>&nbsp;<\/p>\n<p><b>5.2 \u4e3a\u5b9e\u73b0\u4e0a\u8ff0\u76ee\u7684\u800c\u5904\u7406\u4e2a\u4eba\u6570\u636e\u7684\u6cd5\u5f8b\u4f9d\u636e\u5982\u4e0b\uff1a<\/b><\/p>\n<p>5.2.1 \u9152\u5e97\u4e3a\u63d0\u4f9b\u5176\u670d\u52a1\u800c\u4eab\u6709\u7684\u5408\u6cd5\u5229\u76ca\uff0c\u7528\u4e8e\u7b2c 5.1.2 \u70b9\u548c\u7b2c 5.1.3 \u70b9\u6240\u8ff0\u76ee\u7684<\/p>\n<p>5.2.2 \u9152\u5e97\u5728\u53d1\u5c55\u81ea\u8eab\u4e1a\u52a1\u53ca\u83b7\u53d6\u65b0\u5ba2\u6237\u65b9\u9762\u7684\u5408\u6cd5\u5229\u76ca\uff0c\u7528\u4e8e\u7b2c 5.1.6 \u70b9\u6240\u8ff0\u76ee\u7684<\/p>\n<p>5.2.3 \u9152\u5e97\u5728\u59a5\u5584\u4fdd\u62a4\u5e76\u6709\u6548\u4e3b\u5f20\u5176\u6743\u5229\u548c\u8bf7\u6c42\u65b9\u9762\u7684\u5408\u6cd5\u5229\u76ca\uff0c\u7528\u4e8e\u7b2c 5.1.4 \u70b9\u6240\u8ff0\u76ee\u7684<\/p>\n<p>5.2.5 \u9152\u5e97\u5728\u7ba1\u7406\u3001\u8bb0\u5f55\u5df2\u8ba2\u7acb\u5408\u540c\u4ee5\u53ca\u5236\u4f5c\u7edf\u8ba1\u65b9\u9762\u7684\u5408\u6cd5\u5229\u76ca\uff0c\u7528\u4e8e\u7b2c 5.1.5 \u70b9\u6240\u8ff0\u76ee\u7684<\/p>\n<p>5.2.6 \u4e3a\u5c65\u884c\u9152\u5e97\u7684\u6cd5\u5b9a\u4e49\u52a1\uff08\u5c24\u5176\u662f\u7a0e\u52a1\u53ca\u4f1a\u8ba1\u9886\u57df\uff09\u6240\u5fc5\u9700\uff0c\u7528\u4e8e\u7b2c 5.1.6 \u70b9\u6240\u8ff0\u76ee\u7684<\/p>\n<p>&nbsp;<\/p>\n<p><b>5.3 \u4e2a\u4eba\u6570\u636e\u4ec5\u5728\u5b9e\u73b0\u76ee\u7684\u6240\u7edd\u5bf9\u5fc5\u8981\u7684\u671f\u9650\u5185\u5904\u7406\uff0c\u6216\u8005\u5728\u8be5\u76ee\u7684\u4ecd\u7136\u6709\u6548\u671f\u95f4\u5904\u7406\uff0c\u5c24\u5176\u5982\u4e0b\uff1a<\/b><\/p>\n<p>5.3.1 \u4e3a\u7b2c 5.1.1\u30015.1.2\u30015.1.3 \u70b9\u6240\u8ff0\u76ee\u7684\uff0c\u5728\u5408\u540c\u5173\u7cfb\u6709\u6548\u671f\u95f4\u5185\u5904\u7406<\/p>\n<p>5.3.2 \u4e3a\u7b2c 5.1.4 \u70b9\u6240\u8ff0\u76ee\u7684\uff0c\u6700\u957f\u5904\u7406 12\uff08\u5341\u4e8c\uff09\u4e2a\u6708<\/p>\n<p>5.3.3 \u4e3a\u7b2c 5.1.6 \u548c 5.1.7 \u70b9\u6240\u8ff0\u76ee\u7684\uff0c\u5728\u8bc9\u8bbc\u65f6\u6548\u671f\u95f4\u5185\u5904\u7406\uff0c\u5305\u62ec\u8bc9\u8bbc\u65f6\u6548\u4e2d\u6b62\u6216\u4e2d\u65ad\u671f\u95f4\uff0c\u4f46\u901a\u5e38\u4e0d\u8d85\u8fc7\u5408\u540c\u5173\u7cfb\u7ec8\u6b62\u540e 16\uff08\u5341\u516d\uff09\u5e74<\/p>\n<p>5.3.4 \u4e3a\u672c\u901a\u7528\u6761\u6b3e\u7b2c 5.1.7 \u70b9\u6240\u8ff0\u76ee\u7684\uff0c\u5728\u5c65\u884c\u76f8\u5173\u6cd5\u5b9a\u4e49\u52a1\u671f\u95f4\u5185\u5904\u7406\u3002<\/p>\n<p>&nbsp;<\/p>\n<p><b>5.4 \u4e3a\u5b9e\u73b0\u4e0a\u8ff0\u76ee\u7684\uff0c\u7b2c 5.1 \u6b3e\u6240\u8ff0\u4eba\u5458\u7684\u4e2a\u4eba\u6570\u636e\u5c06\u4f20\u9012\u7ed9\u5176\u4ed6\u4f5c\u4e3a\u63a7\u5236\u8005\u548c\u5904\u7406\u8005\u7684\u63a5\u6536\u65b9\u3002\u8be5\u7b49\u63a5\u6536\u65b9\u53ef\u80fd\u5305\u62ec\uff1a<\/b><\/p>\n<p>5.4.1 \u516c\u5171\u884c\u653f\u673a\u5173\uff0c\u4f8b\u5982\u5916\u56fd\u4eba\u8b66\u5bdf\u3001\u8b66\u5bdf\u3001\u6267\u884c\u5458\u3001\u603b\u8d22\u653f\u5c40\u7b49\uff0c\u5728\u6cd5\u5f8b\u8981\u6c42\u9152\u5e97\u8fd9\u6837\u505a\u6216\u4e3a\u4fdd\u62a4\u9152\u5e97\u6743\u5229\u548c\u6cd5\u5f8b\u4e3b\u5f20\u6240\u5fc5\u9700\u7684\u60c5\u51b5\u4e0b\u3002<\/p>\n<p>5.4.2 \u53c2\u4e0e\u5546\u4e1a\u53ca\u8425\u9500\u6c9f\u901a\u8fc7\u7a0b\u7684\u4eba\u5458\uff0c\u4f8b\u5982\u8d1f\u8d23\u90ae\u5bc4\u548c\u7535\u5b50\u90ae\u4ef6\u53d1\u9001\u7684\u4eba\u5458<\/p>\n<p>&nbsp;<\/p>\n<p><b>5.5 \u6570\u636e\u4e3b\u4f53\u6709\u6743\uff1a<\/b><\/p>\n<p>5.5.1 \u8981\u6c42\u8bbf\u95ee\u5176\u4e2a\u4eba\u6570\u636e<\/p>\n<p>5.5.2 \u8981\u6c42\u66f4\u6b63\u3001\u8865\u5145\u6216\u5220\u9664\u4e2a\u4eba\u6570\u636e<\/p>\n<p>5.5.3 \u8981\u6c42\u9650\u5236\u5904\u7406\u4e2a\u4eba\u6570\u636e<\/p>\n<p>5.5.4 \u8981\u6c42\u89e3\u91ca\u4e2a\u4eba\u6570\u636e\u5904\u7406\u60c5\u51b5<\/p>\n<p>5.5.5 \u53cd\u5bf9\u5904\u7406\u4e2a\u4eba\u6570\u636e\uff0c\u5305\u62ec\u53cd\u5bf9\u4e3a\u8425\u9500\u76ee\u7684\u5904\u7406\u2014\u2014\u6570\u636e\u4e3b\u4f53\u6709\u6743\u5728\u7b7e\u8ba2\u5408\u540c\u65f6\u3001\u6bcf\u6b21\u6536\u5230\u5355\u72ec\u5546\u4e1a\u4fe1\u606f\u65f6\uff0c\u6216\u5728\u4efb\u4f55\u5176\u4ed6\u65f6\u95f4\u63d0\u51fa\u8be5\u5f02\u8bae<\/p>\n<p>5.5.6 \u884c\u4f7f\u4e2a\u4eba\u6570\u636e\u53ef\u643a\u5e26\u6743<\/p>\n<p>5.5.7 \u5c31\u4e2a\u4eba\u6570\u636e\u5904\u7406\u5411\u4e2a\u4eba\u6570\u636e\u4fdd\u62a4\u5c40\u63d0\u51fa\u6295\u8bc9\u7684\u6743\u5229\u3002<\/p>\n<p>&nbsp;<\/p>\n<p><b>5.6 \u6240\u6709\u6743\u5229\u5747\u53ef\u901a\u8fc7\u4ee5\u4e0b\u9152\u5e97\u8054\u7cfb\u65b9\u5f0f\u884c\u4f7f\uff1a<\/b><\/p>\n<p>5.6.1 \u7535\u5b50\u90ae\u4ef6\uff1areception@hoteldvorak.com<\/p>\n<p>&nbsp;<\/p>\n<p>5.7 \u9152\u5e97\u6709\u4e49\u52a1\u6309\u7167\u672c\u7b2c 5 \u6761\u6240\u5217\u4fe1\u606f\u8303\u56f4\uff0c\u5411\u7b2c 5.1 \u6b3e\u6240\u8ff0\u7684\u6570\u636e\u4e3b\u4f53\u544a\u77e5\u5176\u4e2a\u4eba\u6570\u636e\u5904\u7406\u60c5\u51b5\u3002\u9152\u5e97\u8fd8\u6709\u4e49\u52a1\u81ea\u751f\u6548\u8d77\u65e0\u4e0d\u5f53\u5ef6\u8fdf\u5730\u544a\u77e5\u6570\u636e\u4e3b\u4f53\uff0c\u5176\u4e2a\u4eba\u6570\u636e\u5df2\u88ab\u4f20\u9012\u7ed9\u9152\u5e97\u7684\u63a5\u6536\u65b9\u6216\u4e2a\u4eba\u6570\u636e\u5904\u7406\u8005\u3002\u9152\u5e97\u5e94\u8003\u8651\u5177\u4f53\u60c5\u51b5\u53ca\u6570\u636e\u4e3b\u4f53\u7684\u7406\u89e3\u80fd\u529b\uff0c\u4ee5\u6613\u4e8e\u7406\u89e3\u7684\u5f62\u5f0f\u63d0\u4f9b\u8be5\u7b49\u4fe1\u606f<\/p>\n<p>&nbsp;<\/p>\n<p>5.8 \u9152\u5e97\u6839\u636e\u7b2c 5.7 \u6b3e\u5411\u6570\u636e\u4e3b\u4f53\u5c65\u884c\u544a\u77e5\u4e49\u52a1\u7684\u8981\u6c42\uff0c\u540c\u6837\u9002\u7528\u4e8e\u4e0e\u5904\u7406\u4fe1\u606f\u6709\u5173\u7684\u4efb\u4f55\u53d8\u66f4\u3002<\/p>\n<p>&nbsp;<\/p>\n<p>5.9 \u9152\u5e97\u4e0e\u5ba2\u4eba\u786e\u8ba4\uff0c\u672c\u7b2c 5 \u6761\u6240\u8f7d\u4fe1\u606f\u4e0d\u6784\u6210\u5408\u540c\u7ea6\u5b9a\u3002\u9152\u5e97\u6709\u4e49\u52a1\u4fdd\u6301\u8be5\u5904\u7406\u4fe1\u606f\u7684\u6700\u65b0\u72b6\u6001\uff0c\u56e0\u6b64\u5bf9\u5176\u53d8\u66f4\u4e0d\u9002\u7528\u9650\u5236\u3002\u9152\u5e97\u6709\u6743\u968f\u65f6\u53d8\u66f4\u8be5\u7b49\u4fe1\u606f\uff0c\u5e76\u901a\u8fc7\u7535\u5b50\u65b9\u5f0f\u901a\u77e5\u5ba2\u4eba\u3002<\/p>\n<p>&nbsp;<\/p>\n<p><b>6. \u4e2a\u4eba\u6570\u636e\u5904\u7406\u539f\u5219<\/b><\/p>\n<p>6.1 \u6709\u5173\u4e2a\u4eba\u6570\u636e\u4fdd\u62a4\u4e0e\u5b89\u5168\u7684\u4fe1\u606f\u8f7d\u4e8e\u300a\u4e2a\u4eba\u6570\u636e\u5904\u7406\u539f\u5219\u300b\uff0c\u5e76\u516c\u5e03\u4e8e\u9152\u5e97\u7f51\u7ad9<\/p>\n<p>&nbsp;<\/p>\n<p>&nbsp;<\/p>\n<p>&nbsp;<\/p>\n<p>&nbsp;<\/p>\n<p>&nbsp;<\/p>\n<p><b>7. \u4e89\u8bae\u89e3\u51b3<\/b><\/p>\n<p>\u5982\u679c\u6d88\u8d39\u8005\u4e0e\u6211\u4eec\u4e4b\u95f4\u56e0\u4e70\u5356\u5408\u540c\u6216\u670d\u52a1\u5408\u540c\u4ea7\u751f\u6d88\u8d39\u8005\u4e89\u8bae\uff0c\u4e14\u65e0\u6cd5\u901a\u8fc7\u534f\u5546\u89e3\u51b3\uff0c\u6d88\u8d39\u8005\u53ef\u5411\u8d1f\u8d23\u6d88\u8d39\u8005\u4e89\u8bae\u5ead\u5916\u89e3\u51b3\u7684\u6307\u5b9a\u673a\u6784\u63d0\u51fa\u7533\u8bf7\uff0c\u8be5\u673a\u6784\u4e3a<\/p>\n<p>&nbsp;<\/p>\n<p>\u6377\u514b\u8d38\u6613\u68c0\u67e5\u5c40<\/p>\n<p>\u4e2d\u592e\u76d1\u5bdf\u5c40 \u2013 ADR \u90e8\u95e8<\/p>\n<p>\u0160t\u011bp\u00e1nsk\u00e1 15<\/p>\n<p>120 00 Praha 2<\/p>\n<p>&nbsp;<\/p>\n<p>Email: adr@coi.cz<\/p>\n<p>Web: adr.coi.cz<\/p>\n<p>&nbsp;<\/p>\n<p><b>8. \u6700\u7ec8\u6761\u6b3e<\/b><\/p>\n<p>&#8211; \u672c\u6761\u6b3e\u81ea 2020 \u5e74 1 \u6708 1 \u65e5\u8d77\u6709\u6548\uff0c\u9152\u5e97\u4fdd\u7559\u4fee\u6539\u672c\u6761\u6b3e\u7684\u6743\u5229\uff1b\u5ba2\u4eba\u6709\u4e49\u52a1\u9075\u5b88\u6700\u65b0\u6709\u6548\u6761\u6b3e<\/p>\n<p>&nbsp;<\/p>\t\t\t\t\t\t\t\t<\/div>\n\t\t\t\t\t<\/div>\n\t\t\t\t<\/div>\n\t\t\t\t<\/div>\n\t\t","protected":false},"excerpt":{"rendered":"<p>Hotel Dvo\u0159\u00e1k**** \u010cesk\u00fd Krumlov CzechAg s.r.o., Chl\u00e1dkov [&hellip;]<\/p>\n","protected":false},"author":1,"featured_media":0,"parent":0,"menu_order":0,"comment_status":"closed","ping_status":"open","template":"","meta":{"_acf_changed":false,"footnotes":""},"class_list":["post-9326","page","type-page","status-publish","hentry"],"acf":[],"_links":{"self":[{"href":"https:\/\/hoteldvorak.com\/zh-hans\/wp-json\/wp\/v2\/pages\/9326","targetHints":{"allow":["GET"]}}],"collection":[{"href":"https:\/\/hoteldvorak.com\/zh-hans\/wp-json\/wp\/v2\/pages"}],"about":[{"href":"https:\/\/hoteldvorak.com\/zh-hans\/wp-json\/wp\/v2\/types\/page"}],"author":[{"embeddable":true,"href":"https:\/\/hoteldvorak.com\/zh-hans\/wp-json\/wp\/v2\/users\/1"}],"replies":[{"embeddable":true,"href":"https:\/\/hoteldvorak.com\/zh-hans\/wp-json\/wp\/v2\/comments?post=9326"}],"version-history":[{"count":4,"href":"https:\/\/hoteldvorak.com\/zh-hans\/wp-json\/wp\/v2\/pages\/9326\/revisions"}],"predecessor-version":[{"id":9510,"href":"https:\/\/hoteldvorak.com\/zh-hans\/wp-json\/wp\/v2\/pages\/9326\/revisions\/9510"}],"wp:attachment":[{"href":"https:\/\/hoteldvorak.com\/zh-hans\/wp-json\/wp\/v2\/media?parent=9326"}],"curies":[{"name":"wp","href":"https:\/\/api.w.org\/{rel}","templated":true}]}}